{"id":720534,"date":"2025-08-27T18:37:20","date_gmt":"2025-08-27T15:37:20","guid":{"rendered":"https:\/\/roveyayinevi.com.tr\/index.php\/urun\/evlat-2\/"},"modified":"2026-04-16T02:28:39","modified_gmt":"2026-04-15T23:28:39","slug":"evlat-2","status":"publish","type":"product","link":"https:\/\/roveyayinevi.com.tr\/index.php\/urun\/evlat-2\/","title":{"rendered":"Evlat"},"content":{"rendered":"<p>\u0130ster \u00e2lim ol ister zalim; d\u00fcnyadaki ilk rol\u00fcn evlat olmakt\u0131. \u00d6nce anne babalar\u0131m\u0131z\u0131n sonra da bu toplumun evlatlar\u0131 olduk. Toplum bir kanavi\u00e7e gibi ince ince i\u015flenmi\u015f reng\u00e2renk bir tablo. Her bir evlat o tabloda k\u00fc\u00e7\u00fcc\u00fck bir nokta! K\u00fc\u00e7\u00fcc\u00fck bir nokta olsak da tabloda yerimiz belli, rengimiz belli, di\u011fer noktalarla uyumumuz, ahengimiz belli. Hepimiz farkl\u0131 renkteki iplerle i\u015fte b\u00f6yle birbirimize ba\u011flanm\u0131\u015f\u0131z. \u00d6z\u00fcm\u00fczdeki renkler bir b\u00fct\u00fcne can vermi\u015f. \u00d6zdeki o rengin solmas\u0131, tablonun g\u00fczelli\u011fini, ahengini etkilemi\u015f. Bu kitap, t\u00fcm evlatlar g\u00fczel s\u00f6zler duysunlar, do\u011fru muamele g\u00f6rerek sevgi hamuru ile yo\u011frulsunlar diye yaz\u0131ld\u0131. Bir evlat olan kendim i\u00e7in, senin i\u00e7in, d\u00fcnyaya gelmesine vesile oldu\u011fumuz \u00e7ocuklar\u0131m\u0131z i\u00e7in, \u00e7ocukla \u00e7al\u0131\u015fan, kendiyle \u00e7eli\u015fen herkes i\u00e7in yaz\u0131ld\u0131.   Bu Kitapta Neler Var?   Bu kitapta, bir yandan bir akademisyenin hayat yolculu\u011funu anlat\u0131rken bir yandan da;   Kriz anlar\u0131 i\u00e7in \u00e7\u00f6z\u00fcm \u00f6nerileri Bebeklik ve erken \u00e7ocukluk d\u00f6neminde beyin geli\u015fimine k\u0131sa bir bak\u0131\u015f Baban\u0131n \u00e7ocuk geli\u015fimindeki rol\u00fc Erken \u00e7ocukluk d\u00f6neminde \u00f6zg\u00fcven geli\u015fimi \u00c7ocukla ileti\u015fimde kullan\u0131lan kelimeler ve \u00f6nemi Erken \u00e7ocukluk d\u00f6neminde hareket ihtiyac\u0131 \u00c7ocuk geli\u015fiminde oyun ve kaliteli zaman \u00c7ocuk ve kitap Erken \u00e7ocukluk d\u00f6neminde televizyon ve tablet kullan\u0131m\u0131 \u00c7ocukluk \u00e7a\u011f\u0131 mast\u00fcrbasyonu Erken \u00e7ocukluk d\u00f6neminde oyuncak ve renk tercihleri Karde\u015f k\u0131skan\u00e7l\u0131\u011f\u0131 Erken \u00e7ocukluk d\u00f6neminde bo\u015fanma Erken \u00e7ocukluk d\u00f6neminde \u00f6l\u00fcm kavram\u0131 Akademisyen Anne\u2019nin yeni kitab\u0131 sizlerle, keyifli okumalar<\/p>\n","protected":false},"excerpt":{"rendered":"<p>\u0130ster \u00e2lim ol ister zalim; d\u00fcnyadaki ilk rol\u00fcn evlat olmakt\u0131. \u00d6nce anne babalar\u0131m\u0131z\u0131n sonra da bu toplumun evlatlar\u0131 olduk. Toplum bir kanavi\u00e7e gibi ince ince i\u015flenmi\u015f<span class=\"excerpt-hellip\"> [\u2026]<\/span><\/p>\n","protected":false},"featured_media":0,"template":"","meta":{"_monsterinsights_skip_tracking":false,"_monsterinsights_sitenote_active":false,"_monsterinsights_sitenote_note":"","_monsterinsights_sitenote_category":0},"product_brand":[],"product_cat":[17996,12364],"product_tag":[],"class_list":{"0":"post-720534","1":"product","2":"type-product","3":"status-publish","5":"product_cat-ebeveyn-kitaplari","6":"product_cat-genel-konular","7":"pa_cilt-ciltsiz","8":"pa_tur-kitap","9":"pa_yayinevi-elma-yayinevi","10":"pa_yazar-saniye-bencik-kangal","12":"first","13":"instock","14":"sale","15":"shipping-taxable","16":"purchasable","17":"product-type-simple"},"_links":{"self":[{"href":"https:\/\/roveyayinevi.com.tr\/index.php\/wp-json\/wp\/v2\/product\/720534","targetHints":{"allow":["GET"]}}],"collection":[{"href":"https:\/\/roveyayinevi.com.tr\/index.php\/wp-json\/wp\/v2\/product"}],"about":[{"href":"https:\/\/roveyayinevi.com.tr\/index.php\/wp-json\/wp\/v2\/types\/product"}],"wp:attachment":[{"href":"https:\/\/roveyayinevi.com.tr\/index.php\/wp-json\/wp\/v2\/media?parent=720534"}],"wp:term":[{"taxonomy":"product_brand","embeddable":true,"href":"https:\/\/roveyayinevi.com.tr\/index.php\/wp-json\/wp\/v2\/product_brand?post=720534"},{"taxonomy":"product_cat","embeddable":true,"href":"https:\/\/roveyayinevi.com.tr\/index.php\/wp-json\/wp\/v2\/product_cat?post=720534"},{"taxonomy":"product_tag","embeddable":true,"href":"https:\/\/roveyayinevi.com.tr\/index.php\/wp-json\/wp\/v2\/product_tag?post=720534"}],"curies":[{"name":"wp","href":"https:\/\/api.w.org\/{rel}","templated":true}]}}