{"id":720532,"date":"2025-08-27T18:37:18","date_gmt":"2025-08-27T15:37:18","guid":{"rendered":"https:\/\/roveyayinevi.com.tr\/index.php\/urun\/devriye\/"},"modified":"2026-04-08T02:36:09","modified_gmt":"2026-04-07T23:36:09","slug":"devriye","status":"publish","type":"product","link":"https:\/\/roveyayinevi.com.tr\/index.php\/urun\/devriye\/","title":{"rendered":"Devriye"},"content":{"rendered":"<p>G\u00fcne\u015f do\u011far, g\u00fcnd\u00fcz olur. Yerine ay \u00e7\u0131kar, gece olur.   G\u00fcnler ge\u00e7er; k\u0131\u015f bahar, bahar yaz olur, mevsim ba\u015fa d\u00f6ner.   Tohum k\u00f6k olur, k\u00f6k a\u011faca d\u00f6ner; a\u011fa\u00e7 meyve verir, \u00e7ekirdek topra\u011fa d\u00fc\u015fer, yeniden tohum olur.   D\u00fcnya ve k\u00e2inattaki her \u015fey bir d\u00f6ng\u00fcden ibarettir.   Tekrar do\u011fu\u015f t\u0131pk\u0131 g\u00fcne\u015fin batmas\u0131 ve sonra karanl\u0131ktan do\u011fmas\u0131 gibi bir dola\u015f\u0131md\u0131r.   Bir tam devirdir. Bu adil d\u00f6ng\u00fcd\u00fcr. Bozulmaz bir ahenktir.   Annesini kaybettikten sonra Efe\u2019nin hayat\u0131ndaki t\u00fcm dengeler bir bir yerinden oynar ve ya\u015fama dair t\u00fcm bildikleri alt\u00fcst olur. Efe ailesiyle ilgili s\u0131rlar a\u00e7\u0131\u011fa \u00e7\u0131kt\u0131ktan sonra ak\u0131l hastanesinde kalan teyzesiyle tan\u0131\u015f\u0131r. Teyzesinin ak\u0131l hastanesindeki odas\u0131n\u0131n duvarlar\u0131na \u00e7izdi\u011fi i\u015faretler ve dedesinden kalan bir par\u015f\u00f6men ise onu hi\u00e7 bilmedi\u011fi bir d\u00fcnyaya do\u011fru s\u00fcr\u00fckler. Efe bir cevap bulmak i\u00e7in bulu\u015ftu\u011fu Dervi\u015f\u2019le tasavvuf \u00f6\u011fretilerinden Budizm\u2019e, kutsal kitaplardan Tibet \u00d6l\u00fcler Kitab\u0131\u2019na dek pek \u00e7ok kaynakta tekrar do\u011fu\u015fun izlerini s\u00fcrer. Ancak fark\u0131nda olmad\u0131\u011f\u0131 bir \u015fey vard\u0131r: S\u0131rr\u0131 koruyanlar onun pe\u015fine d\u00fc\u015fm\u00fc\u015ft\u00fcr. Tan\u0131d\u0131\u011f\u0131 herkes yava\u015f yava\u015f mistik bir maceraya s\u00fcr\u00fcklenirken, bunun bir kedi fare oyunundan \u00e7ok daha fazlas\u0131 oldu\u011fu ortaya \u00e7\u0131kacakt\u0131r.   Bu asl\u0131nda Devriye ile Lethe\u2019nin sonsuz sava\u015f\u0131d\u0131r. <\/p>\n","protected":false},"excerpt":{"rendered":"<p>G\u00fcne\u015f do\u011far, g\u00fcnd\u00fcz olur. Yerine ay \u00e7\u0131kar, gece olur. G\u00fcnler ge\u00e7er; k\u0131\u015f bahar, bahar yaz olur, mevsim ba\u015fa d\u00f6ner. Tohum k\u00f6k olur, k\u00f6k a\u011faca d\u00f6ner; a\u011fa\u00e7<span class=\"excerpt-hellip\"> [\u2026]<\/span><\/p>\n","protected":false},"featured_media":0,"template":"","meta":{"_monsterinsights_skip_tracking":false,"_monsterinsights_sitenote_active":false,"_monsterinsights_sitenote_note":"","_monsterinsights_sitenote_category":0},"product_brand":[],"product_cat":[12291,12711],"product_tag":[],"class_list":{"0":"post-720532","1":"product","2":"type-product","3":"status-publish","5":"product_cat-edebiyat","6":"product_cat-roman-oyku","7":"pa_cilt-ciltsiz","8":"pa_tur-kitap","9":"pa_yayinevi-nemesis-kitap","10":"pa_yazar-orcun-fida","12":"first","13":"instock","14":"sale","15":"shipping-taxable","16":"purchasable","17":"product-type-simple"},"_links":{"self":[{"href":"https:\/\/roveyayinevi.com.tr\/index.php\/wp-json\/wp\/v2\/product\/720532","targetHints":{"allow":["GET"]}}],"collection":[{"href":"https:\/\/roveyayinevi.com.tr\/index.php\/wp-json\/wp\/v2\/product"}],"about":[{"href":"https:\/\/roveyayinevi.com.tr\/index.php\/wp-json\/wp\/v2\/types\/product"}],"wp:attachment":[{"href":"https:\/\/roveyayinevi.com.tr\/index.php\/wp-json\/wp\/v2\/media?parent=720532"}],"wp:term":[{"taxonomy":"product_brand","embeddable":true,"href":"https:\/\/roveyayinevi.com.tr\/index.php\/wp-json\/wp\/v2\/product_brand?post=720532"},{"taxonomy":"product_cat","embeddable":true,"href":"https:\/\/roveyayinevi.com.tr\/index.php\/wp-json\/wp\/v2\/product_cat?post=720532"},{"taxonomy":"product_tag","embeddable":true,"href":"https:\/\/roveyayinevi.com.tr\/index.php\/wp-json\/wp\/v2\/product_tag?post=720532"}],"curies":[{"name":"wp","href":"https:\/\/api.w.org\/{rel}","templated":true}]}}