{"id":720531,"date":"2025-08-27T18:37:17","date_gmt":"2025-08-27T15:37:17","guid":{"rendered":"https:\/\/roveyayinevi.com.tr\/index.php\/urun\/golgelerin-arasindan\/"},"modified":"2026-04-16T02:28:39","modified_gmt":"2026-04-15T23:28:39","slug":"golgelerin-arasindan","status":"publish","type":"product","link":"https:\/\/roveyayinevi.com.tr\/index.php\/urun\/golgelerin-arasindan\/","title":{"rendered":"G\u00f6lgelerin Aras\u0131ndan"},"content":{"rendered":"<p>\u201cMuhte\u015fem bir tuhafl\u0131\u011f\u0131 var&#8230; Birbirimizle ba\u011f kurmaya yo\u0308nelik insani arzumuz \u00fczerine Kafkaesk bir anlat\u0131.\u201dKirkus Reviews\u0130\u015fini kaybetti\u011finden beri Dami\u00e1n Lobo\u2019nun kafas\u0131 kar\u0131\u015f\u0131kt\u0131r. Zihninde canland\u0131rd\u0131\u011f\u0131 bir televizyon st\u00fcdyosunda, kurnaz bir \u015fovmene tuhaf r\u00f6portajlar vermek d\u0131\u015f\u0131nda yapt\u0131\u011f\u0131 pek fazla bir \u015fey yoktur. Bir g\u00fcn Dami\u00e1n bir antika pazar\u0131nda gezerken k\u00fc\u00e7\u00fck bir h\u0131rs\u0131zl\u0131k yapar ve eski bir dolab\u0131n i\u00e7ine saklanmak zorunda kal\u0131r. D\u0131\u015far\u0131 \u00e7\u0131kamay\u0131nca da kendini dolapla beraber Lucia ve Fede ile k\u00fc\u00e7\u00fck k\u0131zlar\u0131n\u0131n evinde, ebeveyn yatak odas\u0131nda bulur.Bulundu\u011fu gizli kovuktan, \u201cg\u00f6lgelerin aras\u0131ndan\u201d aileyi g\u00f6zlemlemeye ba\u015flayan Dami\u00e1n evde g\u00f6r\u00fcnmez bir k\u00e2hya gibi \u00e7al\u0131\u015fmaya ba\u015flarken bu her \u015feyden habersiz aileyle g\u00fc\u00e7l\u00fc bir ba\u011f kurar. \u00d6zellikle de Lucia\u2019n\u0131n duygular\u0131, korku ve d\u00fc\u015fleri kar\u015f\u0131s\u0131nda gitgide hassasla\u015f\u0131r.Olay \u00f6rg\u00fcs\u00fcn\u00fcn ustaca dokundu\u011fu bu romanda, \u0130spanya\u2019n\u0131n ya\u015fayan en b\u00fcy\u00fck yazarlar\u0131ndan Mill\u00e1s, fantastik olanla ger\u00e7ek olan\u0131 kara mizahla harmanlayarak modern aile ya\u015fam\u0131na, kapitalist yabanc\u0131la\u015fmaya ve ak\u0131l sa\u011fl\u0131\u011f\u0131na dair \u00e7ok y\u00f6nl\u00fc bir anlat\u0131 kuruyor.<\/p>\n","protected":false},"excerpt":{"rendered":"<p>\u201cMuhte\u015fem bir tuhafl\u0131\u011f\u0131 var&#8230; Birbirimizle ba\u011f kurmaya yo\u0308nelik insani arzumuz \u00fczerine Kafkaesk bir anlat\u0131.\u201dKirkus Reviews\u0130\u015fini kaybetti\u011finden beri Dami\u00e1n Lobo\u2019nun kafas\u0131 kar\u0131\u015f\u0131kt\u0131r. Zihninde canland\u0131rd\u0131\u011f\u0131 bir televizyon st\u00fcdyosunda,<span class=\"excerpt-hellip\"> [\u2026]<\/span><\/p>\n","protected":false},"featured_media":0,"template":"","meta":{"_monsterinsights_skip_tracking":false,"_monsterinsights_sitenote_active":false,"_monsterinsights_sitenote_note":"","_monsterinsights_sitenote_category":0},"product_brand":[],"product_cat":[12291,12711],"product_tag":[],"class_list":{"0":"post-720531","1":"product","2":"type-product","3":"status-publish","5":"product_cat-edebiyat","6":"product_cat-roman-oyku","7":"pa_cilt-ciltsiz","8":"pa_tur-kitap","9":"pa_yayinevi-kafka-yayinevi","10":"pa_yazar-juan-jose-millas","12":"first","13":"instock","14":"sale","15":"shipping-taxable","16":"purchasable","17":"product-type-simple"},"_links":{"self":[{"href":"https:\/\/roveyayinevi.com.tr\/index.php\/wp-json\/wp\/v2\/product\/720531","targetHints":{"allow":["GET"]}}],"collection":[{"href":"https:\/\/roveyayinevi.com.tr\/index.php\/wp-json\/wp\/v2\/product"}],"about":[{"href":"https:\/\/roveyayinevi.com.tr\/index.php\/wp-json\/wp\/v2\/types\/product"}],"wp:attachment":[{"href":"https:\/\/roveyayinevi.com.tr\/index.php\/wp-json\/wp\/v2\/media?parent=720531"}],"wp:term":[{"taxonomy":"product_brand","embeddable":true,"href":"https:\/\/roveyayinevi.com.tr\/index.php\/wp-json\/wp\/v2\/product_brand?post=720531"},{"taxonomy":"product_cat","embeddable":true,"href":"https:\/\/roveyayinevi.com.tr\/index.php\/wp-json\/wp\/v2\/product_cat?post=720531"},{"taxonomy":"product_tag","embeddable":true,"href":"https:\/\/roveyayinevi.com.tr\/index.php\/wp-json\/wp\/v2\/product_tag?post=720531"}],"curies":[{"name":"wp","href":"https:\/\/api.w.org\/{rel}","templated":true}]}}