{"id":720529,"date":"2025-08-27T18:37:15","date_gmt":"2025-08-27T15:37:15","guid":{"rendered":"https:\/\/roveyayinevi.com.tr\/index.php\/urun\/pilot-ne-yapar\/"},"modified":"2026-04-16T02:28:39","modified_gmt":"2026-04-15T23:28:39","slug":"pilot-ne-yapar","status":"publish","type":"product","link":"https:\/\/roveyayinevi.com.tr\/index.php\/urun\/pilot-ne-yapar\/","title":{"rendered":"Pilot Ne Yapar?"},"content":{"rendered":"<p>Yolu a\u00e7\u0131n, itfaiye arac\u0131 geliyor! Yang\u0131n \u00e7\u0131km\u0131\u015f, alevler y\u00fckseliyor. Tela\u015flanmay\u0131n, itfaiyeciler geliyor! \u00d6zel k\u0131yafetleri, upuzun hortumlar\u0131 ve merdivenli ara\u00e7lar\u0131yla dakikalar i\u00e7inde buradalar. Sadece yang\u0131n da de\u011fil, pek \u00e7ok acil durumda kahraman itfaiyeciler hep yan\u0131m\u0131zdalar.\u0130\u015eTE SANA \u0130TFA\u0130YEC\u0130LER VE KULLANDIKLARI \u0130LG\u0130N\u00c7 ARA\u00c7 GERE\u00c7LER HAKKINDA HAR\u0130KA B\u0130LG\u0130LERLE DOLU B\u0130R K\u0130TAP. NE YAPAR? Serisi hakk\u0131nda: B\u00fcy\u00fcy\u00fcnce ne olsam? \u00c7ocuklardan s\u0131k s\u0131k i\u015fitti\u011fimiz bu soruya \u00fcnl\u00fc Bel\u00e7ikal\u0131 \u00e7ocuk kitab\u0131 yazar ve \u00e7izeri Liesbet Slegers&#8217;in pek \u00e7ok yan\u0131t\u0131 var. 12 dilde yay\u0131mlanan 10 kitapl\u0131k NE YAPAR? serisi sevimli tasar\u0131m\u0131 ve e\u011flenceli metinleriyle \u00e7ocuklarla bulu\u015fuyor. \u00c7ocuklar, a\u015f\u00e7\u0131lar\u0131n yeni lezzetler yaratt\u0131klar\u0131 mutfaklar\u0131n\u0131 ziyaret ediyor, hepimizin kahraman\u0131 olan itfaiyecilerle tan\u0131\u015f\u0131p pilotlarla g\u00f6ky\u00fcz\u00fcne \u00e7\u0131k\u0131yorlar. \u0130sterlerse \u00e7ift\u00e7i olup s\u00fct sa\u011f\u0131yor, sebze meyve yeti\u015ftiriyor, isterlerse arkeolog olup haval\u0131 aletlerle tarihin gizemli derinliklerine iniyorlar. Kitab\u0131n sonunda ise onlar\u0131 e\u011flenceli s\u00fcrprizler bekliyor: Hazinelerini g\u00f6mebilir, do\u011fru hortumu bulup itfaiyecilere yang\u0131n\u0131 s\u00f6nd\u00fcrmelerinde yard\u0131m edebilir ya da daha \u00f6nce denemedikleri yeni tatlar\u0131 ke\u015ffedebilirler.<\/p>\n","protected":false},"excerpt":{"rendered":"<p>Yolu a\u00e7\u0131n, itfaiye arac\u0131 geliyor! Yang\u0131n \u00e7\u0131km\u0131\u015f, alevler y\u00fckseliyor. Tela\u015flanmay\u0131n, itfaiyeciler geliyor! \u00d6zel k\u0131yafetleri, upuzun hortumlar\u0131 ve merdivenli ara\u00e7lar\u0131yla dakikalar i\u00e7inde buradalar. Sadece yang\u0131n da de\u011fil,<span class=\"excerpt-hellip\"> [\u2026]<\/span><\/p>\n","protected":false},"featured_media":0,"template":"","meta":{"_monsterinsights_skip_tracking":false,"_monsterinsights_sitenote_active":false,"_monsterinsights_sitenote_note":"","_monsterinsights_sitenote_category":0},"product_brand":[],"product_cat":[12274,15842],"product_tag":[],"class_list":{"0":"post-720529","1":"product","2":"type-product","3":"status-publish","5":"product_cat-cocuk-ve-genclik-kitaplari","6":"product_cat-egitici-kitaplar","7":"pa_cilt-ciltsiz","8":"pa_tur-kitap","9":"pa_yayinevi-domingo-yayinevi","10":"pa_yazar-liesbet-slegers","12":"first","13":"instock","14":"sale","15":"shipping-taxable","16":"purchasable","17":"product-type-simple"},"_links":{"self":[{"href":"https:\/\/roveyayinevi.com.tr\/index.php\/wp-json\/wp\/v2\/product\/720529","targetHints":{"allow":["GET"]}}],"collection":[{"href":"https:\/\/roveyayinevi.com.tr\/index.php\/wp-json\/wp\/v2\/product"}],"about":[{"href":"https:\/\/roveyayinevi.com.tr\/index.php\/wp-json\/wp\/v2\/types\/product"}],"wp:attachment":[{"href":"https:\/\/roveyayinevi.com.tr\/index.php\/wp-json\/wp\/v2\/media?parent=720529"}],"wp:term":[{"taxonomy":"product_brand","embeddable":true,"href":"https:\/\/roveyayinevi.com.tr\/index.php\/wp-json\/wp\/v2\/product_brand?post=720529"},{"taxonomy":"product_cat","embeddable":true,"href":"https:\/\/roveyayinevi.com.tr\/index.php\/wp-json\/wp\/v2\/product_cat?post=720529"},{"taxonomy":"product_tag","embeddable":true,"href":"https:\/\/roveyayinevi.com.tr\/index.php\/wp-json\/wp\/v2\/product_tag?post=720529"}],"curies":[{"name":"wp","href":"https:\/\/api.w.org\/{rel}","templated":true}]}}