{"id":720527,"date":"2025-08-27T18:37:14","date_gmt":"2025-08-27T15:37:14","guid":{"rendered":"https:\/\/roveyayinevi.com.tr\/index.php\/urun\/ciftci-ne-yapar\/"},"modified":"2026-04-16T02:28:39","modified_gmt":"2026-04-15T23:28:39","slug":"ciftci-ne-yapar","status":"publish","type":"product","link":"https:\/\/roveyayinevi.com.tr\/index.php\/urun\/ciftci-ne-yapar\/","title":{"rendered":"\u00c7ift\u00e7i Ne Yapar?"},"content":{"rendered":"<p>M\u00f6\u00f6\u00f6\u00f6&#8230; G\u0131t g\u0131t g\u0131daaaak&#8230; Meeeeee&#8230; \u00c7ift\u00e7i sabah erkenden uyan\u0131yor. \u00c7\u00fcnk\u00fc \u00e7ok i\u015fi var: Hayvanlar\u0131 besleyecek, inekleri sa\u011facak, yumurtalar\u0131 toplayacak, dev trakt\u00f6r\u00fcn\u00fcn de yard\u0131m\u0131yla tarlas\u0131na m\u0131s\u0131r, patates, bu\u011fday ekip bi\u00e7ecek&#8230; Biz de sayesinde lezzetli sandvi\u00e7ler yiyip tazecik s\u00fct\u00fcm\u00fcz\u00fc yudumlayaca\u011f\u0131z.\u0130\u015eTE SANA \u00c7\u0130FT\u00c7\u0130 VE \u00dcRETT\u0130\u011e\u0130 LEZZETL\u0130 GIDALAR HAKKINDA HAR\u0130KA B\u0130LG\u0130LERLE DOLU B\u0130R K\u0130TAP. NE YAPAR? Serisi hakk\u0131nda: B\u00fcy\u00fcy\u00fcnce ne olsam? \u00c7ocuklardan s\u0131k s\u0131k i\u015fitti\u011fimiz bu soruya \u00fcnl\u00fc Bel\u00e7ikal\u0131 \u00e7ocuk kitab\u0131 yazar ve \u00e7izeri Liesbet Slegers&#8217;in pek \u00e7ok yan\u0131t\u0131 var. 12 dilde yay\u0131mlanan 10 kitapl\u0131k NE YAPAR? serisi sevimli tasar\u0131m\u0131 ve e\u011flenceli metinleriyle \u00e7ocuklarla bulu\u015fuyor. \u00c7ocuklar, a\u015f\u00e7\u0131lar\u0131n yeni lezzetler yaratt\u0131klar\u0131 mutfaklar\u0131n\u0131 ziyaret ediyor, hepimizin kahraman\u0131 olan itfaiyecilerle tan\u0131\u015f\u0131p pilotlarla g\u00f6ky\u00fcz\u00fcne \u00e7\u0131k\u0131yorlar. \u0130sterlerse \u00e7ift\u00e7i olup s\u00fct sa\u011f\u0131yor, sebze meyve yeti\u015ftiriyor, isterlerse arkeolog olup haval\u0131 aletlerle tarihin gizemli derinliklerine iniyorlar. Kitab\u0131n sonunda ise onlar\u0131 e\u011flenceli s\u00fcrprizler bekliyor: Hazinelerini g\u00f6mebilir, do\u011fru hortumu bulup itfaiyecilere yang\u0131n\u0131 s\u00f6nd\u00fcrmelerinde yard\u0131m edebilir ya da daha \u00f6nce denemedikleri yeni tatlar\u0131 ke\u015ffedebilirler.<\/p>\n","protected":false},"excerpt":{"rendered":"<p>M\u00f6\u00f6\u00f6\u00f6&#8230; G\u0131t g\u0131t g\u0131daaaak&#8230; Meeeeee&#8230; \u00c7ift\u00e7i sabah erkenden uyan\u0131yor. \u00c7\u00fcnk\u00fc \u00e7ok i\u015fi var: Hayvanlar\u0131 besleyecek, inekleri sa\u011facak, yumurtalar\u0131 toplayacak, dev trakt\u00f6r\u00fcn\u00fcn de yard\u0131m\u0131yla tarlas\u0131na m\u0131s\u0131r, patates,<span class=\"excerpt-hellip\"> [\u2026]<\/span><\/p>\n","protected":false},"featured_media":0,"template":"","meta":{"_monsterinsights_skip_tracking":false,"_monsterinsights_sitenote_active":false,"_monsterinsights_sitenote_note":"","_monsterinsights_sitenote_category":0},"product_brand":[],"product_cat":[12274,15842],"product_tag":[],"class_list":{"0":"post-720527","1":"product","2":"type-product","3":"status-publish","5":"product_cat-cocuk-ve-genclik-kitaplari","6":"product_cat-egitici-kitaplar","7":"pa_cilt-ciltsiz","8":"pa_tur-kitap","9":"pa_yayinevi-domingo-yayinevi","10":"pa_yazar-liesbet-slegers","12":"first","13":"instock","14":"sale","15":"shipping-taxable","16":"purchasable","17":"product-type-simple"},"_links":{"self":[{"href":"https:\/\/roveyayinevi.com.tr\/index.php\/wp-json\/wp\/v2\/product\/720527","targetHints":{"allow":["GET"]}}],"collection":[{"href":"https:\/\/roveyayinevi.com.tr\/index.php\/wp-json\/wp\/v2\/product"}],"about":[{"href":"https:\/\/roveyayinevi.com.tr\/index.php\/wp-json\/wp\/v2\/types\/product"}],"wp:attachment":[{"href":"https:\/\/roveyayinevi.com.tr\/index.php\/wp-json\/wp\/v2\/media?parent=720527"}],"wp:term":[{"taxonomy":"product_brand","embeddable":true,"href":"https:\/\/roveyayinevi.com.tr\/index.php\/wp-json\/wp\/v2\/product_brand?post=720527"},{"taxonomy":"product_cat","embeddable":true,"href":"https:\/\/roveyayinevi.com.tr\/index.php\/wp-json\/wp\/v2\/product_cat?post=720527"},{"taxonomy":"product_tag","embeddable":true,"href":"https:\/\/roveyayinevi.com.tr\/index.php\/wp-json\/wp\/v2\/product_tag?post=720527"}],"curies":[{"name":"wp","href":"https:\/\/api.w.org\/{rel}","templated":true}]}}