{"id":720526,"date":"2025-08-27T18:37:13","date_gmt":"2025-08-27T15:37:13","guid":{"rendered":"https:\/\/roveyayinevi.com.tr\/index.php\/urun\/asci-ne-yapar\/"},"modified":"2026-04-16T02:28:39","modified_gmt":"2026-04-15T23:28:39","slug":"asci-ne-yapar","status":"publish","type":"product","link":"https:\/\/roveyayinevi.com.tr\/index.php\/urun\/asci-ne-yapar\/","title":{"rendered":"A\u015f\u00e7\u0131 Ne Yapar?"},"content":{"rendered":"<p>A\u015f\u00e7\u0131 ve kocaman ekibi mutfakta! Har\u0131l har\u0131l \u00e7al\u0131\u015f\u0131yor, kesiyor, \u00e7\u0131rp\u0131yor, yo\u011furuyor, pi\u015firiyor ve restorana gelenlere damak \u00e7atlatan yemekler haz\u0131rl\u0131yorlar. A\u015f\u00e7\u0131 bir tat ve baharat uzman\u0131! De\u011fi\u015fik yemekler deniyor, farkl\u0131 malzemeler kullanarak yepyeni yemek tarifleri ortaya \u00e7\u0131kar\u0131yor. Mmmm, \u00e7ok lezzetli bir i\u015f!\u0130\u015eTE SANA A\u015e\u00c7ILAR VE MUTFAK SIRLARI HAKKINDA HAR\u0130KA B\u0130LG\u0130LERLE DOLU B\u0130R K\u0130TAP.DOLU B\u0130R K\u0130TAP. NE YAPAR? Serisi hakk\u0131nda: B\u00fcy\u00fcy\u00fcnce ne olsam? \u00c7ocuklardan s\u0131k s\u0131k i\u015fitti\u011fimiz bu soruya \u00fcnl\u00fc Bel\u00e7ikal\u0131 \u00e7ocuk kitab\u0131 yazar ve \u00e7izeri Liesbet Slegers&#8217;in pek \u00e7ok yan\u0131t\u0131 var. 12 dilde yay\u0131mlanan 10 kitapl\u0131k NE YAPAR? serisi sevimli tasar\u0131m\u0131 ve e\u011flenceli metinleriyle \u00e7ocuklarla bulu\u015fuyor. \u00c7ocuklar, a\u015f\u00e7\u0131lar\u0131n yeni lezzetler yaratt\u0131klar\u0131 mutfaklar\u0131n\u0131 ziyaret ediyor, hepimizin kahraman\u0131 olan itfaiyecilerle tan\u0131\u015f\u0131p pilotlarla g\u00f6ky\u00fcz\u00fcne \u00e7\u0131k\u0131yorlar. \u0130sterlerse \u00e7ift\u00e7i olup s\u00fct sa\u011f\u0131yor, sebze meyve yeti\u015ftiriyor, isterlerse arkeolog olup haval\u0131 aletlerle tarihin gizemli derinliklerine iniyorlar. Kitab\u0131n sonunda ise onlar\u0131 e\u011flenceli s\u00fcrprizler bekliyor: Hazinelerini g\u00f6mebilir, do\u011fru hortumu bulup itfaiyecilere yang\u0131n\u0131 s\u00f6nd\u00fcrmelerinde yard\u0131m edebilir ya da daha \u00f6nce denemedikleri yeni tatlar\u0131 ke\u015ffedebilirler.<\/p>\n","protected":false},"excerpt":{"rendered":"<p>A\u015f\u00e7\u0131 ve kocaman ekibi mutfakta! Har\u0131l har\u0131l \u00e7al\u0131\u015f\u0131yor, kesiyor, \u00e7\u0131rp\u0131yor, yo\u011furuyor, pi\u015firiyor ve restorana gelenlere damak \u00e7atlatan yemekler haz\u0131rl\u0131yorlar. A\u015f\u00e7\u0131 bir tat ve baharat uzman\u0131! De\u011fi\u015fik<span class=\"excerpt-hellip\"> [\u2026]<\/span><\/p>\n","protected":false},"featured_media":0,"template":"","meta":{"_monsterinsights_skip_tracking":false,"_monsterinsights_sitenote_active":false,"_monsterinsights_sitenote_note":"","_monsterinsights_sitenote_category":0},"product_brand":[],"product_cat":[12274,12284],"product_tag":[],"class_list":{"0":"post-720526","1":"product","2":"type-product","3":"status-publish","5":"product_cat-cocuk-ve-genclik-kitaplari","6":"product_cat-hikayeler","7":"pa_cilt-ciltsiz","8":"pa_tur-kitap","9":"pa_yayinevi-domingo-yayinevi","10":"pa_yazar-liesbet-slegers","12":"first","13":"instock","14":"sale","15":"shipping-taxable","16":"purchasable","17":"product-type-simple"},"_links":{"self":[{"href":"https:\/\/roveyayinevi.com.tr\/index.php\/wp-json\/wp\/v2\/product\/720526","targetHints":{"allow":["GET"]}}],"collection":[{"href":"https:\/\/roveyayinevi.com.tr\/index.php\/wp-json\/wp\/v2\/product"}],"about":[{"href":"https:\/\/roveyayinevi.com.tr\/index.php\/wp-json\/wp\/v2\/types\/product"}],"wp:attachment":[{"href":"https:\/\/roveyayinevi.com.tr\/index.php\/wp-json\/wp\/v2\/media?parent=720526"}],"wp:term":[{"taxonomy":"product_brand","embeddable":true,"href":"https:\/\/roveyayinevi.com.tr\/index.php\/wp-json\/wp\/v2\/product_brand?post=720526"},{"taxonomy":"product_cat","embeddable":true,"href":"https:\/\/roveyayinevi.com.tr\/index.php\/wp-json\/wp\/v2\/product_cat?post=720526"},{"taxonomy":"product_tag","embeddable":true,"href":"https:\/\/roveyayinevi.com.tr\/index.php\/wp-json\/wp\/v2\/product_tag?post=720526"}],"curies":[{"name":"wp","href":"https:\/\/api.w.org\/{rel}","templated":true}]}}