{"id":720524,"date":"2025-08-27T18:37:12","date_gmt":"2025-08-27T15:37:12","guid":{"rendered":"https:\/\/roveyayinevi.com.tr\/index.php\/urun\/fragmanlar-2\/"},"modified":"2026-04-16T02:28:39","modified_gmt":"2026-04-15T23:28:39","slug":"fragmanlar-2","status":"publish","type":"product","link":"https:\/\/roveyayinevi.com.tr\/index.php\/urun\/fragmanlar-2\/","title":{"rendered":"Fragmanlar"},"content":{"rendered":"<p>Parmenides, Zenon ve Melissos ile birlikte Elea Okulu\u2019na kaydedilen Ksenophanes, Sokrates \u00f6ncesi Yunan felsefesinin en etkin fig\u00fcrlerinden biridir. Tanr\u0131 tasar\u0131m\u0131 hakk\u0131ndaki ele\u015ftirel fikirleri soyut tek-tanr\u0131l\u0131 dinlerin habercisi olarak g\u00f6r\u00fcl\u00fcr. Teoloji, metafizik ve epistemoloji alt\u0131nda s\u0131n\u0131flanabilen Fragmanlar, Platon\u2019dan beri felsefi sistemlerin \u015fekillenmesinde etkili olmu\u015ftur.<\/p>\n","protected":false},"excerpt":{"rendered":"<p>Parmenides, Zenon ve Melissos ile birlikte Elea Okulu\u2019na kaydedilen Ksenophanes, Sokrates \u00f6ncesi Yunan felsefesinin en etkin fig\u00fcrlerinden biridir. Tanr\u0131 tasar\u0131m\u0131 hakk\u0131ndaki ele\u015ftirel fikirleri soyut tek-tanr\u0131l\u0131 dinlerin<span class=\"excerpt-hellip\"> [\u2026]<\/span><\/p>\n","protected":false},"featured_media":0,"template":"","meta":{"_monsterinsights_skip_tracking":false,"_monsterinsights_sitenote_active":false,"_monsterinsights_sitenote_note":"","_monsterinsights_sitenote_category":0},"product_brand":[],"product_cat":[12388,26788],"product_tag":[],"class_list":{"0":"post-720524","1":"product","2":"type-product","3":"status-publish","5":"product_cat-felsefe","6":"product_cat-filozoflar","7":"pa_cilt-ciltsiz","8":"pa_tur-kitap","9":"pa_yayinevi-pinhan-yayincilik","10":"pa_yazar-ksenophanes","12":"first","13":"instock","14":"sale","15":"shipping-taxable","16":"purchasable","17":"product-type-simple"},"_links":{"self":[{"href":"https:\/\/roveyayinevi.com.tr\/index.php\/wp-json\/wp\/v2\/product\/720524","targetHints":{"allow":["GET"]}}],"collection":[{"href":"https:\/\/roveyayinevi.com.tr\/index.php\/wp-json\/wp\/v2\/product"}],"about":[{"href":"https:\/\/roveyayinevi.com.tr\/index.php\/wp-json\/wp\/v2\/types\/product"}],"wp:attachment":[{"href":"https:\/\/roveyayinevi.com.tr\/index.php\/wp-json\/wp\/v2\/media?parent=720524"}],"wp:term":[{"taxonomy":"product_brand","embeddable":true,"href":"https:\/\/roveyayinevi.com.tr\/index.php\/wp-json\/wp\/v2\/product_brand?post=720524"},{"taxonomy":"product_cat","embeddable":true,"href":"https:\/\/roveyayinevi.com.tr\/index.php\/wp-json\/wp\/v2\/product_cat?post=720524"},{"taxonomy":"product_tag","embeddable":true,"href":"https:\/\/roveyayinevi.com.tr\/index.php\/wp-json\/wp\/v2\/product_tag?post=720524"}],"curies":[{"name":"wp","href":"https:\/\/api.w.org\/{rel}","templated":true}]}}