{"id":720523,"date":"2025-08-27T18:37:11","date_gmt":"2025-08-27T15:37:11","guid":{"rendered":"https:\/\/roveyayinevi.com.tr\/index.php\/urun\/sifir-atik-icin-101-yol\/"},"modified":"2026-04-16T02:28:39","modified_gmt":"2026-04-15T23:28:39","slug":"sifir-atik-icin-101-yol","status":"publish","type":"product","link":"https:\/\/roveyayinevi.com.tr\/index.php\/urun\/sifir-atik-icin-101-yol\/","title":{"rendered":"S\u0131f\u0131r At\u0131k \u0130\u00e7in 101 Yol"},"content":{"rendered":"<p>Ekolojik ayak izimizi k\u00fc\u00e7\u00fcltmenin ne kadar \u00f6nemli oldu\u011funu hepimiz biliyoruz, ancak nereden ba\u015flayaca\u011f\u0131m\u0131z\u0131 bulmak i\u00e7in bir rehbere ihtiyac\u0131m\u0131z var. Son iki y\u0131lda \u00e7\u0131kard\u0131\u011f\u0131 t\u00fcm \u00e7\u00f6plerini cam bir kavanoza s\u0131\u011fd\u0131rmay\u0131 ba\u015faran, s\u0131f\u0131r at\u0131k ya\u015fam bi\u00e7imi ak\u0131m\u0131n\u0131n \u00f6nc\u00fclerinden Kathryn Kellogg\u2019un d\u00fcnyas\u0131na girmeye haz\u0131r m\u0131s\u0131n\u0131z? Nas\u0131l m\u0131? Pipetlere ve plastik po\u015fetlere \u201chay\u0131r\u201d diyerek; yeniden kullan\u0131labilir su mataralar\u0131na ve g\u00fcbreye d\u00f6n\u00fc\u015febilen bula\u015f\u0131k s\u00fcngerlerin \u201cevet\u201d diyerek!Ben, yani tek bir ki\u015fi, ger\u00e7ekten fark yaratabilir miyim?Azaltmak ve tekrar kullanmak ne anlama geliyor?Ama ben geri d\u00f6n\u00fc\u015ft\u00fcr\u00fcyorum; bu yetmez mi?Plastik t\u00fcketimini reddetmek zor de\u011fil mi?Nas\u0131l kompost yap\u0131l\u0131r?S\u0131f\u0131r at\u0131k nedir?S\u0131f\u0131r At\u0131k i\u00e7in 101 Yol\u2019da Kellogg, yukar\u0131daki sorular\u0131n cevaplar\u0131n\u0131, tasarruf etmenizi sa\u011flayacak ipu\u00e7lar\u0131n\u0131, ev temizli\u011fi ve g\u00fczellik \u00fcr\u00fcnleri i\u00e7in son derece kolay Kendin Yap tarifleri ve daha fazlas\u0131n\u0131 okurlar\u0131yla payla\u015f\u0131yor. Bilin\u00e7li t\u00fcketim i\u00e7in verdi\u011fi tavsiyeleri 101 ba\u015fl\u0131k alt\u0131nda s\u0131ral\u0131yor. S\u0131f\u0131r at\u0131k ya\u015fam bi\u00e7imi, al\u0131\u015fkanl\u0131klar\u0131 de\u011fi\u015ftirmekten, iyi se\u00e7imler yapmaktan ge\u00e7iyor ve bu kitapla D\u00fcnya\u2019m\u0131z\u0131 \u00f6nemseyerek at\u0131klar\u0131n\u0131z\u0131 azaltman\u0131n en iyi yollar\u0131n\u0131 bulmaksa sizin ya\u015fam bi\u00e7iminize ba\u011fl\u0131. Hepimizin tek yuvas\u0131 olan gezegenimizi korumak, ya\u015fam kalitenizi art\u0131rmak ve s\u00fcrd\u00fcr\u00fclebilir bir gelecek i\u00e7in bu kitab\u0131 elinizden b\u0131rakamayacaks\u0131n\u0131z.<\/p>\n","protected":false},"excerpt":{"rendered":"<p>Ekolojik ayak izimizi k\u00fc\u00e7\u00fcltmenin ne kadar \u00f6nemli oldu\u011funu hepimiz biliyoruz, ancak nereden ba\u015flayaca\u011f\u0131m\u0131z\u0131 bulmak i\u00e7in bir rehbere ihtiyac\u0131m\u0131z var. Son iki y\u0131lda \u00e7\u0131kard\u0131\u011f\u0131 t\u00fcm \u00e7\u00f6plerini cam<span class=\"excerpt-hellip\"> [\u2026]<\/span><\/p>\n","protected":false},"featured_media":0,"template":"","meta":{"_monsterinsights_skip_tracking":false,"_monsterinsights_sitenote_active":false,"_monsterinsights_sitenote_note":"","_monsterinsights_sitenote_category":0},"product_brand":[],"product_cat":[14787,13488],"product_tag":[],"class_list":{"0":"post-720523","1":"product","2":"type-product","3":"status-publish","5":"product_cat-diger-toplum-ve-insan","6":"product_cat-toplum-ve-insan","7":"pa_cilt-ciltsiz","8":"pa_tur-kitap","9":"pa_yayinevi-orenda","10":"pa_yazar-kathryn-kellogg","12":"first","13":"instock","14":"sale","15":"shipping-taxable","16":"purchasable","17":"product-type-simple"},"_links":{"self":[{"href":"https:\/\/roveyayinevi.com.tr\/index.php\/wp-json\/wp\/v2\/product\/720523","targetHints":{"allow":["GET"]}}],"collection":[{"href":"https:\/\/roveyayinevi.com.tr\/index.php\/wp-json\/wp\/v2\/product"}],"about":[{"href":"https:\/\/roveyayinevi.com.tr\/index.php\/wp-json\/wp\/v2\/types\/product"}],"wp:attachment":[{"href":"https:\/\/roveyayinevi.com.tr\/index.php\/wp-json\/wp\/v2\/media?parent=720523"}],"wp:term":[{"taxonomy":"product_brand","embeddable":true,"href":"https:\/\/roveyayinevi.com.tr\/index.php\/wp-json\/wp\/v2\/product_brand?post=720523"},{"taxonomy":"product_cat","embeddable":true,"href":"https:\/\/roveyayinevi.com.tr\/index.php\/wp-json\/wp\/v2\/product_cat?post=720523"},{"taxonomy":"product_tag","embeddable":true,"href":"https:\/\/roveyayinevi.com.tr\/index.php\/wp-json\/wp\/v2\/product_tag?post=720523"}],"curies":[{"name":"wp","href":"https:\/\/api.w.org\/{rel}","templated":true}]}}