{"id":720522,"date":"2025-08-27T18:37:10","date_gmt":"2025-08-27T15:37:10","guid":{"rendered":"https:\/\/roveyayinevi.com.tr\/index.php\/urun\/da-vinci-hakkinda-bilmediginiz-101-sey\/"},"modified":"2026-04-16T02:28:39","modified_gmt":"2026-04-15T23:28:39","slug":"da-vinci-hakkinda-bilmediginiz-101-sey","status":"publish","type":"product","link":"https:\/\/roveyayinevi.com.tr\/index.php\/urun\/da-vinci-hakkinda-bilmediginiz-101-sey\/","title":{"rendered":"Da Vinci &#8211; Hakk\u0131nda Bilmedi\u011finiz 101 \u015eey"},"content":{"rendered":"<p>\u00dcnl\u00fc ressam ve mucidin, Walter Isaacson\u2019un yazd\u0131\u011f\u0131 en son biyografisinin yan\u0131 s\u0131ra Dan Brown\u2019\u0131n Da Vinci \u015eifresi serisinin yay\u0131mlanmas\u0131yla ayn\u0131 d\u00f6neme denk gelen bu kitap, Leonardo Da Vinci\u2019yle ilgili 101 ger\u00e7e\u011fi ayr\u0131nt\u0131lar\u0131yla sunuyor.Da Vinci Hakk\u0131nda Bilmedi\u011finiz 101 \u015eey, bu me\u015fhur sanat\u00e7\u0131, mucit ve Mona Lisa\u2019yla Vitruvian Adam\u0131\u2019n\u0131n yarat\u0131c\u0131s\u0131 hakk\u0131nda bilmedi\u011finiz t\u00fcm \u015fa\u015f\u0131rt\u0131c\u0131 bilgileri size sunuyor: \u00f6zel hayat\u0131yla ilgili detaylar, icatlar\u0131 ve sanat\u0131yla ilgili bilgiler, \u00e7a\u011fda\u015flar\u0131yla ba\u011flant\u0131s\u0131 ve \u00f6l\u00fcm\u00fcnden bu yana d\u00fcnya \u00fczerindeki etkileri.Mesela:Da Vinci solakt\u0131, sa\u011fdan sola do\u011fru yaz\u0131yordu, mektuplar\u0131n\u0131 bile.Da Vinci\u2019nin Son Ak\u015fam Yeme\u011fi, Leonardo\u2019nun kulland\u0131\u011f\u0131 boya ve rutubet y\u00fcz\u00fcnden neredeyse tamamland\u0131ktan hemen sonra duvardan d\u00f6k\u00fclmeye ba\u015flam\u0131\u015ft\u0131.Leonardo\u2019nun say\u0131s\u0131z icad\u0131 ve tasar\u0131m\u0131 aras\u0131nda, Fransa Kral\u0131 1. Francis\u2019in tahta \u00e7\u0131k\u0131\u015f\u0131 an\u0131s\u0131na tasarlad\u0131\u011f\u0131 mekanik bir aslan vard\u0131. \u0130ster ilham aray\u0131\u015f\u0131nda olun ister insanl\u0131k tarihinin en yarat\u0131c\u0131s\u0131 dehas\u0131yla ilgili bilgi ya da ilgin\u00e7 ve e\u011flenceli ayr\u0131nt\u0131lar, Da Vinci Hakk\u0131ndam Bilmedi\u011finiz 101 \u015eey, tam arad\u0131\u011f\u0131n\u0131z kitap!<\/p>\n","protected":false},"excerpt":{"rendered":"<p>\u00dcnl\u00fc ressam ve mucidin, Walter Isaacson\u2019un yazd\u0131\u011f\u0131 en son biyografisinin yan\u0131 s\u0131ra Dan Brown\u2019\u0131n Da Vinci \u015eifresi serisinin yay\u0131mlanmas\u0131yla ayn\u0131 d\u00f6neme denk gelen bu kitap, Leonardo<span class=\"excerpt-hellip\"> [\u2026]<\/span><\/p>\n","protected":false},"featured_media":0,"template":"","meta":{"_monsterinsights_skip_tracking":false,"_monsterinsights_sitenote_active":false,"_monsterinsights_sitenote_note":"","_monsterinsights_sitenote_category":0},"product_brand":[],"product_cat":[13946,12304],"product_tag":[],"class_list":{"0":"post-720522","1":"product","2":"type-product","3":"status-publish","5":"product_cat-biyografi-otobiyografi","6":"product_cat-tarih","7":"pa_cilt-ciltsiz","8":"pa_tur-kitap","9":"pa_yayinevi-orenda","10":"pa_yazar-cyhthia-phillips-shana-priwer","12":"first","13":"instock","14":"sale","15":"shipping-taxable","16":"purchasable","17":"product-type-simple"},"_links":{"self":[{"href":"https:\/\/roveyayinevi.com.tr\/index.php\/wp-json\/wp\/v2\/product\/720522","targetHints":{"allow":["GET"]}}],"collection":[{"href":"https:\/\/roveyayinevi.com.tr\/index.php\/wp-json\/wp\/v2\/product"}],"about":[{"href":"https:\/\/roveyayinevi.com.tr\/index.php\/wp-json\/wp\/v2\/types\/product"}],"wp:attachment":[{"href":"https:\/\/roveyayinevi.com.tr\/index.php\/wp-json\/wp\/v2\/media?parent=720522"}],"wp:term":[{"taxonomy":"product_brand","embeddable":true,"href":"https:\/\/roveyayinevi.com.tr\/index.php\/wp-json\/wp\/v2\/product_brand?post=720522"},{"taxonomy":"product_cat","embeddable":true,"href":"https:\/\/roveyayinevi.com.tr\/index.php\/wp-json\/wp\/v2\/product_cat?post=720522"},{"taxonomy":"product_tag","embeddable":true,"href":"https:\/\/roveyayinevi.com.tr\/index.php\/wp-json\/wp\/v2\/product_tag?post=720522"}],"curies":[{"name":"wp","href":"https:\/\/api.w.org\/{rel}","templated":true}]}}