{"id":720521,"date":"2025-08-27T18:37:10","date_gmt":"2025-08-27T15:37:10","guid":{"rendered":"https:\/\/roveyayinevi.com.tr\/index.php\/urun\/einstein-hakkinda-bilmediginiz-101-sey\/"},"modified":"2026-04-16T02:28:39","modified_gmt":"2026-04-15T23:28:39","slug":"einstein-hakkinda-bilmediginiz-101-sey","status":"publish","type":"product","link":"https:\/\/roveyayinevi.com.tr\/index.php\/urun\/einstein-hakkinda-bilmediginiz-101-sey\/","title":{"rendered":"Einstein &#8211; Hakk\u0131nda Bilmedi\u011finiz 101 \u015eey"},"content":{"rendered":"<p>\u0130zafiyet ve K\u00fctle-\u00c7ekim teorilerini hesaplayan deha, Albert Einstein hakk\u0131nda bilmeniz gereken her \u015fey\u2026 Einstein Hakk\u0131nda Bilmedi\u011finiz 101 \u015eey, \u00fcnl\u00fc d\u00e2himizin hayat\u0131 ile ilgili detayl\u0131 ve hayranl\u0131k uyand\u0131ran bilgileri bizlere sunuyor. \u00d6zel hayat\u0131ndan bilimsel ke\u015fiflerine, \u00e7a\u011fda\u015flar\u0131yla olan ili\u015fkisinden sava\u015f, din, politika \u00fczerine g\u00f6r\u00fc\u015fleri hakk\u0131nda bilgi sahibi olacaks\u0131n\u0131z. B\u00f6ylesine \u00f6nemli bir dehan\u0131n, \u00f6l\u00fcm\u00fcnden sonra da hayatlar\u0131m\u0131z\u0131 etkiledi\u011fine \u015fahitlik edeceksiniz. \u0130ster ilham ister bilgi ister e\u011flenceli ayr\u0131nt\u0131lar pe\u015finde olun, Einstein Hakk\u0131nda Bilmedi\u011finiz 101 \u015eey tam arad\u0131\u011f\u0131n\u0131z kitap!Einstein\u2019\u0131n Kad\u0131n Avc\u0131s\u0131 \u015e\u00f6hreti?Einstein\u2019\u0131n Beynine Ne Oldu?Da Vinci ve Michelangelo ile Benzerlikleri Neler?Einstein\u2019\u0131n Tanr\u0131 D\u00fc\u015f\u00fcncesi?Atom Bombas\u0131nda Sorumlulu\u011fu Var M\u0131?<\/p>\n","protected":false},"excerpt":{"rendered":"<p>\u0130zafiyet ve K\u00fctle-\u00c7ekim teorilerini hesaplayan deha, Albert Einstein hakk\u0131nda bilmeniz gereken her \u015fey\u2026 Einstein Hakk\u0131nda Bilmedi\u011finiz 101 \u015eey, \u00fcnl\u00fc d\u00e2himizin hayat\u0131 ile ilgili detayl\u0131 ve hayranl\u0131k<span class=\"excerpt-hellip\"> [\u2026]<\/span><\/p>\n","protected":false},"featured_media":0,"template":"","meta":{"_monsterinsights_skip_tracking":false,"_monsterinsights_sitenote_active":false,"_monsterinsights_sitenote_note":"","_monsterinsights_sitenote_category":0},"product_brand":[],"product_cat":[13946,12304],"product_tag":[],"class_list":{"0":"post-720521","1":"product","2":"type-product","3":"status-publish","5":"product_cat-biyografi-otobiyografi","6":"product_cat-tarih","7":"pa_cilt-ciltsiz","8":"pa_tur-kitap","9":"pa_yayinevi-orenda","10":"pa_yazar-cyhthia-phillips-shana-priwer","12":"first","13":"instock","14":"sale","15":"shipping-taxable","16":"purchasable","17":"product-type-simple"},"_links":{"self":[{"href":"https:\/\/roveyayinevi.com.tr\/index.php\/wp-json\/wp\/v2\/product\/720521","targetHints":{"allow":["GET"]}}],"collection":[{"href":"https:\/\/roveyayinevi.com.tr\/index.php\/wp-json\/wp\/v2\/product"}],"about":[{"href":"https:\/\/roveyayinevi.com.tr\/index.php\/wp-json\/wp\/v2\/types\/product"}],"wp:attachment":[{"href":"https:\/\/roveyayinevi.com.tr\/index.php\/wp-json\/wp\/v2\/media?parent=720521"}],"wp:term":[{"taxonomy":"product_brand","embeddable":true,"href":"https:\/\/roveyayinevi.com.tr\/index.php\/wp-json\/wp\/v2\/product_brand?post=720521"},{"taxonomy":"product_cat","embeddable":true,"href":"https:\/\/roveyayinevi.com.tr\/index.php\/wp-json\/wp\/v2\/product_cat?post=720521"},{"taxonomy":"product_tag","embeddable":true,"href":"https:\/\/roveyayinevi.com.tr\/index.php\/wp-json\/wp\/v2\/product_tag?post=720521"}],"curies":[{"name":"wp","href":"https:\/\/api.w.org\/{rel}","templated":true}]}}