{"id":720520,"date":"2025-08-27T18:37:09","date_gmt":"2025-08-27T15:37:09","guid":{"rendered":"https:\/\/roveyayinevi.com.tr\/index.php\/urun\/cocuklar-icin-destanlar-ilyada-odysseia-aeneis-3-kitap-takim\/"},"modified":"2026-04-16T02:28:39","modified_gmt":"2026-04-15T23:28:39","slug":"cocuklar-icin-destanlar-ilyada-odysseia-aeneis-3-kitap-takim","status":"publish","type":"product","link":"https:\/\/roveyayinevi.com.tr\/index.php\/urun\/cocuklar-icin-destanlar-ilyada-odysseia-aeneis-3-kitap-takim\/","title":{"rendered":"\u00c7ocuklar \u0130\u00e7in Destanlar: \u0130lyada &#8211; Odysseia &#8211; Aeneis (3 Kitap Tak\u0131m)"},"content":{"rendered":"<p>D\u00fcnya \u00fczerinde her toplum zaman i\u00e7inde kendi tarihini, inan\u00e7lar\u0131n\u0131 ve de\u011ferlerini ele alan s\u00f6zl\u00fc ve yaz\u0131l\u0131 anlat\u0131lar yaratm\u0131\u015ft\u0131r. Bu b\u00fcy\u00fck anlat\u0131lar iyi-k\u00f6t\u00fc, do\u011fru-yanl\u0131\u015f, cesaret-korku, sevgi-nefret, ya\u015fam-\u00f6l\u00fcm gibi z\u0131tl\u0131klara dair izler bar\u0131nd\u0131r\u0131r ve g\u00fcc\u00fcn\u00fc, kal\u0131c\u0131\u011f\u0131n\u0131 bu z\u0131tl\u0131klar aras\u0131ndaki \u00e7eki\u015fmelerden al\u0131r. Binlerce y\u0131ld\u0131r okunan, modern edebiyat\u0131 derinden etkilemi\u015f destanlar bunlar\u0131n en \u00f6nemli \u00f6rnekleridir. Bu dizimizde, \u00e7ocuk ve gen\u00e7ler i\u00e7in uyarlanm\u0131\u015f, \u00e7izimlerle zenginle\u015ftirilmi\u015f destanlar\u0131 okurlar\u0131yla bulu\u015fturuyoruz. \u0130lyada\u0130lyada\u2019da Yunanistan\u2019dan gelen Akhalarla bug\u00fcnk\u00fc \u00c7anakkale yak\u0131nlar\u0131nda ya\u015fayan Troyal\u0131lar aras\u0131ndaki Troya Sava\u015f\u0131\u2019n\u0131n son iki ay\u0131 anlat\u0131l\u0131r. Bir tercih y\u00fcz\u00fcnden ba\u015flayan ve on y\u0131l s\u00fcren bu sava\u015fa tanr\u0131lar da s\u0131k s\u0131k m\u00fcdahale eder. Kahramanl\u0131k, cesaret, ya\u015fam\u0131n de\u011feri, sava\u015f\u0131n y\u0131k\u0131c\u0131l\u0131\u011f\u0131 \u00fczerine g\u00fc\u00e7l\u00fc izler bar\u0131nd\u0131ran bu b\u00fcy\u00fck eser yakla\u015f\u0131k \u00fc\u00e7 bin y\u0131l \u00f6ncesine ait olmas\u0131na ra\u011fmen h\u00e2l\u00e2 t\u00fcm d\u00fcnyada okunmaktad\u0131r. OdysseiaOdysseia, Troya Sava\u015f\u0131\u2019n\u0131n kahramanlar\u0131ndan Odysseus\u2019un on y\u0131l s\u00fcren eve d\u00f6n\u00fc\u015f hik\u00e2yesidir. Odysseus, Troya d\u00fc\u015ft\u00fckten sonra memleketi \u0130thaka\u2019ya do\u011fru yola \u00e7\u0131kar ama bu yolculuk ba\u015fl\u0131 ba\u015f\u0131na bir ser\u00fcvene d\u00f6n\u00fc\u015f\u00fcr. Bir deniz tanr\u0131\u00e7as\u0131 taraf\u0131ndan y\u0131llarca al\u0131konur, efsanevi yarat\u0131klarla m\u00fccadele eder ve nihayet evine var\u0131r. Ama bu sefer de onun yoklu\u011funu f\u0131rsat bilip krall\u0131\u011f\u0131n\u0131 ele ge\u00e7irmek isteyenlerle ba\u015fa \u00e7\u0131kmak zorunda kal\u0131r. Zek\u00e2s\u0131yla me\u015fhur Odysseus\u2019un hik\u00e2yesi yakla\u015f\u0131k \u00fc\u00e7 bin y\u0131ld\u0131r pek \u00e7ok esere ilham kayna\u011f\u0131 olmu\u015ftur.AeneisAeneis\u2019te Troya Sava\u015f\u0131\u2019n\u0131 sa\u011f salim atlatan Aeneas\u2019\u0131n yurdundan ayr\u0131l\u0131p \u0130talya topraklar\u0131na yapt\u0131\u011f\u0131 yolculuk ve oraya vard\u0131ktan sonra Latinlerle girdi\u011fi sava\u015f anlat\u0131l\u0131r. Aeneas Harpyler, Kikloplar ve deniz canavarlar\u0131 gibi efsanevi yarat\u0131klarla kar\u015f\u0131la\u015f\u0131r, \u00f6l\u00fcler \u00fclkesine iner ama en b\u00fcy\u00fck m\u00fccadeleyi insanlara kar\u015f\u0131 verecektir. Yunan \u015fair Homeros\u2019un \u0130lyada ve Odysseia\u2019s\u0131ndan baz\u0131 mitolojik \u00f6\u011felerin de yer ald\u0131\u011f\u0131 bu eser ayn\u0131 zamanda Roma \u0130mparatorlu\u011fu\u2019nun temellerinin at\u0131l\u0131\u015f\u0131n\u0131n destan\u0131d\u0131r.<\/p>\n","protected":false},"excerpt":{"rendered":"<p>D\u00fcnya \u00fczerinde her toplum zaman i\u00e7inde kendi tarihini, inan\u00e7lar\u0131n\u0131 ve de\u011ferlerini ele alan s\u00f6zl\u00fc ve yaz\u0131l\u0131 anlat\u0131lar yaratm\u0131\u015ft\u0131r. Bu b\u00fcy\u00fck anlat\u0131lar iyi-k\u00f6t\u00fc, do\u011fru-yanl\u0131\u015f, cesaret-korku, sevgi-nefret, ya\u015fam-\u00f6l\u00fcm<span class=\"excerpt-hellip\"> [\u2026]<\/span><\/p>\n","protected":false},"featured_media":0,"template":"","meta":{"_monsterinsights_skip_tracking":false,"_monsterinsights_sitenote_active":false,"_monsterinsights_sitenote_note":"","_monsterinsights_sitenote_category":0},"product_brand":[],"product_cat":[12274,12631],"product_tag":[],"class_list":{"0":"post-720520","1":"product","2":"type-product","3":"status-publish","5":"product_cat-cocuk-ve-genclik-kitaplari","6":"product_cat-diger-cocuk-ve-genclik-kitaplari","7":"pa_cilt-ciltsiz","8":"pa_tur-kitap","9":"pa_yayinevi-kolektif-kitap","10":"pa_yazar-homeros-vergilius","12":"first","13":"instock","14":"sale","15":"shipping-taxable","16":"purchasable","17":"product-type-simple"},"_links":{"self":[{"href":"https:\/\/roveyayinevi.com.tr\/index.php\/wp-json\/wp\/v2\/product\/720520","targetHints":{"allow":["GET"]}}],"collection":[{"href":"https:\/\/roveyayinevi.com.tr\/index.php\/wp-json\/wp\/v2\/product"}],"about":[{"href":"https:\/\/roveyayinevi.com.tr\/index.php\/wp-json\/wp\/v2\/types\/product"}],"wp:attachment":[{"href":"https:\/\/roveyayinevi.com.tr\/index.php\/wp-json\/wp\/v2\/media?parent=720520"}],"wp:term":[{"taxonomy":"product_brand","embeddable":true,"href":"https:\/\/roveyayinevi.com.tr\/index.php\/wp-json\/wp\/v2\/product_brand?post=720520"},{"taxonomy":"product_cat","embeddable":true,"href":"https:\/\/roveyayinevi.com.tr\/index.php\/wp-json\/wp\/v2\/product_cat?post=720520"},{"taxonomy":"product_tag","embeddable":true,"href":"https:\/\/roveyayinevi.com.tr\/index.php\/wp-json\/wp\/v2\/product_tag?post=720520"}],"curies":[{"name":"wp","href":"https:\/\/api.w.org\/{rel}","templated":true}]}}