{"id":720518,"date":"2025-08-27T18:37:08","date_gmt":"2025-08-27T15:37:08","guid":{"rendered":"https:\/\/roveyayinevi.com.tr\/index.php\/urun\/demokrasi-ve-refah-ab-ulkeleri-uzerine-bir-inceleme\/"},"modified":"2026-04-16T02:28:39","modified_gmt":"2026-04-15T23:28:39","slug":"demokrasi-ve-refah-ab-ulkeleri-uzerine-bir-inceleme","status":"publish","type":"product","link":"https:\/\/roveyayinevi.com.tr\/index.php\/urun\/demokrasi-ve-refah-ab-ulkeleri-uzerine-bir-inceleme\/","title":{"rendered":"Demokrasi ve Refah: Ab \u00fclkeleri \u00dczerine Bir \u0130nceleme"},"content":{"rendered":"<p>B\u0130R\u0130NC\u0130 B\u00d6L\u00dcM DEMOKRAS\u0130YE KAVRAMSAL B\u0130R BAKI\u015e \u0130K\u0130NC\u0130 B\u00d6L\u00dcM REFAH \u00dcZER\u0130NE KAVRAMSAL B\u0130R BAKI\u015e \u00dc\u00c7\u00dcNC\u00dc B\u00d6L\u00dcM EKONOM\u0130K, SOSYAL VE S\u0130YASAL DE\u011e\u0130\u015eKENLER\u0130N REFAH \u0130LE \u0130L\u0130\u015eK\u0130S\u0130 D\u00d6RD\u00dcNC\u00dc B\u00d6L\u00dcM EKONOMETR\u0130K UYGULAMA <\/p>\n","protected":false},"excerpt":{"rendered":"<p>B\u0130R\u0130NC\u0130 B\u00d6L\u00dcM DEMOKRAS\u0130YE KAVRAMSAL B\u0130R BAKI\u015e \u0130K\u0130NC\u0130 B\u00d6L\u00dcM REFAH \u00dcZER\u0130NE KAVRAMSAL B\u0130R BAKI\u015e \u00dc\u00c7\u00dcNC\u00dc B\u00d6L\u00dcM EKONOM\u0130K, SOSYAL VE S\u0130YASAL DE\u011e\u0130\u015eKENLER\u0130N REFAH \u0130LE \u0130L\u0130\u015eK\u0130S\u0130 D\u00d6RD\u00dcNC\u00dc B\u00d6L\u00dcM EKONOMETR\u0130K<span class=\"excerpt-hellip\"> [\u2026]<\/span><\/p>\n","protected":false},"featured_media":0,"template":"","meta":{"_monsterinsights_skip_tracking":false,"_monsterinsights_sitenote_active":false,"_monsterinsights_sitenote_note":"","_monsterinsights_sitenote_category":0},"product_brand":[],"product_cat":[12573,12566],"product_tag":[],"class_list":{"0":"post-720518","1":"product","2":"type-product","3":"status-publish","5":"product_cat-akademik-kitaplar","6":"product_cat-egitim","7":"pa_cilt-ciltsiz","8":"pa_tur-kitap","9":"pa_yayinevi-gazi-kitabevi","10":"pa_yazar-mustafa-coban","12":"first","13":"instock","14":"sale","15":"shipping-taxable","16":"purchasable","17":"product-type-simple"},"_links":{"self":[{"href":"https:\/\/roveyayinevi.com.tr\/index.php\/wp-json\/wp\/v2\/product\/720518","targetHints":{"allow":["GET"]}}],"collection":[{"href":"https:\/\/roveyayinevi.com.tr\/index.php\/wp-json\/wp\/v2\/product"}],"about":[{"href":"https:\/\/roveyayinevi.com.tr\/index.php\/wp-json\/wp\/v2\/types\/product"}],"wp:attachment":[{"href":"https:\/\/roveyayinevi.com.tr\/index.php\/wp-json\/wp\/v2\/media?parent=720518"}],"wp:term":[{"taxonomy":"product_brand","embeddable":true,"href":"https:\/\/roveyayinevi.com.tr\/index.php\/wp-json\/wp\/v2\/product_brand?post=720518"},{"taxonomy":"product_cat","embeddable":true,"href":"https:\/\/roveyayinevi.com.tr\/index.php\/wp-json\/wp\/v2\/product_cat?post=720518"},{"taxonomy":"product_tag","embeddable":true,"href":"https:\/\/roveyayinevi.com.tr\/index.php\/wp-json\/wp\/v2\/product_tag?post=720518"}],"curies":[{"name":"wp","href":"https:\/\/api.w.org\/{rel}","templated":true}]}}