{"id":720516,"date":"2025-08-27T18:37:06","date_gmt":"2025-08-27T15:37:06","guid":{"rendered":"https:\/\/roveyayinevi.com.tr\/index.php\/urun\/saglikta-kalite-yonetimi-guncel-konular-ve-stratejik-yaklasimlar\/"},"modified":"2026-04-16T02:28:39","modified_gmt":"2026-04-15T23:28:39","slug":"saglikta-kalite-yonetimi-guncel-konular-ve-stratejik-yaklasimlar","status":"publish","type":"product","link":"https:\/\/roveyayinevi.com.tr\/index.php\/urun\/saglikta-kalite-yonetimi-guncel-konular-ve-stratejik-yaklasimlar\/","title":{"rendered":"Sa\u011fl\u0131kta Kalite Y\u00f6netimi G\u00fcncel Konular ve Stratejik Yakla\u015f\u0131mlar"},"content":{"rendered":"<p>1. SA\u011eLIK H\u0130ZMETLER\u0130NDE TOPLAM KAL\u0130TE Y\u00d6NET\u0130M\u0130 UYGULAMALARI VE \u0130NOVASYON 2. SA\u011eLIK H\u0130ZMETLER\u0130NDE ISO TEMELL\u0130 KAL\u0130TE Y\u00d6NET\u0130M S\u0130STEMLER\u0130N\u0130N KAR\u015eILA\u015eTIRILMASI 3. SA\u011eLIK H\u0130ZMETLER\u0130NDE KAL\u0130TE Y\u00d6NET\u0130M\u0130 VE SA\u011eLIK \u0130NSAN KAYNAKLARI ARASINDAK\u0130 \u0130L\u0130\u015eK\u0130 4. SA\u011eLIK KURUMLARINDA \u0130\u015eG\u00dcC\u00dc \u00c7\u0130ZELGELEME VE KAL\u0130TE \u0130L\u0130\u015eK\u0130S\u0130 5. SA\u011eLIK H\u0130ZMETLER\u0130NDE KAL\u0130TE Y\u00d6NET\u0130M\u0130 VE KIYASLAMA S\u00dcREC\u0130 \u0130L\u0130\u015eK\u0130S\u0130 6. SA\u011eLIK KURUMLARI KAL\u0130TE Y\u00d6NET\u0130M S\u0130STEMLER\u0130N\u0130N DE\u011eERLEND\u0130R\u0130LMES\u0130: AVRUPA UYGULAMALARI 7. MED\u0130KAL TUR\u0130ZM VE SA\u011eLIK H\u0130ZMET KAL\u0130TES\u0130 8. SA\u011eLIK B\u0130L\u0130\u015e\u0130M\u0130 VE SA\u011eLIKTA D\u0130J\u0130TAL D\u00d6N\u00dc\u015e\u00dcM <\/p>\n","protected":false},"excerpt":{"rendered":"<p>1. SA\u011eLIK H\u0130ZMETLER\u0130NDE TOPLAM KAL\u0130TE Y\u00d6NET\u0130M\u0130 UYGULAMALARI VE \u0130NOVASYON 2. SA\u011eLIK H\u0130ZMETLER\u0130NDE ISO TEMELL\u0130 KAL\u0130TE Y\u00d6NET\u0130M S\u0130STEMLER\u0130N\u0130N KAR\u015eILA\u015eTIRILMASI 3. SA\u011eLIK H\u0130ZMETLER\u0130NDE KAL\u0130TE Y\u00d6NET\u0130M\u0130 VE SA\u011eLIK \u0130NSAN<span class=\"excerpt-hellip\"> [\u2026]<\/span><\/p>\n","protected":false},"featured_media":0,"template":"","meta":{"_monsterinsights_skip_tracking":false,"_monsterinsights_sitenote_active":false,"_monsterinsights_sitenote_note":"","_monsterinsights_sitenote_category":0},"product_brand":[],"product_cat":[13366,13365],"product_tag":[],"class_list":{"0":"post-720516","1":"product","2":"type-product","3":"status-publish","5":"product_cat-diger-saglik","6":"product_cat-saglik","7":"pa_cilt-ciltsiz","8":"pa_tur-kitap","9":"pa_yayinevi-gazi-kitabevi","10":"pa_yazar-keziban-avci","12":"first","13":"instock","14":"sale","15":"shipping-taxable","16":"purchasable","17":"product-type-simple"},"_links":{"self":[{"href":"https:\/\/roveyayinevi.com.tr\/index.php\/wp-json\/wp\/v2\/product\/720516","targetHints":{"allow":["GET"]}}],"collection":[{"href":"https:\/\/roveyayinevi.com.tr\/index.php\/wp-json\/wp\/v2\/product"}],"about":[{"href":"https:\/\/roveyayinevi.com.tr\/index.php\/wp-json\/wp\/v2\/types\/product"}],"wp:attachment":[{"href":"https:\/\/roveyayinevi.com.tr\/index.php\/wp-json\/wp\/v2\/media?parent=720516"}],"wp:term":[{"taxonomy":"product_brand","embeddable":true,"href":"https:\/\/roveyayinevi.com.tr\/index.php\/wp-json\/wp\/v2\/product_brand?post=720516"},{"taxonomy":"product_cat","embeddable":true,"href":"https:\/\/roveyayinevi.com.tr\/index.php\/wp-json\/wp\/v2\/product_cat?post=720516"},{"taxonomy":"product_tag","embeddable":true,"href":"https:\/\/roveyayinevi.com.tr\/index.php\/wp-json\/wp\/v2\/product_tag?post=720516"}],"curies":[{"name":"wp","href":"https:\/\/api.w.org\/{rel}","templated":true}]}}