{"id":720515,"date":"2025-08-27T18:37:06","date_gmt":"2025-08-27T15:37:06","guid":{"rendered":"https:\/\/roveyayinevi.com.tr\/index.php\/urun\/yeni-nesil-pazarlama-yaklasimlari-vaka-analizleri-ile\/"},"modified":"2026-04-16T02:28:38","modified_gmt":"2026-04-15T23:28:38","slug":"yeni-nesil-pazarlama-yaklasimlari-vaka-analizleri-ile","status":"publish","type":"product","link":"https:\/\/roveyayinevi.com.tr\/index.php\/urun\/yeni-nesil-pazarlama-yaklasimlari-vaka-analizleri-ile\/","title":{"rendered":"Yeni Nesil Pazarlama Yakla\u015f\u0131mlar\u0131 &#8211; Vaka Analizleri \u0130le"},"content":{"rendered":"<p>Birinci B\u00f6l\u00fcm M\u00dc\u015eTER\u0130 DE\u011eER\u0130 KAVRAMI VE DE\u011eER TEMELL\u0130 PAZARLAMA YAKLA\u015eIMLARI \u0130kinci B\u00f6l\u00fcm DENEY\u0130MSEL PAZARLAMA \u00dc\u00e7\u00fcnc\u00fc B\u00f6l\u00fcm H\u0130ZMET BASKIN MANTIK D\u00f6rd\u00fcnc\u00fc B\u00f6l\u00fcm N\u00d6ROPAZARLAMA Be\u015finci B\u00f6l\u00fcm \u00c7OK KATMANLI PAZARLAMA (A\u011e PAZARLAMA) Alt\u0131nc\u0131 B\u00f6l\u00fcm PAZARLAMA 4.0. VE DE\u011e\u0130\u015eEN T\u00dcKET\u0130C\u0130 Yedinci B\u00f6l\u00fcm T\u00dcKET\u0130C\u0130 S\u0130N\u0130ZM\u0130 Sekizinci B\u00f6l\u00fcm N\u0130\u015e PAZARLAMA Dokuzuncu B\u00f6l\u00fcm S\u00dcRD\u00dcR\u00dcLEB\u0130L\u0130R PAZARLAMA Onuncu B\u00f6l\u00fcm D\u0130J\u0130TAL PAZARLAMA On Birinci B\u00f6l\u00fcm ELEKTRON\u0130K A\u011eIZDAN A\u011eIZA PAZARLAMA (E-WOM) On \u0130kinci B\u00f6l\u00fcm MOB\u0130L PAZARLAMA VE MOB\u0130L REKLAM On \u00dc\u00e7\u00fcnc\u00fc B\u00f6l\u00fcm OYUN TEMELL\u0130 REKLAM On D\u00f6rd\u00fcnc\u00fc B\u00f6l\u00fcm DO\u011eAL REKLAMCILIK On Be\u015finci B\u00f6l\u00fcm SOSYAL MEDYA PAZARLAMASI On Alt\u0131nc\u0131 B\u00f6l\u00fcm SOSYAL MEDYANIN PAZARLAMA \u0130LET\u0130\u015e\u0130M\u0130NE ETK\u0130S\u0130 On Yedinci B\u00f6l\u00fcm SOSYAL M\u00dc\u015eTER\u0130 \u0130L\u0130\u015eK\u0130LER\u0130 Y\u00d6NET\u0130M\u0130 On Sekizinci B\u00f6l\u00fcm M\u00dc\u015eTER\u0130 \u015e\u0130K\u00c2YETLER\u0130 Y\u00d6NET\u0130M\u0130 On Dokuzuncu B\u00f6l\u00fcm \u0130\u00c7ER\u0130K PAZARLAMASI Yirminci B\u00f6l\u00fcm PAZARLAMADA VER\u0130 MADENC\u0130L\u0130\u011e\u0130 Yirmi Birinci B\u00f6l\u00fcm B\u00dcT\u00dcNC\u00dcL KANAL STRATEJ\u0130S\u0130 <\/p>\n","protected":false},"excerpt":{"rendered":"<p>Birinci B\u00f6l\u00fcm M\u00dc\u015eTER\u0130 DE\u011eER\u0130 KAVRAMI VE DE\u011eER TEMELL\u0130 PAZARLAMA YAKLA\u015eIMLARI \u0130kinci B\u00f6l\u00fcm DENEY\u0130MSEL PAZARLAMA \u00dc\u00e7\u00fcnc\u00fc B\u00f6l\u00fcm H\u0130ZMET BASKIN MANTIK D\u00f6rd\u00fcnc\u00fc B\u00f6l\u00fcm N\u00d6ROPAZARLAMA Be\u015finci B\u00f6l\u00fcm \u00c7OK KATMANLI<span class=\"excerpt-hellip\"> [\u2026]<\/span><\/p>\n","protected":false},"featured_media":0,"template":"","meta":{"_monsterinsights_skip_tracking":false,"_monsterinsights_sitenote_active":false,"_monsterinsights_sitenote_note":"","_monsterinsights_sitenote_category":0},"product_brand":[],"product_cat":[13043,14381],"product_tag":[],"class_list":{"0":"post-720515","1":"product","2":"type-product","3":"status-publish","5":"product_cat-ekonomi","6":"product_cat-isletme-muhasebe-maliye","7":"pa_cilt-ciltsiz","8":"pa_tur-kitap","9":"pa_yayinevi-gazi-kitabevi","10":"pa_yazar-aysun-kahraman-esra-guven","12":"first","13":"instock","14":"sale","15":"shipping-taxable","16":"purchasable","17":"product-type-simple"},"_links":{"self":[{"href":"https:\/\/roveyayinevi.com.tr\/index.php\/wp-json\/wp\/v2\/product\/720515","targetHints":{"allow":["GET"]}}],"collection":[{"href":"https:\/\/roveyayinevi.com.tr\/index.php\/wp-json\/wp\/v2\/product"}],"about":[{"href":"https:\/\/roveyayinevi.com.tr\/index.php\/wp-json\/wp\/v2\/types\/product"}],"wp:attachment":[{"href":"https:\/\/roveyayinevi.com.tr\/index.php\/wp-json\/wp\/v2\/media?parent=720515"}],"wp:term":[{"taxonomy":"product_brand","embeddable":true,"href":"https:\/\/roveyayinevi.com.tr\/index.php\/wp-json\/wp\/v2\/product_brand?post=720515"},{"taxonomy":"product_cat","embeddable":true,"href":"https:\/\/roveyayinevi.com.tr\/index.php\/wp-json\/wp\/v2\/product_cat?post=720515"},{"taxonomy":"product_tag","embeddable":true,"href":"https:\/\/roveyayinevi.com.tr\/index.php\/wp-json\/wp\/v2\/product_tag?post=720515"}],"curies":[{"name":"wp","href":"https:\/\/api.w.org\/{rel}","templated":true}]}}