{"id":720514,"date":"2025-08-27T18:37:05","date_gmt":"2025-08-27T15:37:05","guid":{"rendered":"https:\/\/roveyayinevi.com.tr\/index.php\/urun\/muhasebe-hileleri-ve-cozumleri\/"},"modified":"2026-04-16T02:28:38","modified_gmt":"2026-04-15T23:28:38","slug":"muhasebe-hileleri-ve-cozumleri","status":"publish","type":"product","link":"https:\/\/roveyayinevi.com.tr\/index.php\/urun\/muhasebe-hileleri-ve-cozumleri\/","title":{"rendered":"Muhasebe Hileleri ve \u00c7\u00f6z\u00fcmleri"},"content":{"rendered":"<p>B\u00d6L\u00dcM : DENET\u0130M DENET\u0130M KAVRAMI BA\u011eIMSIZ DENET\u0130M \u0130\u00c7 DENET\u0130M \u0130\u00c7 KONTROL B\u00d6L\u00dcM : MUHASEBE MAN\u0130P\u00dcLASYONLARI MAN\u0130P\u00dcLASYON KAVRAMI MUHASEBE MAN\u0130P\u00dcLASYONLARI MUHASEBE MAN\u0130P\u00dcLASYON Y\u00d6NTEMLER\u0130 MUHASEBE \u0130LKE VE STANDARTLARINA UYGUN OLARAK YAPILAN MAN\u0130P\u00dcLASYON \u0130\u015eLEMLER\u0130 B\u00d6L\u00dcM : MUHASEBE H\u0130LELER\u0130 MUHASEBE HATALARI MUHASEBE H\u0130LELER\u0130 MUHASEBEDE H\u0130LEL\u0130 \u0130\u015eLEMLER B\u00d6L\u00dcM : MUHASEBE H\u0130LELER\u0130N\u0130 \u00d6NLEMEYE Y\u00d6NEL\u0130K \u00c7\u00d6Z\u00dcMLER VE UYGULAMA \u00d6RNE\u011e\u0130 MUHASEBE H\u0130LELER\u0130N\u0130 \u00d6NLEMEYE Y\u00d6NEL\u0130K YAPILAN D\u00dcZENLELEMELER MUHASEBE H\u0130LELER\u0130N\u0130N \u00d6NLENMES\u0130NE Y\u00d6NEL\u0130K \u00c7\u00d6Z\u00dcMLER \u0130\u00c7 DENET\u0130M \u0130LE MUHASASEBE H\u0130LES\u0130N\u0130N TESP\u0130T\u0130NE Y\u00d6NEL\u0130K UYGULAMA \u00d6RNE\u011e\u0130 <\/p>\n","protected":false},"excerpt":{"rendered":"<p>B\u00d6L\u00dcM : DENET\u0130M DENET\u0130M KAVRAMI BA\u011eIMSIZ DENET\u0130M \u0130\u00c7 DENET\u0130M \u0130\u00c7 KONTROL B\u00d6L\u00dcM : MUHASEBE MAN\u0130P\u00dcLASYONLARI MAN\u0130P\u00dcLASYON KAVRAMI MUHASEBE MAN\u0130P\u00dcLASYONLARI MUHASEBE MAN\u0130P\u00dcLASYON Y\u00d6NTEMLER\u0130 MUHASEBE \u0130LKE VE STANDARTLARINA<span class=\"excerpt-hellip\"> [\u2026]<\/span><\/p>\n","protected":false},"featured_media":0,"template":"","meta":{"_monsterinsights_skip_tracking":false,"_monsterinsights_sitenote_active":false,"_monsterinsights_sitenote_note":"","_monsterinsights_sitenote_category":0},"product_brand":[],"product_cat":[13043,14381],"product_tag":[],"class_list":{"0":"post-720514","1":"product","2":"type-product","3":"status-publish","5":"product_cat-ekonomi","6":"product_cat-isletme-muhasebe-maliye","7":"pa_cilt-ciltsiz","8":"pa_tur-kitap","9":"pa_yayinevi-gazi-kitabevi","10":"pa_yazar-birsel-sabuncu","12":"first","13":"instock","14":"sale","15":"shipping-taxable","16":"purchasable","17":"product-type-simple"},"_links":{"self":[{"href":"https:\/\/roveyayinevi.com.tr\/index.php\/wp-json\/wp\/v2\/product\/720514","targetHints":{"allow":["GET"]}}],"collection":[{"href":"https:\/\/roveyayinevi.com.tr\/index.php\/wp-json\/wp\/v2\/product"}],"about":[{"href":"https:\/\/roveyayinevi.com.tr\/index.php\/wp-json\/wp\/v2\/types\/product"}],"wp:attachment":[{"href":"https:\/\/roveyayinevi.com.tr\/index.php\/wp-json\/wp\/v2\/media?parent=720514"}],"wp:term":[{"taxonomy":"product_brand","embeddable":true,"href":"https:\/\/roveyayinevi.com.tr\/index.php\/wp-json\/wp\/v2\/product_brand?post=720514"},{"taxonomy":"product_cat","embeddable":true,"href":"https:\/\/roveyayinevi.com.tr\/index.php\/wp-json\/wp\/v2\/product_cat?post=720514"},{"taxonomy":"product_tag","embeddable":true,"href":"https:\/\/roveyayinevi.com.tr\/index.php\/wp-json\/wp\/v2\/product_tag?post=720514"}],"curies":[{"name":"wp","href":"https:\/\/api.w.org\/{rel}","templated":true}]}}