{"id":720510,"date":"2025-08-27T18:37:02","date_gmt":"2025-08-27T15:37:02","guid":{"rendered":"https:\/\/roveyayinevi.com.tr\/index.php\/urun\/dunyamiz-ve-yagmur-yasam-kaynagimiz-suyun-dongusu\/"},"modified":"2026-04-16T02:28:38","modified_gmt":"2026-04-15T23:28:38","slug":"dunyamiz-ve-yagmur-yasam-kaynagimiz-suyun-dongusu","status":"publish","type":"product","link":"https:\/\/roveyayinevi.com.tr\/index.php\/urun\/dunyamiz-ve-yagmur-yasam-kaynagimiz-suyun-dongusu\/","title":{"rendered":"D\u00fcnyam\u0131z ve Ya\u011fmur: Ya\u015fam Kayna\u011f\u0131m\u0131z Suyun D\u00f6ng\u00fcs\u00fc"},"content":{"rendered":"<p>Hayat ne g\u00fczel! B\u00f6ylesine heyecan verici bir d\u00fcnyada ya\u015famaktan daha keyifli bir \u015fey olabilir mi? \u00d6\u011frenecek bir s\u00fcr\u00fc \u015fey, ke\u015ffedecek nice gizem var etraf\u0131m\u0131zda.   Hadi bakal\u0131m sen de kat\u0131l bize!   Ne \u015fansl\u0131s\u0131n\u2026 Tam da yeni bir maceraya at\u0131lmaya, g\u00f6kten d\u00f6k\u00fclen bu suyun nereden geldi\u011fini \u00f6\u011frenmeye haz\u0131rlan\u0131yorduk biz de.   Ya\u011fmurun nas\u0131l olup da bizi \u0131slatt\u0131\u011f\u0131n\u0131 ya da neden bazen kar bazen dolu ya\u011fd\u0131\u011f\u0131n\u0131 merak ediyorsan bu kitap tam sana g\u00f6re.   \u00dcstelik e\u011flenceli deneyler ve \u00e7ok say\u0131da etkinlik de bu kitapta!   Bu kitap, ya\u011fmurun nereden geldi\u011fini anlaman\u0131 sa\u011flay\u0131p ya\u011fmur, kar ya da dolu hakk\u0131nda zihninde beliren sorular\u0131n yan\u0131tlar\u0131n\u0131 kolayca bulmana yard\u0131mc\u0131 olacak. <\/p>\n","protected":false},"excerpt":{"rendered":"<p>Hayat ne g\u00fczel! B\u00f6ylesine heyecan verici bir d\u00fcnyada ya\u015famaktan daha keyifli bir \u015fey olabilir mi? \u00d6\u011frenecek bir s\u00fcr\u00fc \u015fey, ke\u015ffedecek nice gizem var etraf\u0131m\u0131zda. Hadi bakal\u0131m<span class=\"excerpt-hellip\"> [\u2026]<\/span><\/p>\n","protected":false},"featured_media":0,"template":"","meta":{"_monsterinsights_skip_tracking":false,"_monsterinsights_sitenote_active":false,"_monsterinsights_sitenote_note":"","_monsterinsights_sitenote_category":0},"product_brand":[],"product_cat":[12274,12284],"product_tag":[],"class_list":{"0":"post-720510","1":"product","2":"type-product","3":"status-publish","5":"product_cat-cocuk-ve-genclik-kitaplari","6":"product_cat-hikayeler","7":"pa_cilt-ciltsiz","8":"pa_tur-kitap","9":"pa_yayinevi-mavi-kelebek-yayinlari","10":"pa_yazar-shirley-willis","12":"first","13":"instock","14":"sale","15":"shipping-taxable","16":"purchasable","17":"product-type-simple"},"_links":{"self":[{"href":"https:\/\/roveyayinevi.com.tr\/index.php\/wp-json\/wp\/v2\/product\/720510","targetHints":{"allow":["GET"]}}],"collection":[{"href":"https:\/\/roveyayinevi.com.tr\/index.php\/wp-json\/wp\/v2\/product"}],"about":[{"href":"https:\/\/roveyayinevi.com.tr\/index.php\/wp-json\/wp\/v2\/types\/product"}],"wp:attachment":[{"href":"https:\/\/roveyayinevi.com.tr\/index.php\/wp-json\/wp\/v2\/media?parent=720510"}],"wp:term":[{"taxonomy":"product_brand","embeddable":true,"href":"https:\/\/roveyayinevi.com.tr\/index.php\/wp-json\/wp\/v2\/product_brand?post=720510"},{"taxonomy":"product_cat","embeddable":true,"href":"https:\/\/roveyayinevi.com.tr\/index.php\/wp-json\/wp\/v2\/product_cat?post=720510"},{"taxonomy":"product_tag","embeddable":true,"href":"https:\/\/roveyayinevi.com.tr\/index.php\/wp-json\/wp\/v2\/product_tag?post=720510"}],"curies":[{"name":"wp","href":"https:\/\/api.w.org\/{rel}","templated":true}]}}