{"id":720509,"date":"2025-08-27T18:37:01","date_gmt":"2025-08-27T15:37:01","guid":{"rendered":"https:\/\/roveyayinevi.com.tr\/index.php\/urun\/bir-varmis-bir-yokmus\/"},"modified":"2026-04-16T02:28:38","modified_gmt":"2026-04-15T23:28:38","slug":"bir-varmis-bir-yokmus","status":"publish","type":"product","link":"https:\/\/roveyayinevi.com.tr\/index.php\/urun\/bir-varmis-bir-yokmus\/","title":{"rendered":"Bir Varm\u0131\u015f Bir Yokmu\u015f"},"content":{"rendered":"<p>Sevgili Canlar, Kur\u2019an-\u0131 Kerim\u2019de anlat\u0131lan peygamberlerin hayatlar\u0131 ile ilgili k\u0131ssalar, tarihteki destanlar, mitler, hik\u00e2yeler, hatta masallar; tarihte olmu\u015f bitmi\u015f bir olaylar b\u00fct\u00fcn\u00fc de\u011fildir. G\u00fcn\u00fcm\u00fcz\u00fc de kapsayan bir tarihselli\u011fi i\u00e7lerinde bar\u0131nd\u0131r\u0131rlar. \u00d6zellikle Kur\u2019an-\u0131 Kerim\u2019de Allah, bizi bize anlat\u0131r. Kar\u015f\u0131la\u015ft\u0131\u011f\u0131m\u0131z veya kar\u015f\u0131la\u015faca\u011f\u0131m\u0131z olaylarda bizlere \u0131\u015f\u0131k tutar. Yol g\u00f6sterir. Bu bak\u0131\u015f ile okudu\u011fumuzda anlat\u0131lanlar\u0131n daha bir farkl\u0131 ve ya\u015fama dair oldu\u011funu idrak ederiz. Masallar(Meseller) hep \u2018Bir varm\u0131\u015f, bir yokmu\u015f!\u2019 ile ba\u015flar. T\u0131pk\u0131 \u201cL\u00e2 il\u00e2he illallah!\u201d (Allah vard\u0131r, ba\u015fka \u0130lah yoktur!) gibi. \u201cVard\u0131r, yoktur; yoktur, vard\u0131r.\u201d s\u00f6ylemleriyle devam eder gider. Peki, sonu\u00e7\u2026 Son nefeste belli olur. \u00d6yle ya, ya\u015fam\u0131m\u0131z boyunca ya var diyece\u011fiz ya da yok. Erken karar verip bir an evvel uygulamaya ge\u00e7mek gerekli ki ona g\u00f6re yol alabilelim. Sevgili canlar! Sorucu olal\u0131m ki \u00f6\u011frenici olabilelim. Aray\u0131c\u0131 olal\u0131m ki bilici, bulucu olal\u0131m. Vesselam\u2026 Berrin \u00d6zen<\/p>\n","protected":false},"excerpt":{"rendered":"<p>Sevgili Canlar, Kur\u2019an-\u0131 Kerim\u2019de anlat\u0131lan peygamberlerin hayatlar\u0131 ile ilgili k\u0131ssalar, tarihteki destanlar, mitler, hik\u00e2yeler, hatta masallar; tarihte olmu\u015f bitmi\u015f bir olaylar b\u00fct\u00fcn\u00fc de\u011fildir. G\u00fcn\u00fcm\u00fcz\u00fc de kapsayan<span class=\"excerpt-hellip\"> [\u2026]<\/span><\/p>\n","protected":false},"featured_media":0,"template":"","meta":{"_monsterinsights_skip_tracking":false,"_monsterinsights_sitenote_active":false,"_monsterinsights_sitenote_note":"","_monsterinsights_sitenote_category":0},"product_brand":[],"product_cat":[13701,12291],"product_tag":[],"class_list":{"0":"post-720509","1":"product","2":"type-product","3":"status-publish","5":"product_cat-ani-mektup-gunluk","6":"product_cat-edebiyat","7":"pa_cilt-ciltsiz","8":"pa_tur-kitap","9":"pa_yayinevi-nar-agaci-yayinlari","10":"pa_yazar-berrin-ozen","12":"first","13":"instock","14":"sale","15":"shipping-taxable","16":"purchasable","17":"product-type-simple"},"_links":{"self":[{"href":"https:\/\/roveyayinevi.com.tr\/index.php\/wp-json\/wp\/v2\/product\/720509","targetHints":{"allow":["GET"]}}],"collection":[{"href":"https:\/\/roveyayinevi.com.tr\/index.php\/wp-json\/wp\/v2\/product"}],"about":[{"href":"https:\/\/roveyayinevi.com.tr\/index.php\/wp-json\/wp\/v2\/types\/product"}],"wp:attachment":[{"href":"https:\/\/roveyayinevi.com.tr\/index.php\/wp-json\/wp\/v2\/media?parent=720509"}],"wp:term":[{"taxonomy":"product_brand","embeddable":true,"href":"https:\/\/roveyayinevi.com.tr\/index.php\/wp-json\/wp\/v2\/product_brand?post=720509"},{"taxonomy":"product_cat","embeddable":true,"href":"https:\/\/roveyayinevi.com.tr\/index.php\/wp-json\/wp\/v2\/product_cat?post=720509"},{"taxonomy":"product_tag","embeddable":true,"href":"https:\/\/roveyayinevi.com.tr\/index.php\/wp-json\/wp\/v2\/product_tag?post=720509"}],"curies":[{"name":"wp","href":"https:\/\/api.w.org\/{rel}","templated":true}]}}