{"id":720508,"date":"2025-08-27T18:37:00","date_gmt":"2025-08-27T15:37:00","guid":{"rendered":"https:\/\/roveyayinevi.com.tr\/index.php\/urun\/erkek-cocuklar-icin-etkinlikler\/"},"modified":"2026-04-16T02:28:38","modified_gmt":"2026-04-15T23:28:38","slug":"erkek-cocuklar-icin-etkinlikler","status":"publish","type":"product","link":"https:\/\/roveyayinevi.com.tr\/index.php\/urun\/erkek-cocuklar-icin-etkinlikler\/","title":{"rendered":"Erkek \u00c7ocuklar i\u00e7in Etkinlikler"},"content":{"rendered":"<p>E\u011flenme ve yarat\u0131c\u0131l\u0131\u011f\u0131n\u0131 g\u00f6sterme zaman\u0131.  \u0130ster \u00e7\u0131kartmalar\u0131 resimlere yerle\u015ftirerek kendine yeni resimler yarat, ister resimleri renk renk boya. Hepsi hayal g\u00fcc\u00fcne kalm\u0131\u015f.  Harika zaman ge\u00e7ireceksin.<\/p>\n","protected":false},"excerpt":{"rendered":"<p>E\u011flenme ve yarat\u0131c\u0131l\u0131\u011f\u0131n\u0131 g\u00f6sterme zaman\u0131. \u0130ster \u00e7\u0131kartmalar\u0131 resimlere yerle\u015ftirerek kendine yeni resimler yarat, ister resimleri renk renk boya. Hepsi hayal g\u00fcc\u00fcne kalm\u0131\u015f. Harika zaman ge\u00e7ireceksin.<\/p>\n","protected":false},"featured_media":0,"template":"","meta":{"_monsterinsights_skip_tracking":false,"_monsterinsights_sitenote_active":false,"_monsterinsights_sitenote_note":"","_monsterinsights_sitenote_category":0},"product_brand":[],"product_cat":[12274,12284],"product_tag":[],"class_list":{"0":"post-720508","1":"product","2":"type-product","3":"status-publish","5":"product_cat-cocuk-ve-genclik-kitaplari","6":"product_cat-hikayeler","7":"pa_cilt-ciltsiz","8":"pa_tur-kitap","9":"pa_yayinevi-mavi-kelebek-yayinlari","10":"pa_yazar-kolektif","12":"first","13":"instock","14":"sale","15":"shipping-taxable","16":"purchasable","17":"product-type-simple"},"_links":{"self":[{"href":"https:\/\/roveyayinevi.com.tr\/index.php\/wp-json\/wp\/v2\/product\/720508","targetHints":{"allow":["GET"]}}],"collection":[{"href":"https:\/\/roveyayinevi.com.tr\/index.php\/wp-json\/wp\/v2\/product"}],"about":[{"href":"https:\/\/roveyayinevi.com.tr\/index.php\/wp-json\/wp\/v2\/types\/product"}],"wp:attachment":[{"href":"https:\/\/roveyayinevi.com.tr\/index.php\/wp-json\/wp\/v2\/media?parent=720508"}],"wp:term":[{"taxonomy":"product_brand","embeddable":true,"href":"https:\/\/roveyayinevi.com.tr\/index.php\/wp-json\/wp\/v2\/product_brand?post=720508"},{"taxonomy":"product_cat","embeddable":true,"href":"https:\/\/roveyayinevi.com.tr\/index.php\/wp-json\/wp\/v2\/product_cat?post=720508"},{"taxonomy":"product_tag","embeddable":true,"href":"https:\/\/roveyayinevi.com.tr\/index.php\/wp-json\/wp\/v2\/product_tag?post=720508"}],"curies":[{"name":"wp","href":"https:\/\/api.w.org\/{rel}","templated":true}]}}