{"id":720507,"date":"2025-08-27T18:37:00","date_gmt":"2025-08-27T15:37:00","guid":{"rendered":"https:\/\/roveyayinevi.com.tr\/index.php\/urun\/anneler-cildirmis-olmali\/"},"modified":"2026-04-16T02:28:38","modified_gmt":"2026-04-15T23:28:38","slug":"anneler-cildirmis-olmali","status":"publish","type":"product","link":"https:\/\/roveyayinevi.com.tr\/index.php\/urun\/anneler-cildirmis-olmali\/","title":{"rendered":"Anneler \u00c7\u0131ld\u0131rm\u0131\u015f Olmal\u0131"},"content":{"rendered":"<p>Sevgili veliler! Hat\u0131rlatmak isterim ki \u201cmerhaba\u201d \u201cg\u00fcnayd\u0131n\u201d \u201celine sa\u011fl\u0131k\u201d \u201cl\u00fctfen\u201d \u201crica ederim\u201d \u201c\u00f6z\u00fcr dilerim\u201d \u201cte\u015fekk\u00fcr ederim\u201d gibi ifadeler \u00f6nce EVDE \u00d6\u011eREN\u0130L\u0130R. Yine d\u00fcr\u00fcstl\u00fck de ilk defa EVDE \u00d6\u011eREN\u0130L\u0130R. Temiz olmak, a\u011fz\u0131nda  yiyecek varken konu\u015fmamak, ellerini y\u0131kamak ve d\u00fczenli olmak da \u00f6nce EVDE \u00d6\u011eREN\u0130L\u0130R. Arkada\u015fa, ya\u015fl\u0131lara, b\u00fcy\u00fcklere ve \u00f6\u011fretmenlere sayg\u0131 da EVDE \u00d6\u011eREN\u0130L\u0130R. Hayvanlara zarar vermeme, bitkileri koparmama k\u00fclt\u00fcr\u00fc de yine EVDE \u00d6\u011eREN\u0130L\u0130R. K\u00fcf\u00fcr bilse bile kullanmama, herkesin i\u00e7inde burnunu kar\u0131\u015ft\u0131rmama, ge\u011firince \u201cpardon\u201d demek, yerlere t\u00fck\u00fcrmemek ve \u00e7\u00f6p atmamak yine EVDE \u00d6\u011eREN\u0130L\u0130R. Sorumluluklar\u0131n\u0131 bilme, e\u015fyalar\u0131na ve de\u011ferlerine  sahip \u00e7\u0131kma ve ba\u015fkalar\u0131n\u0131n e\u015fyalar\u0131na el s\u00fcrmemek yine EVDE \u00d6\u011eREN\u0130L\u0130R. Biz \u00f6\u011fretmenler okulda yabanc\u0131 dil, matematik, tarih, co\u011frafya, dilbilgisi, T\u00fcrk\u00e7e, hayat bilgisi, fizik, kimya, biyoloji gibi \u015feyler \u00f6\u011fretiriz. Unutmay\u0131n ki E\u011e\u0130T\u0130M evvela EVDE BA\u015eLAR<\/p>\n","protected":false},"excerpt":{"rendered":"<p>Sevgili veliler! Hat\u0131rlatmak isterim ki \u201cmerhaba\u201d \u201cg\u00fcnayd\u0131n\u201d \u201celine sa\u011fl\u0131k\u201d \u201cl\u00fctfen\u201d \u201crica ederim\u201d \u201c\u00f6z\u00fcr dilerim\u201d \u201cte\u015fekk\u00fcr ederim\u201d gibi ifadeler \u00f6nce EVDE \u00d6\u011eREN\u0130L\u0130R. Yine d\u00fcr\u00fcstl\u00fck de ilk defa<span class=\"excerpt-hellip\"> [\u2026]<\/span><\/p>\n","protected":false},"featured_media":0,"template":"","meta":{"_monsterinsights_skip_tracking":false,"_monsterinsights_sitenote_active":false,"_monsterinsights_sitenote_note":"","_monsterinsights_sitenote_category":0},"product_brand":[],"product_cat":[12567,12566],"product_tag":[],"class_list":{"0":"post-720507","1":"product","2":"type-product","3":"status-publish","5":"product_cat-diger-egitim","6":"product_cat-egitim","7":"pa_cilt-ciltsiz","8":"pa_tur-kitap","9":"pa_yayinevi-nar-agaci-yayinlari","10":"pa_yazar-bahar-sarikaya","12":"first","13":"instock","14":"sale","15":"shipping-taxable","16":"purchasable","17":"product-type-simple"},"_links":{"self":[{"href":"https:\/\/roveyayinevi.com.tr\/index.php\/wp-json\/wp\/v2\/product\/720507","targetHints":{"allow":["GET"]}}],"collection":[{"href":"https:\/\/roveyayinevi.com.tr\/index.php\/wp-json\/wp\/v2\/product"}],"about":[{"href":"https:\/\/roveyayinevi.com.tr\/index.php\/wp-json\/wp\/v2\/types\/product"}],"wp:attachment":[{"href":"https:\/\/roveyayinevi.com.tr\/index.php\/wp-json\/wp\/v2\/media?parent=720507"}],"wp:term":[{"taxonomy":"product_brand","embeddable":true,"href":"https:\/\/roveyayinevi.com.tr\/index.php\/wp-json\/wp\/v2\/product_brand?post=720507"},{"taxonomy":"product_cat","embeddable":true,"href":"https:\/\/roveyayinevi.com.tr\/index.php\/wp-json\/wp\/v2\/product_cat?post=720507"},{"taxonomy":"product_tag","embeddable":true,"href":"https:\/\/roveyayinevi.com.tr\/index.php\/wp-json\/wp\/v2\/product_tag?post=720507"}],"curies":[{"name":"wp","href":"https:\/\/api.w.org\/{rel}","templated":true}]}}