{"id":720506,"date":"2025-08-27T18:36:59","date_gmt":"2025-08-27T15:36:59","guid":{"rendered":"https:\/\/roveyayinevi.com.tr\/index.php\/urun\/dunyamiz-2\/"},"modified":"2025-11-06T05:33:46","modified_gmt":"2025-11-06T02:33:46","slug":"dunyamiz-2","status":"publish","type":"product","link":"https:\/\/roveyayinevi.com.tr\/index.php\/urun\/dunyamiz-2\/","title":{"rendered":"D\u00fcnyam\u0131z"},"content":{"rendered":"<p>Merhaba D\u00fcnya!   \u0130\u015fte D\u00fcnyam\u0131z! Mavi rengi \u00fczerindeki denizlerden, kahverengi ise yedi k\u0131tan\u0131n renginden geliyor.   Da\u011flar\u0131yla, ovalar\u0131yla, \u00e7\u00f6lleriyle ve buzullarla kapl\u0131 kutuplar\u0131yla D\u00fcnyam\u0131z\u0131 tan\u0131d\u0131k\u00e7a ne kadar harika bir gezegende ya\u015fad\u0131\u011f\u0131m\u0131z\u0131 anlayacaks\u0131n\u0131z.   D\u00fcnyam\u0131z\u0131n sadece bize ait de\u011fil, di\u011fer canl\u0131lara da ev sahipli\u011fi yap\u0131yor. \u0130\u015fte bu nedenle D\u00fcnyam\u0131z hakk\u0131nda ne kadar \u00e7ok \u015fey bilirsek o kadar iyi koruyabiliriz.   D\u00fcnyam\u0131z hakk\u0131nda merak etti\u011finiz her \u015fey bu kitapta.   <\/p>\n","protected":false},"excerpt":{"rendered":"<p>Merhaba D\u00fcnya! \u0130\u015fte D\u00fcnyam\u0131z! Mavi rengi \u00fczerindeki denizlerden, kahverengi ise yedi k\u0131tan\u0131n renginden geliyor. Da\u011flar\u0131yla, ovalar\u0131yla, \u00e7\u00f6lleriyle ve buzullarla kapl\u0131 kutuplar\u0131yla D\u00fcnyam\u0131z\u0131 tan\u0131d\u0131k\u00e7a ne kadar harika<span class=\"excerpt-hellip\"> [\u2026]<\/span><\/p>\n","protected":false},"featured_media":0,"template":"","meta":{"_monsterinsights_skip_tracking":false,"_monsterinsights_sitenote_active":false,"_monsterinsights_sitenote_note":"","_monsterinsights_sitenote_category":0},"product_brand":[],"product_cat":[12274,12284],"product_tag":[],"class_list":{"0":"post-720506","1":"product","2":"type-product","3":"status-publish","5":"product_cat-cocuk-ve-genclik-kitaplari","6":"product_cat-hikayeler","7":"pa_cilt-ciltsiz","8":"pa_tur-kitap","9":"pa_yayinevi-1001-cicek-kitaplar","10":"pa_yazar-sophie-crepon","12":"first","13":"instock","14":"sale","15":"shipping-taxable","16":"purchasable","17":"product-type-simple"},"_links":{"self":[{"href":"https:\/\/roveyayinevi.com.tr\/index.php\/wp-json\/wp\/v2\/product\/720506","targetHints":{"allow":["GET"]}}],"collection":[{"href":"https:\/\/roveyayinevi.com.tr\/index.php\/wp-json\/wp\/v2\/product"}],"about":[{"href":"https:\/\/roveyayinevi.com.tr\/index.php\/wp-json\/wp\/v2\/types\/product"}],"wp:attachment":[{"href":"https:\/\/roveyayinevi.com.tr\/index.php\/wp-json\/wp\/v2\/media?parent=720506"}],"wp:term":[{"taxonomy":"product_brand","embeddable":true,"href":"https:\/\/roveyayinevi.com.tr\/index.php\/wp-json\/wp\/v2\/product_brand?post=720506"},{"taxonomy":"product_cat","embeddable":true,"href":"https:\/\/roveyayinevi.com.tr\/index.php\/wp-json\/wp\/v2\/product_cat?post=720506"},{"taxonomy":"product_tag","embeddable":true,"href":"https:\/\/roveyayinevi.com.tr\/index.php\/wp-json\/wp\/v2\/product_tag?post=720506"}],"curies":[{"name":"wp","href":"https:\/\/api.w.org\/{rel}","templated":true}]}}