{"id":720503,"date":"2025-08-27T18:36:57","date_gmt":"2025-08-27T15:36:57","guid":{"rendered":"https:\/\/roveyayinevi.com.tr\/index.php\/urun\/gok-tanrinin-golgesi-saman\/"},"modified":"2026-04-16T02:28:38","modified_gmt":"2026-04-15T23:28:38","slug":"gok-tanrinin-golgesi-saman","status":"publish","type":"product","link":"https:\/\/roveyayinevi.com.tr\/index.php\/urun\/gok-tanrinin-golgesi-saman\/","title":{"rendered":"G\u00f6k Tanr\u0131n\u0131n G\u00f6lgesi \u015eaman"},"content":{"rendered":"<p>Nuray Bilgili, b\u00fcy\u00fck ilgi \u00e7eken ve \u00e7ok satan T\u00fcrk Mitolojisi ve T\u00fcrklerde 5 Element adl\u0131 kitaplar\u0131ndan sonra, \u00fc\u00e7\u00fcnc\u00fc eseri ile kar\u015f\u0131m\u0131za \u00e7\u0131k\u0131yor. Bi\u00e7imin ard\u0131ndaki manay\u0131 derinlemesine kavrayan veya manan\u0131n ald\u0131\u011f\u0131 bi\u00e7imi pe\u015finen tespit eden Bilgili, bunlar\u0131n toplam\u0131 olan olgular\u0131 ve tersinden bu olgular\u0131n bile\u015fenlerini kolay anla\u015f\u0131l\u0131r bir dille \u00e2deta resmediyor. \u015eaman\u0131 kavramak i\u00e7in bu y\u00f6ntemin \u00e7ok i\u015fe yarad\u0131\u011f\u0131n\u0131 s\u00f6ylemeliyiz. Resimlerle desteklenen bu kitap, \u015faman ki\u015fisini al\u0131yor ve her \u015feyiyle tan\u0131t\u0131yor. Kim oldu\u011fu, ne yiyip ne i\u00e7ti\u011fi, ne giyip ne kulland\u0131\u011f\u0131, neye nas\u0131l bakt\u0131\u011f\u0131,hangi hareketlerle neyi ama\u00e7lad\u0131\u011f\u0131 ve neyi kastetti\u011fi, bunlar\u0131n ne anlama geldi\u011fi ak\u0131c\u0131 bir dille anlat\u0131l\u0131yor. Bu eserde \u015faman\u0131n daha \u00e7ok din adam\u0131 kimli\u011fi \u00f6ne \u00e7\u0131kart\u0131ld\u0131\u011f\u0131ndan, g\u00fcn\u00fcm\u00fcze kalan eski T\u00fcrk inan\u00e7lar\u0131 veya Sibirya\u2019da \u00e7a\u011fda\u015f d\u00f6nemde derlenmi\u015f veri de \u00e7e\u015fitli ba\u015fl\u0131klar alt\u0131nda de\u011ferlendiriliyor. Bu y\u00f6n\u00fcyle kitap eski T\u00fcrk dini veya inan\u00e7lar\u0131 \u00fczerine bir inceleme \u00f6zelli\u011fi de ta\u015f\u0131yor. Nuray Bilgili\u2019nin \u00f6nemli bir \u00f6zelli\u011fi de kozmografyaya h\u00e2kimiyeti, dolay\u0131s\u0131yla eski T\u00fcrk evren alg\u0131s\u0131n\u0131 bu kitapta bolca okumak m\u00fcmk\u00fcn. Siyasi tarihin s\u0131k\u0131c\u0131 ayr\u0131nt\u0131lar\u0131ndan ve karma\u015f\u0131kl\u0131\u011f\u0131ndan, ayn\u0131 zamanda da gereksiz bir a\u011fdal\u0131k ta\u015f\u0131yan akademik dilden s\u0131k\u0131lan okuyucu i\u00e7in hayat\u0131n i\u00e7inden konular\u0131 bilim g\u00f6zl\u00fc\u011f\u00fcyle ele alan bu t\u00fcr \u00e7al\u0131\u015fmalara her zamankinden fazla ihtiya\u00e7 bulunmaktad\u0131r. \u0130lgi ve merak da bunu g\u00f6steriyor. \u00d6nemli bir konuyu ayr\u0131nt\u0131yla ele al\u0131p inceleyen ve bu kitab\u0131 ortaya \u00e7\u0131karan Say\u0131n Nuray Bilgili\u2019yi kutluyoruz.  Prof. Dr. Osman Karatay<\/p>\n","protected":false},"excerpt":{"rendered":"<p>Nuray Bilgili, b\u00fcy\u00fck ilgi \u00e7eken ve \u00e7ok satan T\u00fcrk Mitolojisi ve T\u00fcrklerde 5 Element adl\u0131 kitaplar\u0131ndan sonra, \u00fc\u00e7\u00fcnc\u00fc eseri ile kar\u015f\u0131m\u0131za \u00e7\u0131k\u0131yor. Bi\u00e7imin ard\u0131ndaki manay\u0131 derinlemesine<span class=\"excerpt-hellip\"> [\u2026]<\/span><\/p>\n","protected":false},"featured_media":0,"template":"","meta":{"_monsterinsights_skip_tracking":false,"_monsterinsights_sitenote_active":false,"_monsterinsights_sitenote_note":"","_monsterinsights_sitenote_category":0},"product_brand":[],"product_cat":[12370,12304],"product_tag":[],"class_list":{"0":"post-720503","1":"product","2":"type-product","3":"status-publish","5":"product_cat-arastirma-inceleme","6":"product_cat-tarih","7":"pa_cilt-ciltsiz","8":"pa_tur-kitap","9":"pa_yayinevi-kripto-basim-yayin","10":"pa_yazar-nuray-bilgili","12":"first","13":"instock","14":"sale","15":"shipping-taxable","16":"purchasable","17":"product-type-simple"},"_links":{"self":[{"href":"https:\/\/roveyayinevi.com.tr\/index.php\/wp-json\/wp\/v2\/product\/720503","targetHints":{"allow":["GET"]}}],"collection":[{"href":"https:\/\/roveyayinevi.com.tr\/index.php\/wp-json\/wp\/v2\/product"}],"about":[{"href":"https:\/\/roveyayinevi.com.tr\/index.php\/wp-json\/wp\/v2\/types\/product"}],"wp:attachment":[{"href":"https:\/\/roveyayinevi.com.tr\/index.php\/wp-json\/wp\/v2\/media?parent=720503"}],"wp:term":[{"taxonomy":"product_brand","embeddable":true,"href":"https:\/\/roveyayinevi.com.tr\/index.php\/wp-json\/wp\/v2\/product_brand?post=720503"},{"taxonomy":"product_cat","embeddable":true,"href":"https:\/\/roveyayinevi.com.tr\/index.php\/wp-json\/wp\/v2\/product_cat?post=720503"},{"taxonomy":"product_tag","embeddable":true,"href":"https:\/\/roveyayinevi.com.tr\/index.php\/wp-json\/wp\/v2\/product_tag?post=720503"}],"curies":[{"name":"wp","href":"https:\/\/api.w.org\/{rel}","templated":true}]}}