{"id":720502,"date":"2025-08-27T18:36:56","date_gmt":"2025-08-27T15:36:56","guid":{"rendered":"https:\/\/roveyayinevi.com.tr\/index.php\/urun\/cocuklar-icin-bitkilerle-kumas-boyama-etkinlik-kitabi\/"},"modified":"2026-04-16T02:28:38","modified_gmt":"2026-04-15T23:28:38","slug":"cocuklar-icin-bitkilerle-kumas-boyama-etkinlik-kitabi","status":"publish","type":"product","link":"https:\/\/roveyayinevi.com.tr\/index.php\/urun\/cocuklar-icin-bitkilerle-kumas-boyama-etkinlik-kitabi\/","title":{"rendered":"\u00c7ocuklar i\u00e7in Bitkilerle Kuma\u015f Boyama Etkinlik Kitab\u0131"},"content":{"rendered":"<p>Bitkilerle kuma\u015f boyamak hem \u00e7ok e\u011flenceli hem de \u00e7evre dostu bir u\u011fra\u015f. Bu konuda denemeler yapmak isterseniz bu kitap tam size g\u00f6re\u2026Zuhal \u00d6zer\u2019in yazd\u0131\u011f\u0131 ve P\u0131nar B\u00fcy\u00fckg\u00fcral\u2019\u0131n resimledi\u011fi Bitkilerle Kuma\u015f Boyama Etkinlik Kitab\u0131 hem \u00e7ocuklar hem de yeti\u015fkinler i\u00e7in keyifli bir etkinlik olana\u011f\u0131 sunuyor.<\/p>\n","protected":false},"excerpt":{"rendered":"<p>Bitkilerle kuma\u015f boyamak hem \u00e7ok e\u011flenceli hem de \u00e7evre dostu bir u\u011fra\u015f. Bu konuda denemeler yapmak isterseniz bu kitap tam size g\u00f6re\u2026Zuhal \u00d6zer\u2019in yazd\u0131\u011f\u0131 ve P\u0131nar<span class=\"excerpt-hellip\"> [\u2026]<\/span><\/p>\n","protected":false},"featured_media":0,"template":"","meta":{"_monsterinsights_skip_tracking":false,"_monsterinsights_sitenote_active":false,"_monsterinsights_sitenote_note":"","_monsterinsights_sitenote_category":0},"product_brand":[],"product_cat":[12644,12274],"product_tag":[],"class_list":{"0":"post-720502","1":"product","2":"type-product","3":"status-publish","5":"product_cat-boyama-kitaplari","6":"product_cat-cocuk-ve-genclik-kitaplari","7":"pa_cilt-ciltsiz","8":"pa_tur-kitap","9":"pa_yayinevi-potikare-yayincilik","10":"pa_yazar-zuhal-ozer","12":"first","13":"instock","14":"sale","15":"shipping-taxable","16":"purchasable","17":"product-type-simple"},"_links":{"self":[{"href":"https:\/\/roveyayinevi.com.tr\/index.php\/wp-json\/wp\/v2\/product\/720502","targetHints":{"allow":["GET"]}}],"collection":[{"href":"https:\/\/roveyayinevi.com.tr\/index.php\/wp-json\/wp\/v2\/product"}],"about":[{"href":"https:\/\/roveyayinevi.com.tr\/index.php\/wp-json\/wp\/v2\/types\/product"}],"wp:attachment":[{"href":"https:\/\/roveyayinevi.com.tr\/index.php\/wp-json\/wp\/v2\/media?parent=720502"}],"wp:term":[{"taxonomy":"product_brand","embeddable":true,"href":"https:\/\/roveyayinevi.com.tr\/index.php\/wp-json\/wp\/v2\/product_brand?post=720502"},{"taxonomy":"product_cat","embeddable":true,"href":"https:\/\/roveyayinevi.com.tr\/index.php\/wp-json\/wp\/v2\/product_cat?post=720502"},{"taxonomy":"product_tag","embeddable":true,"href":"https:\/\/roveyayinevi.com.tr\/index.php\/wp-json\/wp\/v2\/product_tag?post=720502"}],"curies":[{"name":"wp","href":"https:\/\/api.w.org\/{rel}","templated":true}]}}