{"id":720500,"date":"2025-08-27T18:36:54","date_gmt":"2025-08-27T15:36:54","guid":{"rendered":"https:\/\/roveyayinevi.com.tr\/index.php\/urun\/kum-saati-2\/"},"modified":"2026-04-16T02:28:38","modified_gmt":"2026-04-15T23:28:38","slug":"kum-saati-2","status":"publish","type":"product","link":"https:\/\/roveyayinevi.com.tr\/index.php\/urun\/kum-saati-2\/","title":{"rendered":"Kum Saati"},"content":{"rendered":"<p>mesaj\u0131 veren kocaman bir eser. Bir yeti\u015fkin i\u00e7in bile s\u00fcr\u00fckleyici bir kitap olmu\u015f. Metin K\u00f6k\u00e7\u00fc \/ Rehber \u00d6\u011fretmen M\u00fckemmel kurgu, kusursuz \u00fcslup\u2026 Okuyan\u0131 merakta b\u0131rakan, okuduk\u00e7a i\u00e7ine \u00e7eken bir eser. Deniz Civelek \/ G\u00f6rsel Sanatlar \u00d6\u011fretmeni Bu kitab\u0131 okurken hem a\u011flad\u0131m hem g\u00fcld\u00fcm hem de kahramanlar i\u00e7in endi\u015felendim\u2026 Nisa Sezi \u00d6zt\u00fcrk \/ 6. S\u0131n\u0131f \u00d6\u011frencisi Ger\u00e7ekten \u00e7ok g\u00fczel bir kitap olmu\u015f. \u00c7ok s\u00fcr\u00fckleyici. Sanki oradaki karakterlerle siz de bir ser\u00fcvene \u00e7\u0131k\u0131yorsunuz. Herkese tavsiye ederim. Ceyda Ert\u00fcrk \/ 7. S\u0131n\u0131f \u00d6\u011frencisi Bir \u00e7ocuk kitab\u0131 ancak bu kadar g\u00fczel olabilirdi. Karakterleri ve hik\u00e2yesi ile sizi b\u00fcy\u00fcleyecek bir kitap. Samet Karad\u0131r \/ 8. S\u0131n\u0131f \u00d6\u011frencisi Her ya\u015fa hitap edebilen, tek solukta okunan bir roman. Sevde \u00d6zkan \/ \u00dcniversite \u00d6\u011frencisi<\/p>\n","protected":false},"excerpt":{"rendered":"<p>mesaj\u0131 veren kocaman bir eser. Bir yeti\u015fkin i\u00e7in bile s\u00fcr\u00fckleyici bir kitap olmu\u015f. Metin K\u00f6k\u00e7\u00fc \/ Rehber \u00d6\u011fretmen M\u00fckemmel kurgu, kusursuz \u00fcslup\u2026 Okuyan\u0131 merakta b\u0131rakan, okuduk\u00e7a<span class=\"excerpt-hellip\"> [\u2026]<\/span><\/p>\n","protected":false},"featured_media":0,"template":"","meta":{"_monsterinsights_skip_tracking":false,"_monsterinsights_sitenote_active":false,"_monsterinsights_sitenote_note":"","_monsterinsights_sitenote_category":0},"product_brand":[],"product_cat":[12291,12711],"product_tag":[],"class_list":{"0":"post-720500","1":"product","2":"type-product","3":"status-publish","5":"product_cat-edebiyat","6":"product_cat-roman-oyku","7":"pa_cilt-ciltsiz","8":"pa_tur-kitap","9":"pa_yayinevi-bilgi-yayinevi","10":"pa_yazar-fatih-tuncay","12":"first","13":"instock","14":"sale","15":"shipping-taxable","16":"purchasable","17":"product-type-simple"},"_links":{"self":[{"href":"https:\/\/roveyayinevi.com.tr\/index.php\/wp-json\/wp\/v2\/product\/720500","targetHints":{"allow":["GET"]}}],"collection":[{"href":"https:\/\/roveyayinevi.com.tr\/index.php\/wp-json\/wp\/v2\/product"}],"about":[{"href":"https:\/\/roveyayinevi.com.tr\/index.php\/wp-json\/wp\/v2\/types\/product"}],"wp:attachment":[{"href":"https:\/\/roveyayinevi.com.tr\/index.php\/wp-json\/wp\/v2\/media?parent=720500"}],"wp:term":[{"taxonomy":"product_brand","embeddable":true,"href":"https:\/\/roveyayinevi.com.tr\/index.php\/wp-json\/wp\/v2\/product_brand?post=720500"},{"taxonomy":"product_cat","embeddable":true,"href":"https:\/\/roveyayinevi.com.tr\/index.php\/wp-json\/wp\/v2\/product_cat?post=720500"},{"taxonomy":"product_tag","embeddable":true,"href":"https:\/\/roveyayinevi.com.tr\/index.php\/wp-json\/wp\/v2\/product_tag?post=720500"}],"curies":[{"name":"wp","href":"https:\/\/api.w.org\/{rel}","templated":true}]}}