{"id":720492,"date":"2025-08-27T18:36:48","date_gmt":"2025-08-27T15:36:48","guid":{"rendered":"https:\/\/roveyayinevi.com.tr\/index.php\/urun\/atasozlerinin-ilginc-hikayeleri-2\/"},"modified":"2026-04-16T02:28:38","modified_gmt":"2026-04-15T23:28:38","slug":"atasozlerinin-ilginc-hikayeleri-2","status":"publish","type":"product","link":"https:\/\/roveyayinevi.com.tr\/index.php\/urun\/atasozlerinin-ilginc-hikayeleri-2\/","title":{"rendered":"Atas\u00f6zlerinin \u0130lgin\u00e7 Hikayeleri-2"},"content":{"rendered":"<p>Yeterince sab\u0131r g\u00f6sterilmeyip aceleye getirilen i\u015flerin iyi sonu\u00e7 vermeyece\u011fini anlatmak i\u00e7in \u201cAcele i\u015fe \u015feytan kar\u0131\u015f\u0131r!\u201d deriz. \u201cEden bulur!\u201d diyerek, yaln\u0131zca iki s\u00f6zc\u00fckle, bir kimsenin yapt\u0131\u011f\u0131 davran\u0131\u015f\u0131n yan\u0131na k\u00e2r kalmayaca\u011f\u0131n\u0131 anlat\u0131r\u0131z. Sonradan gelenin, haks\u0131z bir \u015fekilde, \u00f6ncekinin \u00f6n\u00fcne ya da yerine ge\u00e7ti\u011fi durumlarda \u201cDa\u011fdan gelen ba\u011fdakini kovar.\u201d atas\u00f6z\u00fcn\u00fc kullan\u0131r\u0131z. Uzaktan takip edenler i\u00e7in cazip fakat ba\u015f\u0131na gelen kimselere rahats\u0131zl\u0131k veren durumlar i\u00e7in \u201cDavulun sesi uzaktan ho\u015f gelir.\u201d deriz. Atas\u00f6zleri, y\u00fczy\u0131llar i\u00e7inde, t\u00fcrl\u00fc tecr\u00fcbelerden s\u00fcz\u00fcle s\u00fcz\u00fcle, hayat\u0131n imbiklerinden dam\u0131t\u0131la dam\u0131t\u0131la ortaya \u00e7\u0131km\u0131\u015f ve dilden dile aktar\u0131larak g\u00fcn\u00fcm\u00fcze kadar ula\u015fm\u0131\u015ft\u0131r. Atas\u00f6zlerinin \u00e7\u0131k\u0131\u015f hik\u00e2yelerinin yer ald\u0131\u011f\u0131 bu seride, hangi atas\u00f6z\u00fcn\u00fcn ne zaman, nas\u0131l ve hangi olay \u00fczerine s\u00f6ylendi\u011fini \u00f6\u011frenirken y\u00fczy\u0131llard\u0131r s\u00fcregelen bilgi birikimine de \u015fahit olacaks\u0131n\u0131z.<\/p>\n","protected":false},"excerpt":{"rendered":"<p>Yeterince sab\u0131r g\u00f6sterilmeyip aceleye getirilen i\u015flerin iyi sonu\u00e7 vermeyece\u011fini anlatmak i\u00e7in \u201cAcele i\u015fe \u015feytan kar\u0131\u015f\u0131r!\u201d deriz. \u201cEden bulur!\u201d diyerek, yaln\u0131zca iki s\u00f6zc\u00fckle, bir kimsenin yapt\u0131\u011f\u0131 davran\u0131\u015f\u0131n<span class=\"excerpt-hellip\"> [\u2026]<\/span><\/p>\n","protected":false},"featured_media":0,"template":"","meta":{"_monsterinsights_skip_tracking":false,"_monsterinsights_sitenote_active":false,"_monsterinsights_sitenote_note":"","_monsterinsights_sitenote_category":0},"product_brand":[],"product_cat":[12274,12284],"product_tag":[],"class_list":{"0":"post-720492","1":"product","2":"type-product","3":"status-publish","5":"product_cat-cocuk-ve-genclik-kitaplari","6":"product_cat-hikayeler","7":"pa_cilt-ciltsiz","8":"pa_tur-kitap","9":"pa_yayinevi-ugurbocegi-yayinlari","10":"pa_yazar-hale-esturk-altay","12":"first","13":"instock","14":"sale","15":"shipping-taxable","16":"purchasable","17":"product-type-simple"},"_links":{"self":[{"href":"https:\/\/roveyayinevi.com.tr\/index.php\/wp-json\/wp\/v2\/product\/720492","targetHints":{"allow":["GET"]}}],"collection":[{"href":"https:\/\/roveyayinevi.com.tr\/index.php\/wp-json\/wp\/v2\/product"}],"about":[{"href":"https:\/\/roveyayinevi.com.tr\/index.php\/wp-json\/wp\/v2\/types\/product"}],"wp:attachment":[{"href":"https:\/\/roveyayinevi.com.tr\/index.php\/wp-json\/wp\/v2\/media?parent=720492"}],"wp:term":[{"taxonomy":"product_brand","embeddable":true,"href":"https:\/\/roveyayinevi.com.tr\/index.php\/wp-json\/wp\/v2\/product_brand?post=720492"},{"taxonomy":"product_cat","embeddable":true,"href":"https:\/\/roveyayinevi.com.tr\/index.php\/wp-json\/wp\/v2\/product_cat?post=720492"},{"taxonomy":"product_tag","embeddable":true,"href":"https:\/\/roveyayinevi.com.tr\/index.php\/wp-json\/wp\/v2\/product_tag?post=720492"}],"curies":[{"name":"wp","href":"https:\/\/api.w.org\/{rel}","templated":true}]}}