{"id":720488,"date":"2025-08-27T18:36:45","date_gmt":"2025-08-27T15:36:45","guid":{"rendered":"https:\/\/roveyayinevi.com.tr\/index.php\/urun\/dunyanin-en-buyuk-evi-ciltli\/"},"modified":"2026-04-16T02:28:38","modified_gmt":"2026-04-15T23:28:38","slug":"dunyanin-en-buyuk-evi-ciltli","status":"publish","type":"product","link":"https:\/\/roveyayinevi.com.tr\/index.php\/urun\/dunyanin-en-buyuk-evi-ciltli\/","title":{"rendered":"D\u00fcnyan\u0131n En B\u00fcy\u00fck Evi (Ciltli)"},"content":{"rendered":"<p>K\u00fc\u00e7\u00fck salyangozun b\u00fcy\u00fck bir hayali vard\u0131r: D\u00fcnyan\u0131n en b\u00fcy\u00fck evine sahip olmak&#8230; Bu iste\u011fini babas\u0131yla payla\u015ft\u0131\u011f\u0131nda ise aksine minik, yal\u0131n bir hik\u00e2yeyle tan\u0131\u015facakt\u0131r. K\u00fc\u00e7\u00fck salyangoz anlar ki y\u00fck\u00fcn hafifledik\u00e7e d\u00fcnyan b\u00fcy\u00fcr ve asl\u0131nda d\u00fcnyan\u0131n kendisi ke\u015ffedilecek koskoca, nefis bir evdir.Lionni\u2019den yine \u00e7i\u00e7ek gibi bir yap\u0131t. Kabu\u011funa s\u0131\u011famayanlar ve d\u00fcnyan\u0131n g\u00f6rmeye de\u011fer t\u00fcm g\u00fczel odalar\u0131, a\u00e7\u0131lacak renkli kap\u0131lar\u0131 i\u00e7in\u2026Tema: Yer ve zaman olarak nerede oldu\u011fumuz.Kavramlar ve Anahtar S\u00f6zc\u00fckler: \u0130leti\u015fim, ya\u015fam alan\u0131, istekler, ihtiya\u00e7lar, mutluluk, ger\u00e7eklik, \u015fekil, ke\u015fif, fark\u0131ndal\u0131k.Tutum ve De\u011ferler: Empati, sayg\u0131, sevgi, istekli olma, de\u011fer bilme, merak.Profil \u00d6\u011feleri: D\u00f6n\u00fc\u015f\u00fcml\u00fc d\u00fc\u015f\u00fcnen, dengeli.<\/p>\n","protected":false},"excerpt":{"rendered":"<p>K\u00fc\u00e7\u00fck salyangozun b\u00fcy\u00fck bir hayali vard\u0131r: D\u00fcnyan\u0131n en b\u00fcy\u00fck evine sahip olmak&#8230; Bu iste\u011fini babas\u0131yla payla\u015ft\u0131\u011f\u0131nda ise aksine minik, yal\u0131n bir hik\u00e2yeyle tan\u0131\u015facakt\u0131r. K\u00fc\u00e7\u00fck salyangoz anlar<span class=\"excerpt-hellip\"> [\u2026]<\/span><\/p>\n","protected":false},"featured_media":0,"template":"","meta":{"_monsterinsights_skip_tracking":false,"_monsterinsights_sitenote_active":false,"_monsterinsights_sitenote_note":"","_monsterinsights_sitenote_category":0},"product_brand":[],"product_cat":[12913,12274],"product_tag":[],"class_list":{"0":"post-720488","1":"product","2":"type-product","3":"status-publish","5":"product_cat-3-6-yas-kitaplari","6":"product_cat-cocuk-ve-genclik-kitaplari","7":"pa_cilt-ciltli","8":"pa_tur-kitap","9":"pa_yayinevi-elma-cocuk","10":"pa_yazar-leo-lionni","12":"first","13":"instock","14":"sale","15":"shipping-taxable","16":"purchasable","17":"product-type-simple"},"_links":{"self":[{"href":"https:\/\/roveyayinevi.com.tr\/index.php\/wp-json\/wp\/v2\/product\/720488","targetHints":{"allow":["GET"]}}],"collection":[{"href":"https:\/\/roveyayinevi.com.tr\/index.php\/wp-json\/wp\/v2\/product"}],"about":[{"href":"https:\/\/roveyayinevi.com.tr\/index.php\/wp-json\/wp\/v2\/types\/product"}],"wp:attachment":[{"href":"https:\/\/roveyayinevi.com.tr\/index.php\/wp-json\/wp\/v2\/media?parent=720488"}],"wp:term":[{"taxonomy":"product_brand","embeddable":true,"href":"https:\/\/roveyayinevi.com.tr\/index.php\/wp-json\/wp\/v2\/product_brand?post=720488"},{"taxonomy":"product_cat","embeddable":true,"href":"https:\/\/roveyayinevi.com.tr\/index.php\/wp-json\/wp\/v2\/product_cat?post=720488"},{"taxonomy":"product_tag","embeddable":true,"href":"https:\/\/roveyayinevi.com.tr\/index.php\/wp-json\/wp\/v2\/product_tag?post=720488"}],"curies":[{"name":"wp","href":"https:\/\/api.w.org\/{rel}","templated":true}]}}