{"id":720486,"date":"2025-08-27T18:36:44","date_gmt":"2025-08-27T15:36:44","guid":{"rendered":"https:\/\/roveyayinevi.com.tr\/index.php\/urun\/bir-daha-bak-set\/"},"modified":"2026-04-16T02:28:38","modified_gmt":"2026-04-15T23:28:38","slug":"bir-daha-bak-set","status":"publish","type":"product","link":"https:\/\/roveyayinevi.com.tr\/index.php\/urun\/bir-daha-bak-set\/","title":{"rendered":"Bir Daha Bak (Set)"},"content":{"rendered":"<p>Bir Daha Bak Dikkati Geli\u015ftiren Oyun Kartlar\u0131 Bu Kartlar Daha Dikkatli \u00c7ocuklar \u0130\u00e7in  \u201cBir Daha Bak\u201d  \u00e7ocuklar\u0131n dikkatle bakarak g\u00f6rebilme ve ay\u0131rt edebilme becerilerini geli\u015ftirmek i\u00e7in tasarlanm\u0131\u015ft\u0131r. Her kartta \u00e7ocuklar\u0131n ismini veya ne i\u015fe yarad\u0131\u011f\u0131n\u0131 bildi\u011fi d\u00f6rt nesne bulunmaktad\u0131r. Nesneler \u00fcst \u00fcste yerle\u015ftirilmi\u015ftir. \u0130lk bak\u0131\u015fta g\u00f6rsel yo\u011fun ve kar\u0131\u015f\u0131kt\u0131r. Dikkatle bak\u0131ld\u0131\u011f\u0131nda her nesne tek tek g\u00f6r\u00fclmeye ba\u015flar. Bu \u00e7ocuklar\u0131n dikkat egzersizi yapabilmeleri i\u00e7in e\u011flenceli bir y\u00f6ntemdir. Kartlar\u0131n bir k\u0131sm\u0131 di\u011ferlerine g\u00f6re biraz daha zor olarak tasarlanm\u0131\u015ft\u0131r.Her Ad\u0131m\u0131 \u00d6nce Onun Yapmas\u0131na \u0130zin Verin Kar\u0131\u015f\u0131k g\u00f6rselin i\u00e7indeki nesneler tek tek ortaya \u00e7\u0131kmaya ba\u015flad\u0131\u011f\u0131nda \u00e7ocuklar heyecanlan\u0131r ve ke\u015ffetmenin tad\u0131n\u0131 ya\u015farlar. Bu nesneler etraflar\u0131nda g\u00f6rd\u00fckleri nesneler olunca heyecanlar\u0131 daha da artar. Acele etmesi gerekti\u011fi hissini uyand\u0131rmadan \u201cAaa, acaba burada ne var? Bir yerlere bir \u015feyler mi saklanm\u0131\u015f?\u201d gibi sorularla onu oyuna y\u00f6nlendirebilirsiniz.  Bu kartlarla farkl\u0131 oyunlar oynayabilirsiniz.  Ayn\u0131s\u0131n\u0131 Bulal\u0131m Oyunu Kartlardaki nesneleri \u00e7evrenizde bulma oyunu oynayabilirsiniz. Bakmadan kartlardan birini se\u00e7in, \u00e7ocu\u011funuzdan kartta \u00e7\u0131kan d\u00f6rt nesnenin kendisini veya resmini evden veya \u00e7evresinden bulup getirmesini isteyin. Bilmece Oyunu Kartlar\u0131 bilmece oyunu kart\u0131na \u00e7evirebilirsiniz. Herkes bir kart se\u00e7er ve birbirine g\u00f6stermez. \u0130lk siz ba\u015flayarak ona elinizdeki nesneyi veya varl\u0131\u011f\u0131 tan\u0131mlars\u0131n\u0131z; \u201cOrmanlarda ya\u015far, en iri hayvand\u0131r, gri renklidir, uzun sivri di\u015fleri vard\u0131r.\u201d \u00c7ocu\u011funuz hayvan\u0131 tahmin edene kadar ona biraz daha ipucu verirsiniz. Sonra s\u0131ra ona gelir ve tan\u0131mlamay\u0131 \u00e7ocu\u011funuz yapar. Bir nesnenin ad\u0131n\u0131 s\u00f6ylemeden onu \u00f6zellikleriyle tarif etmek dil becerisini geli\u015ftirir. Kavram ve Kazan\u0131mlar: Kutu i\u00e7inde 24 adet Bir Daha Bak Kart\u0131 ve silinebilir kalem vard\u0131r. Silinebilir kalem ile \u00e7ocuklar nesnelerin s\u0131n\u0131rlar\u0131n\u0131 takip edebilirler. Bo\u015f kartta kendi kartlar\u0131n\u0131 tasarlayabilirler. Bu oyunlar \u00e7ocuklar\u0131n, el ve g\u00f6z koordinasyonunu destekler. D\u00fc\u015f\u00fcnme, tan\u0131mlama ve konu\u015fma becerilerini geli\u015ftirir. Nesneler aras\u0131 ba\u011flant\u0131 kurmas\u0131na ve sizinle keyifli zaman ge\u00e7irmesine yard\u0131mc\u0131 olur.<\/p>\n","protected":false},"excerpt":{"rendered":"<p>Bir Daha Bak Dikkati Geli\u015ftiren Oyun Kartlar\u0131 Bu Kartlar Daha Dikkatli \u00c7ocuklar \u0130\u00e7in \u201cBir Daha Bak\u201d \u00e7ocuklar\u0131n dikkatle bakarak g\u00f6rebilme ve ay\u0131rt edebilme becerilerini geli\u015ftirmek i\u00e7in<span class=\"excerpt-hellip\"> [\u2026]<\/span><\/p>\n","protected":false},"featured_media":0,"template":"","meta":{"_monsterinsights_skip_tracking":false,"_monsterinsights_sitenote_active":false,"_monsterinsights_sitenote_note":"","_monsterinsights_sitenote_category":0},"product_brand":[],"product_cat":[12274,24599],"product_tag":[],"class_list":{"0":"post-720486","1":"product","2":"type-product","3":"status-publish","5":"product_cat-cocuk-ve-genclik-kitaplari","6":"product_cat-zeka-gelisimi","7":"pa_cilt-set","8":"pa_tur-kitap","9":"pa_yayinevi-ucan-kitap","10":"pa_yazar-ucan-kitap-kolektif","12":"first","13":"instock","14":"sale","15":"shipping-taxable","16":"purchasable","17":"product-type-simple"},"_links":{"self":[{"href":"https:\/\/roveyayinevi.com.tr\/index.php\/wp-json\/wp\/v2\/product\/720486","targetHints":{"allow":["GET"]}}],"collection":[{"href":"https:\/\/roveyayinevi.com.tr\/index.php\/wp-json\/wp\/v2\/product"}],"about":[{"href":"https:\/\/roveyayinevi.com.tr\/index.php\/wp-json\/wp\/v2\/types\/product"}],"wp:attachment":[{"href":"https:\/\/roveyayinevi.com.tr\/index.php\/wp-json\/wp\/v2\/media?parent=720486"}],"wp:term":[{"taxonomy":"product_brand","embeddable":true,"href":"https:\/\/roveyayinevi.com.tr\/index.php\/wp-json\/wp\/v2\/product_brand?post=720486"},{"taxonomy":"product_cat","embeddable":true,"href":"https:\/\/roveyayinevi.com.tr\/index.php\/wp-json\/wp\/v2\/product_cat?post=720486"},{"taxonomy":"product_tag","embeddable":true,"href":"https:\/\/roveyayinevi.com.tr\/index.php\/wp-json\/wp\/v2\/product_tag?post=720486"}],"curies":[{"name":"wp","href":"https:\/\/api.w.org\/{rel}","templated":true}]}}