{"id":720484,"date":"2025-08-27T18:36:42","date_gmt":"2025-08-27T15:36:42","guid":{"rendered":"https:\/\/roveyayinevi.com.tr\/index.php\/urun\/degirmen-5\/"},"modified":"2026-04-08T02:36:08","modified_gmt":"2026-04-07T23:36:08","slug":"degirmen-5","status":"publish","type":"product","link":"https:\/\/roveyayinevi.com.tr\/index.php\/urun\/degirmen-5\/","title":{"rendered":"De\u011firmen"},"content":{"rendered":"<p>Toplumsal ger\u00e7ek\u00e7i edebiyat\u0131m\u0131z\u0131n ilk \u00f6rneklerinden bir yap\u0131t&#8230; Sabahattin Ali\u2019nin ilk hik\u00e2yeler kitab\u0131 olan De\u011firmen, a\u015fkla yo\u011frulmu\u015f k\u00fc\u00e7\u00fck ya\u015famlar\u0131n \u015fiirsel anlat\u0131m\u0131yla doludur. Kitaba ad\u0131n\u0131 veren \u201cDe\u011firmen\u201d adl\u0131 \u00f6yk\u00fc 1930\u2019lu y\u0131llara uzanan bir d\u00f6nemde yaz\u0131lm\u0131\u015f ve bir \u00f6l\u00e7\u00fcde \u00fcnl\u00fc yazar Maksim Gorki\u2019nin anlat\u0131lar\u0131yla paralellik ta\u015f\u0131maktad\u0131r. Sabahattin Ali, yazarl\u0131k ya\u015fam\u0131nda \u201cb\u00fcy\u00fck kap\u0131dan girmek\u201d olarak adland\u0131r\u0131lan ustal\u0131\u011fa bu yap\u0131tla ad\u0131m atm\u0131\u015ft\u0131r.<\/p>\n","protected":false},"excerpt":{"rendered":"<p>Toplumsal ger\u00e7ek\u00e7i edebiyat\u0131m\u0131z\u0131n ilk \u00f6rneklerinden bir yap\u0131t&#8230; Sabahattin Ali\u2019nin ilk hik\u00e2yeler kitab\u0131 olan De\u011firmen, a\u015fkla yo\u011frulmu\u015f k\u00fc\u00e7\u00fck ya\u015famlar\u0131n \u015fiirsel anlat\u0131m\u0131yla doludur. Kitaba ad\u0131n\u0131 veren \u201cDe\u011firmen\u201d adl\u0131<span class=\"excerpt-hellip\"> [\u2026]<\/span><\/p>\n","protected":false},"featured_media":0,"template":"","meta":{"_monsterinsights_skip_tracking":false,"_monsterinsights_sitenote_active":false,"_monsterinsights_sitenote_note":"","_monsterinsights_sitenote_category":0},"product_brand":[],"product_cat":[12291,12711],"product_tag":[],"class_list":{"0":"post-720484","1":"product","2":"type-product","3":"status-publish","5":"product_cat-edebiyat","6":"product_cat-roman-oyku","7":"pa_cilt-ciltsiz","8":"pa_tur-kitap","9":"pa_yayinevi-remzi-kitabevi","10":"pa_yazar-sabahattin-ali","12":"first","13":"instock","14":"sale","15":"shipping-taxable","16":"purchasable","17":"product-type-simple"},"_links":{"self":[{"href":"https:\/\/roveyayinevi.com.tr\/index.php\/wp-json\/wp\/v2\/product\/720484","targetHints":{"allow":["GET"]}}],"collection":[{"href":"https:\/\/roveyayinevi.com.tr\/index.php\/wp-json\/wp\/v2\/product"}],"about":[{"href":"https:\/\/roveyayinevi.com.tr\/index.php\/wp-json\/wp\/v2\/types\/product"}],"wp:attachment":[{"href":"https:\/\/roveyayinevi.com.tr\/index.php\/wp-json\/wp\/v2\/media?parent=720484"}],"wp:term":[{"taxonomy":"product_brand","embeddable":true,"href":"https:\/\/roveyayinevi.com.tr\/index.php\/wp-json\/wp\/v2\/product_brand?post=720484"},{"taxonomy":"product_cat","embeddable":true,"href":"https:\/\/roveyayinevi.com.tr\/index.php\/wp-json\/wp\/v2\/product_cat?post=720484"},{"taxonomy":"product_tag","embeddable":true,"href":"https:\/\/roveyayinevi.com.tr\/index.php\/wp-json\/wp\/v2\/product_tag?post=720484"}],"curies":[{"name":"wp","href":"https:\/\/api.w.org\/{rel}","templated":true}]}}