{"id":720483,"date":"2025-08-27T18:36:41","date_gmt":"2025-08-27T15:36:41","guid":{"rendered":"https:\/\/roveyayinevi.com.tr\/index.php\/urun\/gizli-ihtisam\/"},"modified":"2026-04-16T02:28:38","modified_gmt":"2026-04-15T23:28:38","slug":"gizli-ihtisam","status":"publish","type":"product","link":"https:\/\/roveyayinevi.com.tr\/index.php\/urun\/gizli-ihtisam\/","title":{"rendered":"Gizli \u0130hti\u015fam"},"content":{"rendered":"<p>Bu kitap ba\u015ftan sona, tam anlam\u0131yla, beyhude i\u015flerle vakit kaybeden talihsiz bir adam\u0131n hik\u00e2yesi. Bu adam s\u0131radan birinin d\u00fc\u015f\u00fcnd\u00fc\u011f\u00fc gibi d\u00fc\u015f\u00fcnemez ve yapamazd\u0131, hatta yanl\u0131\u015f yapt\u0131\u011f\u0131nda bile onu olduk\u00e7a s\u0131ra d\u0131\u015f\u0131 ve tuhaf \u015fekilde yapard\u0131. Onun, y\u00fczy\u0131llar aras\u0131nda yolunu kaybetmi\u015f bir aziz mi yoksa sadece safi bir deli mi oldu\u011fu karar\u0131 okuyucuya kalmaktad\u0131r.<\/p>\n","protected":false},"excerpt":{"rendered":"<p>Bu kitap ba\u015ftan sona, tam anlam\u0131yla, beyhude i\u015flerle vakit kaybeden talihsiz bir adam\u0131n hik\u00e2yesi. Bu adam s\u0131radan birinin d\u00fc\u015f\u00fcnd\u00fc\u011f\u00fc gibi d\u00fc\u015f\u00fcnemez ve yapamazd\u0131, hatta yanl\u0131\u015f yapt\u0131\u011f\u0131nda<span class=\"excerpt-hellip\"> [\u2026]<\/span><\/p>\n","protected":false},"featured_media":0,"template":"","meta":{"_monsterinsights_skip_tracking":false,"_monsterinsights_sitenote_active":false,"_monsterinsights_sitenote_note":"","_monsterinsights_sitenote_category":0},"product_brand":[],"product_cat":[12291,12711],"product_tag":[],"class_list":{"0":"post-720483","1":"product","2":"type-product","3":"status-publish","5":"product_cat-edebiyat","6":"product_cat-roman-oyku","7":"pa_cilt-ciltsiz","8":"pa_tur-kitap","9":"pa_yayinevi-kozmostar","10":"pa_yazar-arthur-machen","12":"first","13":"instock","14":"sale","15":"shipping-taxable","16":"purchasable","17":"product-type-simple"},"_links":{"self":[{"href":"https:\/\/roveyayinevi.com.tr\/index.php\/wp-json\/wp\/v2\/product\/720483","targetHints":{"allow":["GET"]}}],"collection":[{"href":"https:\/\/roveyayinevi.com.tr\/index.php\/wp-json\/wp\/v2\/product"}],"about":[{"href":"https:\/\/roveyayinevi.com.tr\/index.php\/wp-json\/wp\/v2\/types\/product"}],"wp:attachment":[{"href":"https:\/\/roveyayinevi.com.tr\/index.php\/wp-json\/wp\/v2\/media?parent=720483"}],"wp:term":[{"taxonomy":"product_brand","embeddable":true,"href":"https:\/\/roveyayinevi.com.tr\/index.php\/wp-json\/wp\/v2\/product_brand?post=720483"},{"taxonomy":"product_cat","embeddable":true,"href":"https:\/\/roveyayinevi.com.tr\/index.php\/wp-json\/wp\/v2\/product_cat?post=720483"},{"taxonomy":"product_tag","embeddable":true,"href":"https:\/\/roveyayinevi.com.tr\/index.php\/wp-json\/wp\/v2\/product_tag?post=720483"}],"curies":[{"name":"wp","href":"https:\/\/api.w.org\/{rel}","templated":true}]}}