{"id":720482,"date":"2025-08-27T18:36:40","date_gmt":"2025-08-27T15:36:40","guid":{"rendered":"https:\/\/roveyayinevi.com.tr\/index.php\/urun\/bir-hayat-yolcusunun-siir-kitabi\/"},"modified":"2026-04-16T02:28:38","modified_gmt":"2026-04-15T23:28:38","slug":"bir-hayat-yolcusunun-siir-kitabi","status":"publish","type":"product","link":"https:\/\/roveyayinevi.com.tr\/index.php\/urun\/bir-hayat-yolcusunun-siir-kitabi\/","title":{"rendered":"Bir Hayat Yolcusunun \u015eiir Kitab\u0131"},"content":{"rendered":"<p>\u015eair Osman Gezmek, do\u011fan\u0131n ve ya\u015fam\u0131n g\u00fcc\u00fcn\u00fc \u015fiirlerinde ustal\u0131kla i\u015flemektedir. Bazen sevgi, bazen h\u00fcz\u00fcn, bazen mutluluk\u2026 Hepimizden bir par\u00e7a\u2026 BODRUMTarihi eski kalesi, antik tiyatrosuKaria prensesinin ya\u015fad\u0131\u011f\u0131 yurdu, Bodrum!Ak\u0131llara durgun g\u00fczelli\u011finin bilan\u00e7osuArt\u0131k ben de sizden biri oldum Bodrum. ESK\u0130\u015eEH\u0130RMedeniyet \u015fehri, \u0131\u015f\u0131k tutmu\u015f ge\u00e7mi\u015ften gelece\u011fine,\u00dcniversiteler me\u015fale oluyor gelece\u011fin gen\u00e7li\u011fine,Bu \u015fehir ayd\u0131nl\u0131kt\u0131r demokrasi d\u00fczenine,\u00d6yle bir hayran oldum ben sana Eski\u015fehir.<\/p>\n","protected":false},"excerpt":{"rendered":"<p>\u015eair Osman Gezmek, do\u011fan\u0131n ve ya\u015fam\u0131n g\u00fcc\u00fcn\u00fc \u015fiirlerinde ustal\u0131kla i\u015flemektedir. Bazen sevgi, bazen h\u00fcz\u00fcn, bazen mutluluk\u2026 Hepimizden bir par\u00e7a\u2026 BODRUMTarihi eski kalesi, antik tiyatrosuKaria prensesinin ya\u015fad\u0131\u011f\u0131<span class=\"excerpt-hellip\"> [\u2026]<\/span><\/p>\n","protected":false},"featured_media":0,"template":"","meta":{"_monsterinsights_skip_tracking":false,"_monsterinsights_sitenote_active":false,"_monsterinsights_sitenote_note":"","_monsterinsights_sitenote_category":0},"product_brand":[],"product_cat":[12291,12509],"product_tag":[],"class_list":{"0":"post-720482","1":"product","2":"type-product","3":"status-publish","5":"product_cat-edebiyat","6":"product_cat-siir","7":"pa_cilt-ciltsiz","8":"pa_tur-kitap","9":"pa_yayinevi-kozmostar","10":"pa_yazar-osman-gezmek","12":"first","13":"instock","14":"sale","15":"shipping-taxable","16":"purchasable","17":"product-type-simple"},"_links":{"self":[{"href":"https:\/\/roveyayinevi.com.tr\/index.php\/wp-json\/wp\/v2\/product\/720482","targetHints":{"allow":["GET"]}}],"collection":[{"href":"https:\/\/roveyayinevi.com.tr\/index.php\/wp-json\/wp\/v2\/product"}],"about":[{"href":"https:\/\/roveyayinevi.com.tr\/index.php\/wp-json\/wp\/v2\/types\/product"}],"wp:attachment":[{"href":"https:\/\/roveyayinevi.com.tr\/index.php\/wp-json\/wp\/v2\/media?parent=720482"}],"wp:term":[{"taxonomy":"product_brand","embeddable":true,"href":"https:\/\/roveyayinevi.com.tr\/index.php\/wp-json\/wp\/v2\/product_brand?post=720482"},{"taxonomy":"product_cat","embeddable":true,"href":"https:\/\/roveyayinevi.com.tr\/index.php\/wp-json\/wp\/v2\/product_cat?post=720482"},{"taxonomy":"product_tag","embeddable":true,"href":"https:\/\/roveyayinevi.com.tr\/index.php\/wp-json\/wp\/v2\/product_tag?post=720482"}],"curies":[{"name":"wp","href":"https:\/\/api.w.org\/{rel}","templated":true}]}}