{"id":720478,"date":"2025-08-27T18:36:37","date_gmt":"2025-08-27T15:36:37","guid":{"rendered":"https:\/\/roveyayinevi.com.tr\/index.php\/urun\/turkiye-cumhuriyetinde-guc-odaklarinin-mucadelesi-1923-1961\/"},"modified":"2026-04-16T02:28:38","modified_gmt":"2026-04-15T23:28:38","slug":"turkiye-cumhuriyetinde-guc-odaklarinin-mucadelesi-1923-1961","status":"publish","type":"product","link":"https:\/\/roveyayinevi.com.tr\/index.php\/urun\/turkiye-cumhuriyetinde-guc-odaklarinin-mucadelesi-1923-1961\/","title":{"rendered":"T\u00fcrkiye Cumhuriyeti&#8217;nde G\u00fc\u00e7 Odaklar\u0131n\u0131n M\u00fccadelesi ( 1923-1961 )"},"content":{"rendered":"<p>T\u00fcrkiye Cumhuriyeti\u2019nin kurulu\u015f y\u0131l\u0131 olan 1923\u2019ten 1961\u2019e kadar ge\u00e7en 38 y\u0131lda, \u00f6ncesinde oldu\u011fu gibi, g\u00fc\u00e7 odaklar\u0131n\u0131n b\u00fcy\u00fck m\u00fccadeleleri oldu.\u0130\u015fte elinizdeki kitap bu 38 y\u0131lda ya\u015fananlara \u0131\u015f\u0131k tutuyor: Hangi tarihsel kesitte, hangi g\u00fc\u00e7ler ve temsilcileri, nas\u0131l kar\u015f\u0131 kar\u015f\u0131ya geldi? Kimler kazand\u0131, kimler kaybetti? Siyasal ve sosyoekonomik tarih nas\u0131l yaz\u0131ld\u0131?\u0130lker Ba\u015fbu\u011f bu s\u00fcre\u00e7te ya\u015fanan olaylar\u0131 neden-sonu\u00e7 ili\u015fkilerini ortaya \u00e7\u0131kartacak \u015fekilde sorular sormaya ve bu sorulara cevaplar bulmaya \u00e7al\u0131\u015farak tart\u0131\u015f\u0131yor ve analiz ediyor.Bu yakla\u015f\u0131ma birka\u00e7 \u00f6rnek:1926\u2019daki \u0130zmir suikast\u0131 giri\u015fimi sonras\u0131 Atat\u00fcrk\u2019\u00fcn kar\u015f\u0131s\u0131nda etkili bir g\u00fc\u00e7 kald\u0131 m\u0131?Atat\u00fcrk, \u0130n\u00f6n\u00fc\u2019n\u00fcn ba\u015fbakanl\u0131ktan ayr\u0131lmas\u0131n\u0131n ard\u0131ndan neden Celal Bayar\u2019\u0131 tercih etti?T\u00fcrk Devrimi\u2019nin felsefesinin temel ta\u015f\u0131n\u0131 hangi d\u00fc\u015f\u00fcnce olu\u015fturmaktad\u0131r?\u0130n\u00f6n\u00fc, 2. D\u00fcnya Sava\u015f\u0131 s\u0131ras\u0131nda T\u00fcrkiye\u2019nin co\u011frafyas\u0131ndan kaynakl\u0131 g\u00fcc\u00fcn\u00fc etkin hale getirebilmeyi ba\u015farabildi mi?\u00c7ift\u00e7iyi Toprakland\u0131rma Kanunu neden ba\u015far\u0131yla uygulanamad\u0131?\u0130n\u00f6n\u00fc\u2019y\u00fc \u00e7ok partili demokrasiye ge\u00e7i\u015fe zorlayan nedenler ve sonu\u00e7lar\u0131\u20261946-1950 y\u0131llar\u0131 aras\u0131nda demokrasi m\u00fccadelesi veren bir partinin daha sonra bu \u00e7izgiden sapmas\u0131n\u0131n nedenleri ve sonu\u00e7lar\u0131\u202627 May\u0131s: \u0130htilal mi, darbe mi?38 y\u0131la damgas\u0131n\u0131 vuran t\u00fcm \u00f6nemli olaylar\u0131n analiz edildi\u011fi bu kitap siyasi tarihimize yeni bir bak\u0131\u015fla bakman\u0131z\u0131 sa\u011flayacak\u2026<\/p>\n","protected":false},"excerpt":{"rendered":"<p>T\u00fcrkiye Cumhuriyeti\u2019nin kurulu\u015f y\u0131l\u0131 olan 1923\u2019ten 1961\u2019e kadar ge\u00e7en 38 y\u0131lda, \u00f6ncesinde oldu\u011fu gibi, g\u00fc\u00e7 odaklar\u0131n\u0131n b\u00fcy\u00fck m\u00fccadeleleri oldu.\u0130\u015fte elinizdeki kitap bu 38 y\u0131lda ya\u015fananlara \u0131\u015f\u0131k<span class=\"excerpt-hellip\"> [\u2026]<\/span><\/p>\n","protected":false},"featured_media":0,"template":"","meta":{"_monsterinsights_skip_tracking":false,"_monsterinsights_sitenote_active":false,"_monsterinsights_sitenote_note":"","_monsterinsights_sitenote_category":0},"product_brand":[],"product_cat":[12337,14543],"product_tag":[],"class_list":{"0":"post-720478","1":"product","2":"type-product","3":"status-publish","5":"product_cat-politika-siyaset","6":"product_cat-turkiye-siyaseti-ve-politikasi","7":"pa_cilt-ciltsiz","8":"pa_tur-kitap","9":"pa_yayinevi-kirmizi-kedi-yayinevi","10":"pa_yazar-ilker-basbug","12":"first","13":"instock","14":"sale","15":"shipping-taxable","16":"purchasable","17":"product-type-simple"},"_links":{"self":[{"href":"https:\/\/roveyayinevi.com.tr\/index.php\/wp-json\/wp\/v2\/product\/720478","targetHints":{"allow":["GET"]}}],"collection":[{"href":"https:\/\/roveyayinevi.com.tr\/index.php\/wp-json\/wp\/v2\/product"}],"about":[{"href":"https:\/\/roveyayinevi.com.tr\/index.php\/wp-json\/wp\/v2\/types\/product"}],"wp:attachment":[{"href":"https:\/\/roveyayinevi.com.tr\/index.php\/wp-json\/wp\/v2\/media?parent=720478"}],"wp:term":[{"taxonomy":"product_brand","embeddable":true,"href":"https:\/\/roveyayinevi.com.tr\/index.php\/wp-json\/wp\/v2\/product_brand?post=720478"},{"taxonomy":"product_cat","embeddable":true,"href":"https:\/\/roveyayinevi.com.tr\/index.php\/wp-json\/wp\/v2\/product_cat?post=720478"},{"taxonomy":"product_tag","embeddable":true,"href":"https:\/\/roveyayinevi.com.tr\/index.php\/wp-json\/wp\/v2\/product_tag?post=720478"}],"curies":[{"name":"wp","href":"https:\/\/api.w.org\/{rel}","templated":true}]}}