{"id":720477,"date":"2025-08-27T18:36:37","date_gmt":"2025-08-27T15:36:37","guid":{"rendered":"https:\/\/roveyayinevi.com.tr\/index.php\/urun\/kanatlarinla-kon-ruhuma\/"},"modified":"2026-04-16T02:28:38","modified_gmt":"2026-04-15T23:28:38","slug":"kanatlarinla-kon-ruhuma","status":"publish","type":"product","link":"https:\/\/roveyayinevi.com.tr\/index.php\/urun\/kanatlarinla-kon-ruhuma\/","title":{"rendered":"Kanatlar\u0131nla Kon Ruhuma"},"content":{"rendered":"<p>Gelin ben size hik\u00e2yeyi en ba\u015f\u0131ndan anlatay\u0131m. Az \u00e7ok ilerleyi\u015fi tahmin etmi\u015fsinizdir. Bir kad\u0131n bir adam, tutkulu bir a\u015fk ve ihanet, ard\u0131ndan ise intihar. Hadi sizin i\u00e7in bir t\u0131k daha ilerleteyim; ac\u0131mas\u0131z bir intikam plan\u0131. T\u00fcm tahminlerinizi yerle bir edecek bir hik\u00e2ye ile kar\u015f\u0131 kar\u015f\u0131yas\u0131n\u0131z. Haz\u0131r m\u0131s\u0131n\u0131z?\u201cGitmek bir tercihti. Herkes giderdi. Ama\u2026Darmaduman ederek gidilmezdi, y\u0131k\u0131l\u0131\u015f\u0131ma ho\u015f geldiniz, e\u011fer iyi bir psikolojiye sahip de\u011filseniz kitab\u0131 sessizce b\u0131rak\u0131n. Zira bu \u00e7\u00f6k\u00fc\u015f di\u011ferlerine hi\u00e7 benzemiyor.\u201d\u201cBu kadar ge\u00e7 kald\u0131\u011f\u0131m i\u00e7in aptal\u0131n teki olmal\u0131y\u0131m.Kendimi affetmeyece\u011fim.\u201d<\/p>\n","protected":false},"excerpt":{"rendered":"<p>Gelin ben size hik\u00e2yeyi en ba\u015f\u0131ndan anlatay\u0131m. Az \u00e7ok ilerleyi\u015fi tahmin etmi\u015fsinizdir. Bir kad\u0131n bir adam, tutkulu bir a\u015fk ve ihanet, ard\u0131ndan ise intihar. Hadi sizin<span class=\"excerpt-hellip\"> [\u2026]<\/span><\/p>\n","protected":false},"featured_media":0,"template":"","meta":{"_monsterinsights_skip_tracking":false,"_monsterinsights_sitenote_active":false,"_monsterinsights_sitenote_note":"","_monsterinsights_sitenote_category":0},"product_brand":[],"product_cat":[12291,12711],"product_tag":[],"class_list":{"0":"post-720477","1":"product","2":"type-product","3":"status-publish","5":"product_cat-edebiyat","6":"product_cat-roman-oyku","7":"pa_cilt-ciltsiz","8":"pa_tur-kitap","9":"pa_yayinevi-perseus","10":"pa_yazar-m-aysegul-yardimci","12":"first","13":"instock","14":"sale","15":"shipping-taxable","16":"purchasable","17":"product-type-simple"},"_links":{"self":[{"href":"https:\/\/roveyayinevi.com.tr\/index.php\/wp-json\/wp\/v2\/product\/720477","targetHints":{"allow":["GET"]}}],"collection":[{"href":"https:\/\/roveyayinevi.com.tr\/index.php\/wp-json\/wp\/v2\/product"}],"about":[{"href":"https:\/\/roveyayinevi.com.tr\/index.php\/wp-json\/wp\/v2\/types\/product"}],"wp:attachment":[{"href":"https:\/\/roveyayinevi.com.tr\/index.php\/wp-json\/wp\/v2\/media?parent=720477"}],"wp:term":[{"taxonomy":"product_brand","embeddable":true,"href":"https:\/\/roveyayinevi.com.tr\/index.php\/wp-json\/wp\/v2\/product_brand?post=720477"},{"taxonomy":"product_cat","embeddable":true,"href":"https:\/\/roveyayinevi.com.tr\/index.php\/wp-json\/wp\/v2\/product_cat?post=720477"},{"taxonomy":"product_tag","embeddable":true,"href":"https:\/\/roveyayinevi.com.tr\/index.php\/wp-json\/wp\/v2\/product_tag?post=720477"}],"curies":[{"name":"wp","href":"https:\/\/api.w.org\/{rel}","templated":true}]}}