{"id":720475,"date":"2025-08-27T18:36:35","date_gmt":"2025-08-27T15:36:35","guid":{"rendered":"https:\/\/roveyayinevi.com.tr\/index.php\/urun\/cecunun-yer-cuceleri\/"},"modified":"2026-04-16T02:28:38","modified_gmt":"2026-04-15T23:28:38","slug":"cecunun-yer-cuceleri","status":"publish","type":"product","link":"https:\/\/roveyayinevi.com.tr\/index.php\/urun\/cecunun-yer-cuceleri\/","title":{"rendered":"Cec\u00fc&#8217;n\u00fcn Yer C\u00fcceleri"},"content":{"rendered":"<p>Bomba ve GeneralBir bomban\u0131n i\u00e7ine kapat\u0131lm\u0131\u015f\u00fczg\u00fcn atomlar vene pahas\u0131na olursa olsunsava\u015f \u00e7\u0131karmakisteyen bir general&#8230;\u00dc\u00e7 KozmonotAlt\u0131 kollu bir Marsl\u0131ya rastlayan\u00fc\u00e7 ku\u015fkucu kozmonotCec\u00fc&#8217;n\u00fcn Yer C\u00fcceleriMutlu masum ya\u015fay\u0131p gidenk\u00fc\u00e7\u00fck bir gezegene uygarl\u0131\u011f\u0131 g\u00f6t\u00fcrece\u011finiiddia edenkendini be\u011fenmi\u015f bir \u0130mparator<\/p>\n","protected":false},"excerpt":{"rendered":"<p>Bomba ve GeneralBir bomban\u0131n i\u00e7ine kapat\u0131lm\u0131\u015f\u00fczg\u00fcn atomlar vene pahas\u0131na olursa olsunsava\u015f \u00e7\u0131karmakisteyen bir general&#8230;\u00dc\u00e7 KozmonotAlt\u0131 kollu bir Marsl\u0131ya rastlayan\u00fc\u00e7 ku\u015fkucu kozmonotCec\u00fc&#8217;n\u00fcn Yer C\u00fcceleriMutlu masum ya\u015fay\u0131p gidenk\u00fc\u00e7\u00fck<span class=\"excerpt-hellip\"> [\u2026]<\/span><\/p>\n","protected":false},"featured_media":0,"template":"","meta":{"_monsterinsights_skip_tracking":false,"_monsterinsights_sitenote_active":false,"_monsterinsights_sitenote_note":"","_monsterinsights_sitenote_category":0},"product_brand":[],"product_cat":[12274,12631],"product_tag":[],"class_list":{"0":"post-720475","1":"product","2":"type-product","3":"status-publish","5":"product_cat-cocuk-ve-genclik-kitaplari","6":"product_cat-diger-cocuk-ve-genclik-kitaplari","7":"pa_cilt-ciltsiz","8":"pa_tur-kitap","9":"pa_yayinevi-yapi-kredi-yayinlari","10":"pa_yazar-umberto-eco","12":"first","13":"instock","14":"sale","15":"shipping-taxable","16":"purchasable","17":"product-type-simple"},"_links":{"self":[{"href":"https:\/\/roveyayinevi.com.tr\/index.php\/wp-json\/wp\/v2\/product\/720475","targetHints":{"allow":["GET"]}}],"collection":[{"href":"https:\/\/roveyayinevi.com.tr\/index.php\/wp-json\/wp\/v2\/product"}],"about":[{"href":"https:\/\/roveyayinevi.com.tr\/index.php\/wp-json\/wp\/v2\/types\/product"}],"wp:attachment":[{"href":"https:\/\/roveyayinevi.com.tr\/index.php\/wp-json\/wp\/v2\/media?parent=720475"}],"wp:term":[{"taxonomy":"product_brand","embeddable":true,"href":"https:\/\/roveyayinevi.com.tr\/index.php\/wp-json\/wp\/v2\/product_brand?post=720475"},{"taxonomy":"product_cat","embeddable":true,"href":"https:\/\/roveyayinevi.com.tr\/index.php\/wp-json\/wp\/v2\/product_cat?post=720475"},{"taxonomy":"product_tag","embeddable":true,"href":"https:\/\/roveyayinevi.com.tr\/index.php\/wp-json\/wp\/v2\/product_tag?post=720475"}],"curies":[{"name":"wp","href":"https:\/\/api.w.org\/{rel}","templated":true}]}}