{"id":720473,"date":"2025-08-27T18:36:34","date_gmt":"2025-08-27T15:36:34","guid":{"rendered":"https:\/\/roveyayinevi.com.tr\/index.php\/urun\/klara-milic-2\/"},"modified":"2026-04-16T02:28:37","modified_gmt":"2026-04-15T23:28:37","slug":"klara-milic-2","status":"publish","type":"product","link":"https:\/\/roveyayinevi.com.tr\/index.php\/urun\/klara-milic-2\/","title":{"rendered":"Klara Mili\u00e7"},"content":{"rendered":"<p>Sadece Rus edebiyat\u0131n\u0131n de\u011fil, d\u00fcnya edebiyat\u0131n\u0131n da klasikleri aras\u0131nda yer alan Babalar ve O\u011fullar\u2019\u0131n yazar\u0131 \u0130van Sergeyevi\u00e7 Turgenyev son d\u00f6nem eserlerinden Klara Mili\u00e7\u2019te toplumsal meselelerden uzakla\u015f\u0131p bireye y\u00f6neliyor. Ya\u015fam ve \u00f6l\u00fcm\u00fcn s\u0131n\u0131rlar\u0131n\u0131 yok edip mistisizmle \u00f6r\u00fcl\u00fc bir a\u015fk hik\u00e2yesi sunuyor.   Toplumun dayatmalar\u0131na boyun e\u011fmeyen Klara Mili\u00e7 ve kendi k\u00fc\u00e7\u00fck d\u00fcnyas\u0131nda ya\u015fayan Yakov Aratov\u2019un yolu bir matinede kesi\u015fir ama gen\u00e7 adam sahnedeki Klara\u2019n\u0131n ona olan ilgisini anlayamaz. Klara Mili\u00e7\u2019in gizemli \u00f6l\u00fcm\u00fcyle kendisine olan a\u015fk\u0131n\u0131 ke\u015ffeden Aratov i\u00e7in art\u0131k hayat\u0131n anlam\u0131 de\u011fi\u015fir.   K\u00fcrk Mantolu Madonna\u2019n\u0131n kahraman\u0131 Raif Bey\u2019i derinden sarsan bu eser Oktay Rifat ve Erol G\u00fcney\u2019in \u00e7evirisiyle uzun bir aradan sonra yeniden T\u00fcrk\u00e7ede.<\/p>\n","protected":false},"excerpt":{"rendered":"<p>Sadece Rus edebiyat\u0131n\u0131n de\u011fil, d\u00fcnya edebiyat\u0131n\u0131n da klasikleri aras\u0131nda yer alan Babalar ve O\u011fullar\u2019\u0131n yazar\u0131 \u0130van Sergeyevi\u00e7 Turgenyev son d\u00f6nem eserlerinden Klara Mili\u00e7\u2019te toplumsal meselelerden uzakla\u015f\u0131p<span class=\"excerpt-hellip\"> [\u2026]<\/span><\/p>\n","protected":false},"featured_media":0,"template":"","meta":{"_monsterinsights_skip_tracking":false,"_monsterinsights_sitenote_active":false,"_monsterinsights_sitenote_note":"","_monsterinsights_sitenote_category":0},"product_brand":[],"product_cat":[12291,12711],"product_tag":[],"class_list":{"0":"post-720473","1":"product","2":"type-product","3":"status-publish","5":"product_cat-edebiyat","6":"product_cat-roman-oyku","7":"pa_cilt-ciltsiz","8":"pa_tur-kitap","9":"pa_yayinevi-yapi-kredi-yayinlari","10":"pa_yazar-ivan-sergeyevic-turgenyev","12":"first","13":"instock","14":"sale","15":"shipping-taxable","16":"purchasable","17":"product-type-simple"},"_links":{"self":[{"href":"https:\/\/roveyayinevi.com.tr\/index.php\/wp-json\/wp\/v2\/product\/720473","targetHints":{"allow":["GET"]}}],"collection":[{"href":"https:\/\/roveyayinevi.com.tr\/index.php\/wp-json\/wp\/v2\/product"}],"about":[{"href":"https:\/\/roveyayinevi.com.tr\/index.php\/wp-json\/wp\/v2\/types\/product"}],"wp:attachment":[{"href":"https:\/\/roveyayinevi.com.tr\/index.php\/wp-json\/wp\/v2\/media?parent=720473"}],"wp:term":[{"taxonomy":"product_brand","embeddable":true,"href":"https:\/\/roveyayinevi.com.tr\/index.php\/wp-json\/wp\/v2\/product_brand?post=720473"},{"taxonomy":"product_cat","embeddable":true,"href":"https:\/\/roveyayinevi.com.tr\/index.php\/wp-json\/wp\/v2\/product_cat?post=720473"},{"taxonomy":"product_tag","embeddable":true,"href":"https:\/\/roveyayinevi.com.tr\/index.php\/wp-json\/wp\/v2\/product_tag?post=720473"}],"curies":[{"name":"wp","href":"https:\/\/api.w.org\/{rel}","templated":true}]}}