{"id":720471,"date":"2025-08-27T18:36:33","date_gmt":"2025-08-27T15:36:33","guid":{"rendered":"https:\/\/roveyayinevi.com.tr\/index.php\/urun\/biyonoetikanin-dogusu\/"},"modified":"2026-04-16T02:28:37","modified_gmt":"2026-04-15T23:28:37","slug":"biyonoetikanin-dogusu","status":"publish","type":"product","link":"https:\/\/roveyayinevi.com.tr\/index.php\/urun\/biyonoetikanin-dogusu\/","title":{"rendered":"Biyonoetika&#8217;n\u0131n Do\u011fu\u015fu"},"content":{"rendered":"<p>(\u2026) biyo-noetika, Aristoteles\u2019in insan olarak and\u0131\u011f\u0131 varolu\u015f formuna do\u011frudan tekab\u00fcl eder. Zira insan, Aristoteles\u2019te, kendi potansiyelini kendinden bar\u0131nd\u0131ran, ancak bu potansiyele ba\u015fkalar\u0131-ile-birlikte ula\u015fabilen topluluksal bir varl\u0131k olarak ele al\u0131n\u0131r. Bu y\u00f6n\u00fcyle insan, kendi potansiyelini ak\u0131l (nous) yoluyla kendinde mahsus bir i\u00e7kinlik olarak kavrayarak, yani kendini kendinde bir a\u015fma nesnesine indirgeyerek kendi potansiyeline eri\u015febilen bir canl\u0131 t\u00fcr\u00fcd\u00fcr. Nous\u2019un, yani akl\u0131n i\u015flevi, tam da bu anlamda insan\u0131n d\u0131\u015fsal bir bilgiye sahip olmas\u0131nda de\u011fil, kendi potansiyelini kendinde kavramas\u0131 ve bu kavray\u0131\u015fla kendini d\u00f6n\u00fc\u015ft\u00fcrmesi ba\u011flam\u0131nda ortaya \u00e7\u0131kar. Fakat nous\u2019un i\u015flevsel olabilmesi, insan\u0131n saf kendili\u011fini bir anlama nesnesine ve oradan da a\u015fma nesnesine d\u00f6n\u00fc\u015ft\u00fcrebilmesine ba\u011fl\u0131d\u0131r (\u2026) Politikan\u0131n biyo-noetik bir form olarak ele al\u0131nmas\u0131ndan kas\u0131t, b\u00f6ylece ortaya \u00e7\u0131kar: Aristoteles\u00e7i anlamda politika, insan\u0131n insan-olu\u015fu ile yak\u0131ndan ba\u011flant\u0131l\u0131d\u0131r ve insan, i\u00e7kin potansiyeline eri\u015febildi\u011fi, yani yetkinle\u015febildi\u011fi oranda politikle\u015fir (\u2026) Politika, (\u2026) insan\u0131n kendini diyalektik olarak a\u015fmas\u0131 ile meydana gelen bir varolu\u015f formudur ve insan bu ya\u015fam formuna, ak\u0131l vas\u0131tas\u0131yla kendini nesnele\u015ftirip d\u00f6n\u00fc\u015ft\u00fcrebilmesiyle eri\u015febilir. Biyo-noetika, insan\u0131n zoon politikon\u2019a d\u00f6n\u00fc\u015fmesinin temelinde yer alan gerekli bir \u00f6znelle\u015fme s\u00fcrecidir: insan, kendini biyo-noetik k\u0131larak, yani kendini yal\u0131n bir biyolojik form olarak g\u00f6rmenin \u00f6tesine ge\u00e7erek kendi potansiyeline ve yetkinli\u011fine  yani politik olan\u0131n kendisine  ula\u015fabilir.<\/p>\n","protected":false},"excerpt":{"rendered":"<p>(\u2026) biyo-noetika, Aristoteles\u2019in insan olarak and\u0131\u011f\u0131 varolu\u015f formuna do\u011frudan tekab\u00fcl eder. Zira insan, Aristoteles\u2019te, kendi potansiyelini kendinden bar\u0131nd\u0131ran, ancak bu potansiyele ba\u015fkalar\u0131-ile-birlikte ula\u015fabilen topluluksal bir varl\u0131k<span class=\"excerpt-hellip\"> [\u2026]<\/span><\/p>\n","protected":false},"featured_media":0,"template":"","meta":{"_monsterinsights_skip_tracking":false,"_monsterinsights_sitenote_active":false,"_monsterinsights_sitenote_note":"","_monsterinsights_sitenote_category":0},"product_brand":[],"product_cat":[12388,15536],"product_tag":[],"class_list":{"0":"post-720471","1":"product","2":"type-product","3":"status-publish","5":"product_cat-felsefe","6":"product_cat-siyaset-felsefesi","7":"pa_cilt-ciltsiz","8":"pa_tur-kitap","9":"pa_yayinevi-phoenix-yayinevi","10":"pa_yazar-efe-basturk","12":"first","13":"instock","14":"sale","15":"shipping-taxable","16":"purchasable","17":"product-type-simple"},"_links":{"self":[{"href":"https:\/\/roveyayinevi.com.tr\/index.php\/wp-json\/wp\/v2\/product\/720471","targetHints":{"allow":["GET"]}}],"collection":[{"href":"https:\/\/roveyayinevi.com.tr\/index.php\/wp-json\/wp\/v2\/product"}],"about":[{"href":"https:\/\/roveyayinevi.com.tr\/index.php\/wp-json\/wp\/v2\/types\/product"}],"wp:attachment":[{"href":"https:\/\/roveyayinevi.com.tr\/index.php\/wp-json\/wp\/v2\/media?parent=720471"}],"wp:term":[{"taxonomy":"product_brand","embeddable":true,"href":"https:\/\/roveyayinevi.com.tr\/index.php\/wp-json\/wp\/v2\/product_brand?post=720471"},{"taxonomy":"product_cat","embeddable":true,"href":"https:\/\/roveyayinevi.com.tr\/index.php\/wp-json\/wp\/v2\/product_cat?post=720471"},{"taxonomy":"product_tag","embeddable":true,"href":"https:\/\/roveyayinevi.com.tr\/index.php\/wp-json\/wp\/v2\/product_tag?post=720471"}],"curies":[{"name":"wp","href":"https:\/\/api.w.org\/{rel}","templated":true}]}}