{"id":720470,"date":"2025-08-27T18:36:32","date_gmt":"2025-08-27T15:36:32","guid":{"rendered":"https:\/\/roveyayinevi.com.tr\/index.php\/urun\/baba-mirasi-gercek-bir-hikaye\/"},"modified":"2026-04-16T02:28:37","modified_gmt":"2026-04-15T23:28:37","slug":"baba-mirasi-gercek-bir-hikaye","status":"publish","type":"product","link":"https:\/\/roveyayinevi.com.tr\/index.php\/urun\/baba-mirasi-gercek-bir-hikaye\/","title":{"rendered":"Baba Miras\u0131 \u2013 Ger\u00e7ek Bir Hikaye"},"content":{"rendered":"<p>Philip Roth Baba Miras\u0131\u2019yla t\u00fcm zamanlar\u0131n kar\u015f\u0131 koymas\u0131 en g\u00fc\u00e7, en b\u00fcy\u00fck kahraman\u0131na babas\u0131na yeniden can veriyor.   Beyin t\u00fcm\u00f6r\u00fcnden mustarip seksen alt\u0131 ya\u015f\u0131ndaki Herman Roth \u00f6l\u00fcmle m\u00fccadele etti\u011fi son aylar\u0131nda yaln\u0131z de\u011fildir; o\u011flu Philip Roth al\u0131nacak kararlar\u0131n muallak sonu\u00e7lara fakat mutlak ac\u0131lara sebep olaca\u011f\u0131 bu zor d\u00f6nemde babas\u0131n\u0131n yan\u0131ndad\u0131r. Baba Miras\u0131 zarif bir dille kotar\u0131lm\u0131\u015f, ki\u015fisel, yal\u0131n ve hayli derin bir roman. Anlat\u0131c\u0131 olarak bizzat kendi ismini kullanan Philip Roth, b\u00f6ylece s\u0131kl\u0131kla ba\u015fvurdu\u011fu \u201csahte biyografi\u201d tekni\u011finden uzakla\u015f\u0131yor, biyografik \u00f6\u011feler ta\u015f\u0131yan kusursuz bir roman \u00e7\u0131k\u0131yor ortaya.   Kimse Amerikan ailesini b\u00f6ylesine bir sevecenlik ve d\u00fcr\u00fcstl\u00fckle anlatamaz. New Statesman   Yal\u0131n, ak\u0131c\u0131 ve c\u00f6mert bir \u00e7al\u0131\u015fma. Independent on Sunday <\/p>\n","protected":false},"excerpt":{"rendered":"<p>Philip Roth Baba Miras\u0131\u2019yla t\u00fcm zamanlar\u0131n kar\u015f\u0131 koymas\u0131 en g\u00fc\u00e7, en b\u00fcy\u00fck kahraman\u0131na babas\u0131na yeniden can veriyor. Beyin t\u00fcm\u00f6r\u00fcnden mustarip seksen alt\u0131 ya\u015f\u0131ndaki Herman Roth \u00f6l\u00fcmle<span class=\"excerpt-hellip\"> [\u2026]<\/span><\/p>\n","protected":false},"featured_media":0,"template":"","meta":{"_monsterinsights_skip_tracking":false,"_monsterinsights_sitenote_active":false,"_monsterinsights_sitenote_note":"","_monsterinsights_sitenote_category":0},"product_brand":[],"product_cat":[12291,12711],"product_tag":[],"class_list":{"0":"post-720470","1":"product","2":"type-product","3":"status-publish","5":"product_cat-edebiyat","6":"product_cat-roman-oyku","7":"pa_cilt-ciltsiz","8":"pa_tur-kitap","9":"pa_yayinevi-yapi-kredi-yayinlari","10":"pa_yazar-philip-roth","12":"first","13":"instock","14":"sale","15":"shipping-taxable","16":"purchasable","17":"product-type-simple"},"_links":{"self":[{"href":"https:\/\/roveyayinevi.com.tr\/index.php\/wp-json\/wp\/v2\/product\/720470","targetHints":{"allow":["GET"]}}],"collection":[{"href":"https:\/\/roveyayinevi.com.tr\/index.php\/wp-json\/wp\/v2\/product"}],"about":[{"href":"https:\/\/roveyayinevi.com.tr\/index.php\/wp-json\/wp\/v2\/types\/product"}],"wp:attachment":[{"href":"https:\/\/roveyayinevi.com.tr\/index.php\/wp-json\/wp\/v2\/media?parent=720470"}],"wp:term":[{"taxonomy":"product_brand","embeddable":true,"href":"https:\/\/roveyayinevi.com.tr\/index.php\/wp-json\/wp\/v2\/product_brand?post=720470"},{"taxonomy":"product_cat","embeddable":true,"href":"https:\/\/roveyayinevi.com.tr\/index.php\/wp-json\/wp\/v2\/product_cat?post=720470"},{"taxonomy":"product_tag","embeddable":true,"href":"https:\/\/roveyayinevi.com.tr\/index.php\/wp-json\/wp\/v2\/product_tag?post=720470"}],"curies":[{"name":"wp","href":"https:\/\/api.w.org\/{rel}","templated":true}]}}