{"id":720465,"date":"2025-08-27T18:36:28","date_gmt":"2025-08-27T15:36:28","guid":{"rendered":"https:\/\/roveyayinevi.com.tr\/index.php\/urun\/alaeddin-keykubata-sunulan-siyasetname\/"},"modified":"2026-04-16T02:28:37","modified_gmt":"2026-04-15T23:28:37","slug":"alaeddin-keykubata-sunulan-siyasetname","status":"publish","type":"product","link":"https:\/\/roveyayinevi.com.tr\/index.php\/urun\/alaeddin-keykubata-sunulan-siyasetname\/","title":{"rendered":"Alaeddin Keykubat\u2019a Sunulan Siyasetname"},"content":{"rendered":"<p>Kadim devlet geleneklerinde, tecr\u00fcbeye dayanan bilgilerin d\u0131\u015f\u0131nda, teorik bir siyasi doktrin mevcut olmad\u0131\u011f\u0131ndan devlet, h\u00fck\u00fcmdar\u0131n g\u00fc\u00e7 ve otoritesinden ba\u015fka bir \u015fey de\u011fildir. Adaletin tesisi ve uygun siyaset, h\u00fck\u00fcmdar\u0131n \u015fahsi ve ahlaki meziyetlerine dayan\u0131r. Ge\u00e7mi\u015fte bilginler, h\u00fck\u00fcmdarlar\u0131n yanl\u0131\u015f siyaset g\u00fctmeleri ihtimaline kar\u015f\u0131 onlara, iyi idarenin yollar\u0131n\u0131 g\u00f6stermi\u015flerdir.\u0130slam d\u00fcnyas\u0131nda yaz\u0131lan siy\u00e2setn\u00e2meler de, kadim k\u00fclt\u00fcrlerden intikal eden adet \u00fczere idarecilere, klasik \u015fark tarz\u0131nda baz\u0131 teorik teklif ve \u00f6nerilerde bulunurlar. Muhtevalar\u0131nda dini y\u00f6n a\u011f\u0131rl\u0131kl\u0131d\u0131r ve olaylar\u0131 manev\u00ee a\u00e7\u0131dan ele al\u0131rlar. Konulara siyaset teorisinden ziyade siyaset sanat\u0131 ve siyaset ahlak\u0131 a\u00e7\u0131s\u0131ndan bakarlar.<\/p>\n","protected":false},"excerpt":{"rendered":"<p>Kadim devlet geleneklerinde, tecr\u00fcbeye dayanan bilgilerin d\u0131\u015f\u0131nda, teorik bir siyasi doktrin mevcut olmad\u0131\u011f\u0131ndan devlet, h\u00fck\u00fcmdar\u0131n g\u00fc\u00e7 ve otoritesinden ba\u015fka bir \u015fey de\u011fildir. Adaletin tesisi ve uygun<span class=\"excerpt-hellip\"> [\u2026]<\/span><\/p>\n","protected":false},"featured_media":0,"template":"","meta":{"_monsterinsights_skip_tracking":false,"_monsterinsights_sitenote_active":false,"_monsterinsights_sitenote_note":"","_monsterinsights_sitenote_category":0},"product_brand":[],"product_cat":[13517,12304],"product_tag":[],"class_list":{"0":"post-720465","1":"product","2":"type-product","3":"status-publish","5":"product_cat-osmanli-tarihi","6":"product_cat-tarih","7":"pa_cilt-ciltsiz","8":"pa_tur-kitap","9":"pa_yayinevi-yeditepe-yayinevi","10":"pa_yazar-zencani","12":"first","13":"instock","14":"sale","15":"shipping-taxable","16":"purchasable","17":"product-type-simple"},"_links":{"self":[{"href":"https:\/\/roveyayinevi.com.tr\/index.php\/wp-json\/wp\/v2\/product\/720465","targetHints":{"allow":["GET"]}}],"collection":[{"href":"https:\/\/roveyayinevi.com.tr\/index.php\/wp-json\/wp\/v2\/product"}],"about":[{"href":"https:\/\/roveyayinevi.com.tr\/index.php\/wp-json\/wp\/v2\/types\/product"}],"wp:attachment":[{"href":"https:\/\/roveyayinevi.com.tr\/index.php\/wp-json\/wp\/v2\/media?parent=720465"}],"wp:term":[{"taxonomy":"product_brand","embeddable":true,"href":"https:\/\/roveyayinevi.com.tr\/index.php\/wp-json\/wp\/v2\/product_brand?post=720465"},{"taxonomy":"product_cat","embeddable":true,"href":"https:\/\/roveyayinevi.com.tr\/index.php\/wp-json\/wp\/v2\/product_cat?post=720465"},{"taxonomy":"product_tag","embeddable":true,"href":"https:\/\/roveyayinevi.com.tr\/index.php\/wp-json\/wp\/v2\/product_tag?post=720465"}],"curies":[{"name":"wp","href":"https:\/\/api.w.org\/{rel}","templated":true}]}}