{"id":720463,"date":"2025-08-27T18:36:27","date_gmt":"2025-08-27T15:36:27","guid":{"rendered":"https:\/\/roveyayinevi.com.tr\/index.php\/urun\/baska-bir-sey\/"},"modified":"2026-04-16T02:28:37","modified_gmt":"2026-04-15T23:28:37","slug":"baska-bir-sey","status":"publish","type":"product","link":"https:\/\/roveyayinevi.com.tr\/index.php\/urun\/baska-bir-sey\/","title":{"rendered":"Ba\u015fka Bir \u015eey"},"content":{"rendered":"<p>Akl\u0131n gidi\u015f biletini ald\u0131\u011f\u0131 yerde kalp \u00e7oktan d\u00f6n\u00fc\u015f biletini ay\u0131rm\u0131\u015ft\u0131r.   Asl\u0131nda her \u015fey bir r\u00fcyayla ba\u015flad\u0131. Sahi r\u00fcyalara inan\u0131r m\u0131s\u0131n\u0131z? Ben inanmazd\u0131m. Ta ki ayn\u0131 r\u00fcyay\u0131 birka\u00e7 kez g\u00f6rene kadar&#8230; Uyand\u0131\u011f\u0131n\u0131z an ya da g\u00fcn\u00fcn herhangi bir an\u0131nda ne yaparsan\u0131z yap\u0131n r\u00fcyan\u0131z\u0131n tamam\u0131n\u0131 hat\u0131rlayamayacaks\u0131n\u0131z. Her seferinde en fazla yar\u0131s\u0131 ya da k\u00fc\u00e7\u00fck bir b\u00f6l\u00fcm\u00fc tamamlanm\u0131\u015f bir hik\u00e2yeye bakar gibi bakacaks\u0131n\u0131z r\u00fcyalar\u0131n\u0131za&#8230; Bir r\u00fcyan\u0131n pe\u015finden ko\u015fmak kimilerine anlams\u0131z gelebilir, bense bununla ilgilenmiyorum. Sadece kalbimin sesini dinlemek istiyorum \u00e7\u00fcnk\u00fc kalbimi hafife almaktan, sezgilerimi g\u00f6rmezden gelmekten korkuyorum. Siz sadece \u015funu d\u00fc\u015f\u00fcn\u00fcn, ya g\u00f6rd\u00fc\u011f\u00fcn\u00fcz r\u00fcyay\u0131 sizinle birlikte bir ba\u015fkas\u0131 daha g\u00f6r\u00fcyorsa? Ya siz de o ba\u015fka bir \u015feyi ya\u015f\u0131yorsan\u0131z ama haberiniz yoksa? A\u015fk ba\u015fka bir \u015feydir. Bazen g\u00f6rd\u00fc\u011f\u00fcn\u00fcz r\u00fcyan\u0131n i\u00e7indeki mor bir \u015femsiye, bazen mesafelere inat yan\u0131 ba\u015f\u0131n\u0131zda duran bir gazoz kapa\u011f\u0131, bazense zaman\u0131n i\u00e7inde saklanan gizli bir zamand\u0131r a\u015fk. \u0130nanmaya, hissetmeye ve ya\u015famaya de\u011fer&#8230; <\/p>\n","protected":false},"excerpt":{"rendered":"<p>Akl\u0131n gidi\u015f biletini ald\u0131\u011f\u0131 yerde kalp \u00e7oktan d\u00f6n\u00fc\u015f biletini ay\u0131rm\u0131\u015ft\u0131r. Asl\u0131nda her \u015fey bir r\u00fcyayla ba\u015flad\u0131. Sahi r\u00fcyalara inan\u0131r m\u0131s\u0131n\u0131z? Ben inanmazd\u0131m. Ta ki ayn\u0131 r\u00fcyay\u0131<span class=\"excerpt-hellip\"> [\u2026]<\/span><\/p>\n","protected":false},"featured_media":0,"template":"","meta":{"_monsterinsights_skip_tracking":false,"_monsterinsights_sitenote_active":false,"_monsterinsights_sitenote_note":"","_monsterinsights_sitenote_category":0},"product_brand":[],"product_cat":[12291,12711],"product_tag":[],"class_list":{"0":"post-720463","1":"product","2":"type-product","3":"status-publish","5":"product_cat-edebiyat","6":"product_cat-roman-oyku","7":"pa_cilt-ciltsiz","8":"pa_tur-kitap","9":"pa_yayinevi-destek-yayinlari","10":"pa_yazar-ahmet-batman","12":"first","13":"instock","14":"sale","15":"shipping-taxable","16":"purchasable","17":"product-type-simple"},"_links":{"self":[{"href":"https:\/\/roveyayinevi.com.tr\/index.php\/wp-json\/wp\/v2\/product\/720463","targetHints":{"allow":["GET"]}}],"collection":[{"href":"https:\/\/roveyayinevi.com.tr\/index.php\/wp-json\/wp\/v2\/product"}],"about":[{"href":"https:\/\/roveyayinevi.com.tr\/index.php\/wp-json\/wp\/v2\/types\/product"}],"wp:attachment":[{"href":"https:\/\/roveyayinevi.com.tr\/index.php\/wp-json\/wp\/v2\/media?parent=720463"}],"wp:term":[{"taxonomy":"product_brand","embeddable":true,"href":"https:\/\/roveyayinevi.com.tr\/index.php\/wp-json\/wp\/v2\/product_brand?post=720463"},{"taxonomy":"product_cat","embeddable":true,"href":"https:\/\/roveyayinevi.com.tr\/index.php\/wp-json\/wp\/v2\/product_cat?post=720463"},{"taxonomy":"product_tag","embeddable":true,"href":"https:\/\/roveyayinevi.com.tr\/index.php\/wp-json\/wp\/v2\/product_tag?post=720463"}],"curies":[{"name":"wp","href":"https:\/\/api.w.org\/{rel}","templated":true}]}}