{"id":720462,"date":"2025-08-27T18:36:26","date_gmt":"2025-08-27T15:36:26","guid":{"rendered":"https:\/\/roveyayinevi.com.tr\/index.php\/urun\/serseri-patronum-feveran\/"},"modified":"2026-04-16T02:28:37","modified_gmt":"2026-04-15T23:28:37","slug":"serseri-patronum-feveran","status":"publish","type":"product","link":"https:\/\/roveyayinevi.com.tr\/index.php\/urun\/serseri-patronum-feveran\/","title":{"rendered":"Serseri Patronum &#8211; Feveran"},"content":{"rendered":"<p>Asya \u00d6zkurt&#8230;Hen\u00fcz yirmi ya\u015f\u0131ndayd\u0131. Ba\u015f\u0131na gelen b\u00fct\u00fcn ac\u0131lara boyun e\u011fmi\u015fti. Onun ac\u0131 dolu hik\u00e2yesi hayata g\u00f6zlerini a\u00e7t\u0131\u011f\u0131 anda ba\u015flam\u0131\u015ft\u0131. Annesi do\u011fum s\u0131ras\u0131nda hayat\u0131n\u0131 kaybetmi\u015f, k\u0131z\u0131n\u0131 kimsesiz b\u0131rak\u0131p gitmi\u015fti. \u00d6z babas\u0131 annesinin \u00f6l\u00fcm\u00fcnden hep onu su\u00e7lam\u0131\u015f, bir g\u00fcn olsun k\u0131z\u0131na g\u00fcn y\u00fcz\u00fc g\u00f6stermemi\u015fti. Hayat\u0131n zorluklar\u0131yla sava\u015fmak istedi, kendine bir \u015fans tan\u0131d\u0131. Derken kar\u015f\u0131s\u0131na bir f\u0131rsat \u00e7\u0131kt\u0131. Asya ba\u015f\u0131na gelecekleri bilmeden kendi ayaklar\u0131n\u0131n \u00fczerinde durabilmek i\u00e7in hayat\u0131n ona sundu\u011fu bu f\u0131rsat\u0131 kabul etti.Yi\u011fit Arslano\u011flu\u2026Sert, despot ama bir o kadar da hisli bir gen\u00e7 adam\u2026Bir g\u00fcn Asya\u2019y\u0131 g\u00f6rd\u00fc. Masmavi g\u00f6zleriyle denizi k\u0131skand\u0131rabilecek bir g\u00fczelli\u011fe sahipti Asya&#8230; O mavi g\u00f6zleri sert adam\u0131n kalbiyle bulu\u015fmu\u015f, y\u00fcre\u011fine bir \u0131\u015f\u0131k gibi do\u011fmu\u015ftu. O heybetli adam, bu k\u00fc\u00e7\u00fck kad\u0131na yenilebilece\u011fini d\u00fc\u015f\u00fcnemedi. Asya ona kar\u015f\u0131 direndi ancak Yi\u011fit\u2019ten ka\u00e7maya \u00e7al\u0131\u015f\u0131rken ona \u00f6lesiye \u00e2\u015f\u0131k olaca\u011f\u0131n\u0131 tahmin edemedi. Ne var ki Yi\u011fit b\u00fcy\u00fck bir s\u0131r sakl\u0131yordu. Bir g\u00fcn b\u00fcy\u00fck s\u0131r ortaya \u00e7\u0131kacakt\u0131\u2026Ve o zaman kazanan ya a\u015fk olacakt\u0131 ya da hicran&#8230;<\/p>\n","protected":false},"excerpt":{"rendered":"<p>Asya \u00d6zkurt&#8230;Hen\u00fcz yirmi ya\u015f\u0131ndayd\u0131. Ba\u015f\u0131na gelen b\u00fct\u00fcn ac\u0131lara boyun e\u011fmi\u015fti. Onun ac\u0131 dolu hik\u00e2yesi hayata g\u00f6zlerini a\u00e7t\u0131\u011f\u0131 anda ba\u015flam\u0131\u015ft\u0131. Annesi do\u011fum s\u0131ras\u0131nda hayat\u0131n\u0131 kaybetmi\u015f, k\u0131z\u0131n\u0131 kimsesiz<span class=\"excerpt-hellip\"> [\u2026]<\/span><\/p>\n","protected":false},"featured_media":0,"template":"","meta":{"_monsterinsights_skip_tracking":false,"_monsterinsights_sitenote_active":false,"_monsterinsights_sitenote_note":"","_monsterinsights_sitenote_category":0},"product_brand":[],"product_cat":[14643,12291],"product_tag":[],"class_list":{"0":"post-720462","1":"product","2":"type-product","3":"status-publish","5":"product_cat-ask","6":"product_cat-edebiyat","7":"pa_cilt-ciltsiz","8":"pa_tur-kitap","9":"pa_yayinevi-epsilon-yayinlari","10":"pa_yazar-rumeysa-gulhan","12":"first","13":"instock","14":"sale","15":"shipping-taxable","16":"purchasable","17":"product-type-simple"},"_links":{"self":[{"href":"https:\/\/roveyayinevi.com.tr\/index.php\/wp-json\/wp\/v2\/product\/720462","targetHints":{"allow":["GET"]}}],"collection":[{"href":"https:\/\/roveyayinevi.com.tr\/index.php\/wp-json\/wp\/v2\/product"}],"about":[{"href":"https:\/\/roveyayinevi.com.tr\/index.php\/wp-json\/wp\/v2\/types\/product"}],"wp:attachment":[{"href":"https:\/\/roveyayinevi.com.tr\/index.php\/wp-json\/wp\/v2\/media?parent=720462"}],"wp:term":[{"taxonomy":"product_brand","embeddable":true,"href":"https:\/\/roveyayinevi.com.tr\/index.php\/wp-json\/wp\/v2\/product_brand?post=720462"},{"taxonomy":"product_cat","embeddable":true,"href":"https:\/\/roveyayinevi.com.tr\/index.php\/wp-json\/wp\/v2\/product_cat?post=720462"},{"taxonomy":"product_tag","embeddable":true,"href":"https:\/\/roveyayinevi.com.tr\/index.php\/wp-json\/wp\/v2\/product_tag?post=720462"}],"curies":[{"name":"wp","href":"https:\/\/api.w.org\/{rel}","templated":true}]}}