{"id":720460,"date":"2025-08-27T18:36:24","date_gmt":"2025-08-27T15:36:24","guid":{"rendered":"https:\/\/roveyayinevi.com.tr\/index.php\/urun\/tepegoz\/"},"modified":"2025-12-30T10:25:47","modified_gmt":"2025-12-30T07:25:47","slug":"tepegoz","status":"publish","type":"product","link":"https:\/\/roveyayinevi.com.tr\/index.php\/urun\/tepegoz\/","title":{"rendered":"Tepeg\u00f6z"},"content":{"rendered":"<p>Tepeg\u00f6z, O\u011fuz T\u00fcrkleri\u2019nin ba\u015f\u0131na bela olan, \u00fczerlerine lanet olup \u00e7\u00f6ken; O\u011fuzlarla yedi b\u00fcy\u00fck sava\u015fa girip onlar\u0131 haraca ba\u011flayan; O\u011fuz\u2019da neredeyse yemedik adam ve koyun b\u0131rakmayan tek g\u00f6zl\u00fc bir dev ile aslan avc\u0131s\u0131 Basat\u2019\u0131n amans\u0131z sava\u015f\u0131n\u0131 anlatan tarihi  fantastik bir romand\u0131r. Dede Korkut Romanlar\u0131 serisinin \u00fc\u00e7\u00fcnc\u00fc kitab\u0131, O\u011fuzlar\u2019\u0131n kudretli bir beyi olan Aruz Han\u2019\u0131n O\u011fuzlar\u2019\u0131n bilgesi Dede Korkut\u2019a ak\u0131l dan\u0131\u015fmaya gitmesiyle ba\u015flar. Aruz Han, y\u0131llar evvel o\u011flunu kaybetmi\u015f ac\u0131l\u0131 bir babad\u0131r. Ve son zamanlarda ortal\u0131kta dola\u015fan bir havadis sebebiyle fazlaca kayg\u0131lanmaktad\u0131r. O\u011fuz beyleri bir av d\u00f6n\u00fc\u015f\u00fc, bir k\u00fctleye rastlarlar. K\u00fctleyi tepince, k\u00fctlenin i\u00e7inden tek g\u00f6zl\u00fc tuhaf bir bebek \u00e7\u0131kar. Aruz Han, bebe\u011fe k\u0131yamaz ve onu evine g\u00f6t\u00fcr\u00fcr. K\u0131sa zamanda bir deve d\u00f6n\u00fc\u015fen Tepeg\u00f6z, e\u015fk\u0131ya olup O\u011fuzlarla sava\u015fa tutu\u015fur. Parma\u011f\u0131ndaki sihirli y\u00fcz\u00fck sebebiyle kimse ona bir \u015fey yapamaz. Ta ki aslan avc\u0131s\u0131 korkusuz Basat, aylar \u00f6nce gitti\u011fi sava\u015ftan d\u00f6nene kadar\u2026 \u201cB\u00fct\u00fcn T\u00fcrk edebiyat\u0131n\u0131 terazinin bir g\u00f6z\u00fcne,  Dede Korkut\u2019u \u00f6b\u00fcr g\u00f6z\u00fcne koysan\u0131z, yine Dede Korkut a\u011f\u0131r basar.\u201d  Ord. Prof. M. Fuat K\u00d6PR\u00dcL\u00dc <\/p>\n","protected":false},"excerpt":{"rendered":"<p>Tepeg\u00f6z, O\u011fuz T\u00fcrkleri\u2019nin ba\u015f\u0131na bela olan, \u00fczerlerine lanet olup \u00e7\u00f6ken; O\u011fuzlarla yedi b\u00fcy\u00fck sava\u015fa girip onlar\u0131 haraca ba\u011flayan; O\u011fuz\u2019da neredeyse yemedik adam ve koyun b\u0131rakmayan tek<span class=\"excerpt-hellip\"> [\u2026]<\/span><\/p>\n","protected":false},"featured_media":0,"template":"","meta":{"_monsterinsights_skip_tracking":false,"_monsterinsights_sitenote_active":false,"_monsterinsights_sitenote_note":"","_monsterinsights_sitenote_category":0},"product_brand":[],"product_cat":[12291,14777],"product_tag":[],"class_list":{"0":"post-720460","1":"product","2":"type-product","3":"status-publish","5":"product_cat-edebiyat","6":"product_cat-fantastik","7":"pa_cilt-ciltsiz","8":"pa_tur-kitap","9":"pa_yayinevi-yeditepe-yayinevi","10":"pa_yazar-ufuk-turan","12":"first","13":"instock","14":"sale","15":"shipping-taxable","16":"purchasable","17":"product-type-simple"},"_links":{"self":[{"href":"https:\/\/roveyayinevi.com.tr\/index.php\/wp-json\/wp\/v2\/product\/720460","targetHints":{"allow":["GET"]}}],"collection":[{"href":"https:\/\/roveyayinevi.com.tr\/index.php\/wp-json\/wp\/v2\/product"}],"about":[{"href":"https:\/\/roveyayinevi.com.tr\/index.php\/wp-json\/wp\/v2\/types\/product"}],"wp:attachment":[{"href":"https:\/\/roveyayinevi.com.tr\/index.php\/wp-json\/wp\/v2\/media?parent=720460"}],"wp:term":[{"taxonomy":"product_brand","embeddable":true,"href":"https:\/\/roveyayinevi.com.tr\/index.php\/wp-json\/wp\/v2\/product_brand?post=720460"},{"taxonomy":"product_cat","embeddable":true,"href":"https:\/\/roveyayinevi.com.tr\/index.php\/wp-json\/wp\/v2\/product_cat?post=720460"},{"taxonomy":"product_tag","embeddable":true,"href":"https:\/\/roveyayinevi.com.tr\/index.php\/wp-json\/wp\/v2\/product_tag?post=720460"}],"curies":[{"name":"wp","href":"https:\/\/api.w.org\/{rel}","templated":true}]}}