{"id":720459,"date":"2025-08-27T18:36:24","date_gmt":"2025-08-27T15:36:24","guid":{"rendered":"https:\/\/roveyayinevi.com.tr\/index.php\/urun\/bamsi\/"},"modified":"2026-04-16T02:28:37","modified_gmt":"2026-04-15T23:28:37","slug":"bamsi","status":"publish","type":"product","link":"https:\/\/roveyayinevi.com.tr\/index.php\/urun\/bamsi\/","title":{"rendered":"Bams\u0131"},"content":{"rendered":"<p>Bams\u0131, O\u011fuz T\u00fcrkleri\u2019nin Yusuf y\u00fczl\u00fc g\u00fczeli Bams\u0131 Beyrek\u2019in dillere destan a\u015fk hik\u00e2yesini, k\u00e2fir kalesindeki on alt\u0131 y\u0131ll\u0131k esaretini ve on alt\u0131 y\u0131ll\u0131k ayr\u0131l\u0131\u011f\u0131n ard\u0131ndan be\u015fik kertmesi olan Banu \u00c7i\u00e7ek\u2019e kavu\u015fma m\u00fccadelesini anlatan tarihi  fantastik bir romand\u0131r. Dede Korkut Romanlar\u0131 serisinin ilk kitab\u0131, O\u011fuzlar\u2019\u0131n kudretli bir beyi olan Pay P\u00fcre Bey\u2019in yedi k\u0131z\u0131 olmas\u0131na kar\u015f\u0131n erkek evlad\u0131 olmay\u0131\u015f\u0131 kar\u015f\u0131s\u0131ndaki \u00e7aresizli\u011fi ile ba\u015flar. Nice zaman sonra Allah Te\u00e2l\u00e2, Pay P\u00fcre Bey\u2019e sekizinci evlat olarak Yusuf y\u00fczl\u00fc bir o\u011ful verir. Ama bu o\u011flan\u0131n g\u00fczelli\u011fi ba\u015f\u0131na nice belalar a\u00e7ar. G\u00fczelli\u011finin methi T\u00fcrkistan s\u0131n\u0131rlar\u0131n\u0131 a\u015f\u0131p k\u00e2fir \u00fclkelerine kadar ula\u015f\u0131r.  Bams\u0131, yi\u011fitlik yap\u0131p ad\u0131n\u0131 al\u0131nca be\u015fik kertmesi Pay Pi\u00e7en Bey\u2019in k\u0131z\u0131 Banu \u00c7i\u00e7ek\u2019le d\u00fc\u011f\u00fcn haz\u0131rl\u0131klar\u0131na ba\u015flarlar. Bams\u0131 Beyrek\u2019e kara sevdal\u0131 Helen ise d\u00fc\u011f\u00fcn gecesi i\u00e7in iki \u00e2\u015f\u0131\u011fa k\u00f6t\u00fc bir s\u00fcrpriz pl\u00e2nlamakla me\u015fguld\u00fcr. \u0130\u015fte o geceden sonra sonu tahmin edilemeyecek bir a\u015fk ve yi\u011fitlik destan\u0131 yaz\u0131lmaya ba\u015flanacakt\u0131r. \u201cB\u00fct\u00fcn T\u00fcrk edebiyat\u0131n\u0131 terazinin bir g\u00f6z\u00fcne,  Dede Korkut\u2019u \u00f6b\u00fcr g\u00f6z\u00fcne koysan\u0131z, yine Dede Korkut a\u011f\u0131r basar.\u201d  Ord. Prof. M. Fuat K\u00d6PR\u00dcL\u00dc <\/p>\n","protected":false},"excerpt":{"rendered":"<p>Bams\u0131, O\u011fuz T\u00fcrkleri\u2019nin Yusuf y\u00fczl\u00fc g\u00fczeli Bams\u0131 Beyrek\u2019in dillere destan a\u015fk hik\u00e2yesini, k\u00e2fir kalesindeki on alt\u0131 y\u0131ll\u0131k esaretini ve on alt\u0131 y\u0131ll\u0131k ayr\u0131l\u0131\u011f\u0131n ard\u0131ndan be\u015fik kertmesi<span class=\"excerpt-hellip\"> [\u2026]<\/span><\/p>\n","protected":false},"featured_media":0,"template":"","meta":{"_monsterinsights_skip_tracking":false,"_monsterinsights_sitenote_active":false,"_monsterinsights_sitenote_note":"","_monsterinsights_sitenote_category":0},"product_brand":[],"product_cat":[12291,14777],"product_tag":[],"class_list":{"0":"post-720459","1":"product","2":"type-product","3":"status-publish","5":"product_cat-edebiyat","6":"product_cat-fantastik","7":"pa_cilt-ciltsiz","8":"pa_tur-kitap","9":"pa_yayinevi-yeditepe-yayinevi","10":"pa_yazar-ufuk-turan","12":"first","13":"instock","14":"sale","15":"shipping-taxable","16":"purchasable","17":"product-type-simple"},"_links":{"self":[{"href":"https:\/\/roveyayinevi.com.tr\/index.php\/wp-json\/wp\/v2\/product\/720459","targetHints":{"allow":["GET"]}}],"collection":[{"href":"https:\/\/roveyayinevi.com.tr\/index.php\/wp-json\/wp\/v2\/product"}],"about":[{"href":"https:\/\/roveyayinevi.com.tr\/index.php\/wp-json\/wp\/v2\/types\/product"}],"wp:attachment":[{"href":"https:\/\/roveyayinevi.com.tr\/index.php\/wp-json\/wp\/v2\/media?parent=720459"}],"wp:term":[{"taxonomy":"product_brand","embeddable":true,"href":"https:\/\/roveyayinevi.com.tr\/index.php\/wp-json\/wp\/v2\/product_brand?post=720459"},{"taxonomy":"product_cat","embeddable":true,"href":"https:\/\/roveyayinevi.com.tr\/index.php\/wp-json\/wp\/v2\/product_cat?post=720459"},{"taxonomy":"product_tag","embeddable":true,"href":"https:\/\/roveyayinevi.com.tr\/index.php\/wp-json\/wp\/v2\/product_tag?post=720459"}],"curies":[{"name":"wp","href":"https:\/\/api.w.org\/{rel}","templated":true}]}}