{"id":720458,"date":"2025-08-27T18:36:23","date_gmt":"2025-08-27T15:36:23","guid":{"rendered":"https:\/\/roveyayinevi.com.tr\/index.php\/urun\/bogac-han-2\/"},"modified":"2026-04-16T02:28:37","modified_gmt":"2026-04-15T23:28:37","slug":"bogac-han-2","status":"publish","type":"product","link":"https:\/\/roveyayinevi.com.tr\/index.php\/urun\/bogac-han-2\/","title":{"rendered":"Bo\u011fa\u00e7 Han"},"content":{"rendered":"<p>Bo\u011fa\u00e7 Han, O\u011fuz T\u00fcrkleri\u2019nin en g\u00fc\u00e7l\u00fc yi\u011fitlerinden birisi olan Bo\u011fa\u00e7 Han\u2019\u0131n a\u015fa\u011f\u0131lanma, k\u00fc\u00e7\u00fcmsenme ve d\u0131\u015flanma ile ge\u00e7irdi\u011fi \u0131st\u0131rap dolu y\u0131llar\u0131n\u0131n ard\u0131ndan ejderha g\u00f6r\u00fcn\u00fcml\u00fc bir bo\u011fayla tuttu\u011fu g\u00fcre\u015fi ve nice kahramanl\u0131\u011f\u0131n\u0131 anlatan tarihi  fantastik bir romand\u0131r. Dede Korkut Romanlar\u0131 serisinin ikinci kitab\u0131, O\u011fuzlar\u2019\u0131n kudretli bir beyi olan Dirse Han\u2019\u0131n herkes\u00e7e alaya al\u0131nan, horlanan o\u011flu kar\u015f\u0131s\u0131ndaki \u00fcz\u00fcnt\u00fcs\u00fc ile ba\u015flar. Hanlar Han\u0131 Bay\u0131nd\u0131r Han, yak\u0131nda bir \u015f\u00f6len verecektir ve Dirse Han oraya gidince o\u011flu sebebiyle alaya al\u0131naca\u011f\u0131n\u0131 d\u00fc\u015f\u00fcnmektedir.  Bo\u011fa\u00e7 Han, sabahtan ak\u015fama kadar oban\u0131n \u00e7ocuklar\u0131yla a\u015f\u0131k oynay\u0131p g\u00fcn\u00fcn\u00fc g\u00fcn etse de asl\u0131nda babas\u0131n\u0131n kendisinden utand\u0131\u011f\u0131n\u0131n fark\u0131ndad\u0131r. Babas\u0131n\u0131 ya\u015fad\u0131\u011f\u0131 bu utan\u00e7tan kurtarmak ve kendi yi\u011fitli\u011fini ispatlamak i\u00e7in bir ak\u015fam evinden ayr\u0131l\u0131r ve al\u0131n yaz\u0131s\u0131n\u0131n pe\u015fine d\u00fc\u015fer. K\u00e2h amans\u0131z bir bo\u011fayla g\u00fcre\u015fe tutu\u015fur k\u00e2h babas\u0131n\u0131 kurtarmak i\u00e7in k\u00e2firlerle cenk eder\u2026 Ve t\u00fcm bunlar\u0131n neticesinde Bo\u011fa\u00e7 Han\u2019\u0131n ad\u0131 kahramanl\u0131klar\u0131 vesilesiyle unutulmaz olur. \u201cB\u00fct\u00fcn T\u00fcrk edebiyat\u0131n\u0131 terazinin bir g\u00f6z\u00fcne,  Dede Korkut\u2019u \u00f6b\u00fcr g\u00f6z\u00fcne koysan\u0131z, yine Dede Korkut a\u011f\u0131r basar.\u201d  Ord. Prof. M. Fuat K\u00d6PR\u00dcL\u00dc <\/p>\n","protected":false},"excerpt":{"rendered":"<p>Bo\u011fa\u00e7 Han, O\u011fuz T\u00fcrkleri\u2019nin en g\u00fc\u00e7l\u00fc yi\u011fitlerinden birisi olan Bo\u011fa\u00e7 Han\u2019\u0131n a\u015fa\u011f\u0131lanma, k\u00fc\u00e7\u00fcmsenme ve d\u0131\u015flanma ile ge\u00e7irdi\u011fi \u0131st\u0131rap dolu y\u0131llar\u0131n\u0131n ard\u0131ndan ejderha g\u00f6r\u00fcn\u00fcml\u00fc bir bo\u011fayla tuttu\u011fu<span class=\"excerpt-hellip\"> [\u2026]<\/span><\/p>\n","protected":false},"featured_media":0,"template":"","meta":{"_monsterinsights_skip_tracking":false,"_monsterinsights_sitenote_active":false,"_monsterinsights_sitenote_note":"","_monsterinsights_sitenote_category":0},"product_brand":[],"product_cat":[12291,14777],"product_tag":[],"class_list":{"0":"post-720458","1":"product","2":"type-product","3":"status-publish","5":"product_cat-edebiyat","6":"product_cat-fantastik","7":"pa_cilt-ciltsiz","8":"pa_tur-kitap","9":"pa_yayinevi-yeditepe-yayinevi","10":"pa_yazar-ufuk-turan","12":"first","13":"instock","14":"sale","15":"shipping-taxable","16":"purchasable","17":"product-type-simple"},"_links":{"self":[{"href":"https:\/\/roveyayinevi.com.tr\/index.php\/wp-json\/wp\/v2\/product\/720458","targetHints":{"allow":["GET"]}}],"collection":[{"href":"https:\/\/roveyayinevi.com.tr\/index.php\/wp-json\/wp\/v2\/product"}],"about":[{"href":"https:\/\/roveyayinevi.com.tr\/index.php\/wp-json\/wp\/v2\/types\/product"}],"wp:attachment":[{"href":"https:\/\/roveyayinevi.com.tr\/index.php\/wp-json\/wp\/v2\/media?parent=720458"}],"wp:term":[{"taxonomy":"product_brand","embeddable":true,"href":"https:\/\/roveyayinevi.com.tr\/index.php\/wp-json\/wp\/v2\/product_brand?post=720458"},{"taxonomy":"product_cat","embeddable":true,"href":"https:\/\/roveyayinevi.com.tr\/index.php\/wp-json\/wp\/v2\/product_cat?post=720458"},{"taxonomy":"product_tag","embeddable":true,"href":"https:\/\/roveyayinevi.com.tr\/index.php\/wp-json\/wp\/v2\/product_tag?post=720458"}],"curies":[{"name":"wp","href":"https:\/\/api.w.org\/{rel}","templated":true}]}}