{"id":720457,"date":"2025-08-27T18:36:22","date_gmt":"2025-08-27T15:36:22","guid":{"rendered":"https:\/\/roveyayinevi.com.tr\/index.php\/urun\/ertugrul-bey-ve-kayilar\/"},"modified":"2026-04-16T02:28:37","modified_gmt":"2026-04-15T23:28:37","slug":"ertugrul-bey-ve-kayilar","status":"publish","type":"product","link":"https:\/\/roveyayinevi.com.tr\/index.php\/urun\/ertugrul-bey-ve-kayilar\/","title":{"rendered":"Ertu\u011frul Bey ve Kay\u0131lar"},"content":{"rendered":"<p>Kay\u0131lar\u2019\u0131n T\u00fcrkistan\u2019dan ba\u015flay\u0131p S\u00f6\u011f\u00fct ve Domani\u00e7\u2019e uzanan destans\u0131 g\u00f6\u00e7 yolculu\u011fu ile Ertu\u011frul Bey\u2019in efsanevi hayat hik\u00e2yesi bu romanda\u2026 Tarihler 1200\u2019e yakla\u015f\u0131rken Asya\u2019n\u0131n do\u011fusunda b\u00fcy\u00fck bir g\u00fc\u00e7 do\u011fmaya ba\u015flam\u0131\u015ft\u0131. Avrupal\u0131lar\u2019\u0131n Tatarlar, Asyal\u0131 kavimlerinse Mo\u011follar \u015feklinde adland\u0131rd\u0131\u011f\u0131 bu kavmin en belirgin vas\u0131flar\u0131 aras\u0131nda \u00e7evreye s\u00fcrekli yay\u0131lmak, ge\u00e7ti\u011fi her yeri istila etmek ve fazlaca kan d\u00f6kmek vard\u0131. Mo\u011follar\u2019\u0131n Bat\u0131 y\u00f6nl\u00fc yay\u0131lmac\u0131l\u0131\u011fa ba\u015flamalar\u0131 ile T\u00fcrkistan co\u011frafyas\u0131 hedef h\u00e2line gelmi\u015fti. Bu co\u011frafyadaki T\u00fcrk boylar\u0131 Mo\u011follar\u2019a kar\u015f\u0131 m\u00fccadele vermekle birlikte ad\u0131m ad\u0131m Bat\u0131\u2019ya g\u00f6\u00e7e ba\u015flam\u0131\u015ft\u0131lar. Mo\u011fol \u015ferri ve istilas\u0131 sebebiyle Bat\u0131 y\u00f6nl\u00fc g\u00f6\u00e7e ba\u015flayan T\u00fcrk boylar\u0131ndan birisi de Kay\u0131lar\u2019d\u0131. Kay\u0131lar, 20 bin \u00e7ad\u0131r olarak ba\u015flad\u0131klar\u0131 ve 40 y\u0131ldan fazla s\u00fcren g\u00f6\u00e7 yolculuklar\u0131n\u0131n sonunda S\u00f6\u011f\u00fct ve Domani\u00e7\u2019e 400 \u00e7ad\u0131r olarak ula\u015fabilmi\u015flerdi. Bu tarihi roman, Kay\u0131lar\u2019\u0131n; kadim T\u00fcrk yurdu T\u00fcrkistan\u2019dan ba\u015flay\u0131p, S\u00f6\u011f\u00fct ve Domani\u00e7\u2019e uzanan destans\u0131 g\u00f6\u00e7 yolculuklar\u0131n\u0131n b\u00fct\u00fcn duraklar\u0131n\u0131, Rum hududundaki faaliyetlerini ve Ertu\u011frul Bey\u2019in 93 y\u0131ll\u0131k efsanevi hayat hik\u00e2yesini t\u00fcm teferruat\u0131yla g\u00f6zler \u00f6n\u00fcne sermek i\u00e7in kaleme al\u0131nd\u0131. Ayr\u0131ca bu roman, kafan\u0131zdaki bir\u00e7ok soruya da cevap verecektir! <\/p>\n","protected":false},"excerpt":{"rendered":"<p>Kay\u0131lar\u2019\u0131n T\u00fcrkistan\u2019dan ba\u015flay\u0131p S\u00f6\u011f\u00fct ve Domani\u00e7\u2019e uzanan destans\u0131 g\u00f6\u00e7 yolculu\u011fu ile Ertu\u011frul Bey\u2019in efsanevi hayat hik\u00e2yesi bu romanda\u2026 Tarihler 1200\u2019e yakla\u015f\u0131rken Asya\u2019n\u0131n do\u011fusunda b\u00fcy\u00fck bir g\u00fc\u00e7<span class=\"excerpt-hellip\"> [\u2026]<\/span><\/p>\n","protected":false},"featured_media":0,"template":"","meta":{"_monsterinsights_skip_tracking":false,"_monsterinsights_sitenote_active":false,"_monsterinsights_sitenote_note":"","_monsterinsights_sitenote_category":0},"product_brand":[],"product_cat":[12291,12745],"product_tag":[],"class_list":{"0":"post-720457","1":"product","2":"type-product","3":"status-publish","5":"product_cat-edebiyat","6":"product_cat-tarihi-roman","7":"pa_cilt-ciltsiz","8":"pa_tur-kitap","9":"pa_yayinevi-yeditepe-yayinevi","10":"pa_yazar-ufuk-turan","12":"first","13":"instock","14":"sale","15":"shipping-taxable","16":"purchasable","17":"product-type-simple"},"_links":{"self":[{"href":"https:\/\/roveyayinevi.com.tr\/index.php\/wp-json\/wp\/v2\/product\/720457","targetHints":{"allow":["GET"]}}],"collection":[{"href":"https:\/\/roveyayinevi.com.tr\/index.php\/wp-json\/wp\/v2\/product"}],"about":[{"href":"https:\/\/roveyayinevi.com.tr\/index.php\/wp-json\/wp\/v2\/types\/product"}],"wp:attachment":[{"href":"https:\/\/roveyayinevi.com.tr\/index.php\/wp-json\/wp\/v2\/media?parent=720457"}],"wp:term":[{"taxonomy":"product_brand","embeddable":true,"href":"https:\/\/roveyayinevi.com.tr\/index.php\/wp-json\/wp\/v2\/product_brand?post=720457"},{"taxonomy":"product_cat","embeddable":true,"href":"https:\/\/roveyayinevi.com.tr\/index.php\/wp-json\/wp\/v2\/product_cat?post=720457"},{"taxonomy":"product_tag","embeddable":true,"href":"https:\/\/roveyayinevi.com.tr\/index.php\/wp-json\/wp\/v2\/product_tag?post=720457"}],"curies":[{"name":"wp","href":"https:\/\/api.w.org\/{rel}","templated":true}]}}