{"id":720456,"date":"2025-08-27T18:36:22","date_gmt":"2025-08-27T15:36:22","guid":{"rendered":"https:\/\/roveyayinevi.com.tr\/index.php\/urun\/uluslararasi-politik-iktisatta-tarihsel-ve-guncel-tartismalar\/"},"modified":"2026-04-16T02:28:37","modified_gmt":"2026-04-15T23:28:37","slug":"uluslararasi-politik-iktisatta-tarihsel-ve-guncel-tartismalar","status":"publish","type":"product","link":"https:\/\/roveyayinevi.com.tr\/index.php\/urun\/uluslararasi-politik-iktisatta-tarihsel-ve-guncel-tartismalar\/","title":{"rendered":"Uluslararas\u0131 Politik \u0130ktisatta Tarihsel ve G\u00fcncel Tart\u0131\u015fmalar"},"content":{"rendered":"<p>Klasik Kalk\u0131nmac\u0131l\u0131k ve Post-Keynesyen Makro \u0120ktisattan Yeni Kalk\u0131nmac\u0131l\u0131\u011fa Michal Kalecki: Neden Keynes\u2019in G\u00f6lgesinde Kald\u0131? Klientalizm ve Rant Ekonomisi \u00dczerinden Y\u00fckselen \u201cNeopatrimonyal Rejimler\u201d ve Rusya \u00d6rne\u011fi Ak\u0131ll\u0131 G\u00fc\u00e7 ve Yumu\u0122ak G\u00fc\u00e7 Tart\u0131\u0122malar\u0131 Ba\u011flam\u0131nda Yeni \u0130pek Yolu Projesi\u2019nin Ekonomi Politi\u011fi Ulus\u00f6tesi Kapitalist S\u0131n\u0131f\u0131n Sovyet Sonras\u0131 Rusya\u2019daki Tezah\u00fcrleri S\u00f6m\u00fcrgecilikten Post-S\u00f6m\u00fcrgecili\u011fe: Yerel Bilgi Birikimi ve Biyo-Korsanl\u0131k K\u00fcreselle\u015fme S\u00fcrecinin \u0130\u015fg\u00fcc\u00fc Piyasalar\u0131na Yans\u0131malar\u0131 Ekonomik B\u00fcy\u00fcme ve Yat\u0131r\u0131m \u0130li\u015fkisine \u0130\u015f Yapabilirlik Endeksi \u00dczerinden Bakmak: BRIC-T \u00dclkeleri \u00d6rne\u011fi Ye\u015fil Ekonomi, S\u00fcrd\u00fcr\u00fclebilir Kalk\u0131nma ve T\u00fcrkiye Charles Poor Kindleberger: Finansal Krizler ve Hegemonik \u0130stikrar Teorisi Ticaret, Ekonomik Durum ve Mitolojideki Yans\u0131malar\u0131 K\u00fcresel Finansal Sistemde T\u00fcrev Piyasalar ve Spot Piyasalar Etkile\u015fimi <\/p>\n","protected":false},"excerpt":{"rendered":"<p>Klasik Kalk\u0131nmac\u0131l\u0131k ve Post-Keynesyen Makro \u0120ktisattan Yeni Kalk\u0131nmac\u0131l\u0131\u011fa Michal Kalecki: Neden Keynes\u2019in G\u00f6lgesinde Kald\u0131? Klientalizm ve Rant Ekonomisi \u00dczerinden Y\u00fckselen \u201cNeopatrimonyal Rejimler\u201d ve Rusya \u00d6rne\u011fi Ak\u0131ll\u0131<span class=\"excerpt-hellip\"> [\u2026]<\/span><\/p>\n","protected":false},"featured_media":0,"template":"","meta":{"_monsterinsights_skip_tracking":false,"_monsterinsights_sitenote_active":false,"_monsterinsights_sitenote_note":"","_monsterinsights_sitenote_category":0},"product_brand":[],"product_cat":[13043,14381],"product_tag":[],"class_list":{"0":"post-720456","1":"product","2":"type-product","3":"status-publish","5":"product_cat-ekonomi","6":"product_cat-isletme-muhasebe-maliye","7":"pa_cilt-ciltsiz","8":"pa_tur-kitap","9":"pa_yayinevi-gazi-kitabevi","10":"pa_yazar-orhan-simsek","12":"first","13":"instock","14":"sale","15":"shipping-taxable","16":"purchasable","17":"product-type-simple"},"_links":{"self":[{"href":"https:\/\/roveyayinevi.com.tr\/index.php\/wp-json\/wp\/v2\/product\/720456","targetHints":{"allow":["GET"]}}],"collection":[{"href":"https:\/\/roveyayinevi.com.tr\/index.php\/wp-json\/wp\/v2\/product"}],"about":[{"href":"https:\/\/roveyayinevi.com.tr\/index.php\/wp-json\/wp\/v2\/types\/product"}],"wp:attachment":[{"href":"https:\/\/roveyayinevi.com.tr\/index.php\/wp-json\/wp\/v2\/media?parent=720456"}],"wp:term":[{"taxonomy":"product_brand","embeddable":true,"href":"https:\/\/roveyayinevi.com.tr\/index.php\/wp-json\/wp\/v2\/product_brand?post=720456"},{"taxonomy":"product_cat","embeddable":true,"href":"https:\/\/roveyayinevi.com.tr\/index.php\/wp-json\/wp\/v2\/product_cat?post=720456"},{"taxonomy":"product_tag","embeddable":true,"href":"https:\/\/roveyayinevi.com.tr\/index.php\/wp-json\/wp\/v2\/product_tag?post=720456"}],"curies":[{"name":"wp","href":"https:\/\/api.w.org\/{rel}","templated":true}]}}