{"id":720453,"date":"2025-08-27T18:36:20","date_gmt":"2025-08-27T15:36:20","guid":{"rendered":"https:\/\/roveyayinevi.com.tr\/index.php\/urun\/surdurulebilirlik-acisindan-maliyet-azaltiminin-stratejik-yol-haritasi\/"},"modified":"2026-04-16T02:28:37","modified_gmt":"2026-04-15T23:28:37","slug":"surdurulebilirlik-acisindan-maliyet-azaltiminin-stratejik-yol-haritasi","status":"publish","type":"product","link":"https:\/\/roveyayinevi.com.tr\/index.php\/urun\/surdurulebilirlik-acisindan-maliyet-azaltiminin-stratejik-yol-haritasi\/","title":{"rendered":"S\u00fcrd\u00fcr\u00fclebilirlik A\u00e7\u0131s\u0131ndan Maliyet Azalt\u0131m\u0131n\u0131n Stratejik Yol Haritas\u0131"},"content":{"rendered":"<p>1.    \u00c7al\u0131\u015fman\u0131n Konusu, Amac\u0131, S\u0131n\u0131rlar\u0131 ve Muhasebeye Katk\u0131s\u0131 2.    Maliyet ve Maliyet Azalt\u0131m\u0131 Konusunda Genel A\u00e7\u0131klamalar 3.    Direkt (De\u011fi\u015fken) Standart Maliyetleme Y\u00f6ntemi ve Maliyetlerin Kontrol\u00fc 4.    Maliyet Azaltma Program\u0131n\u0131n Haz\u0131rlanmas\u0131 5.    \u0130malat Maliyetlerinin Azalt\u0131m\u0131 \u00c7ay\u0131rova \u00c7am Sanayii A.\u015e.\u2019ndeSistemli Maliyet Azaltma \u00c7al\u0131\u015fmalar\u0131n\u0131n Map \u00c7er\u00e7evesinde 6.\u00c7ay\u0131rova \u00c7am Sanayii A.\u015e.\u2019ndeSistemli Maliyet Azaltma \u00c7al\u0131\u015fmalar\u0131n\u0131n Map \u00c7er\u00e7evesinde 7.    Uygulanmas\u0131 ve Genel De\u011ferlendirmesi       <\/p>\n","protected":false},"excerpt":{"rendered":"<p>1. \u00c7al\u0131\u015fman\u0131n Konusu, Amac\u0131, S\u0131n\u0131rlar\u0131 ve Muhasebeye Katk\u0131s\u0131 2. Maliyet ve Maliyet Azalt\u0131m\u0131 Konusunda Genel A\u00e7\u0131klamalar 3. Direkt (De\u011fi\u015fken) Standart Maliyetleme Y\u00f6ntemi ve Maliyetlerin Kontrol\u00fc 4.<span class=\"excerpt-hellip\"> [\u2026]<\/span><\/p>\n","protected":false},"featured_media":0,"template":"","meta":{"_monsterinsights_skip_tracking":false,"_monsterinsights_sitenote_active":false,"_monsterinsights_sitenote_note":"","_monsterinsights_sitenote_category":0},"product_brand":[],"product_cat":[13043,14381],"product_tag":[],"class_list":{"0":"post-720453","1":"product","2":"type-product","3":"status-publish","5":"product_cat-ekonomi","6":"product_cat-isletme-muhasebe-maliye","7":"pa_cilt-ciltsiz","8":"pa_tur-kitap","9":"pa_yayinevi-gazi-kitabevi","10":"pa_yazar-orhan-elmaci","12":"first","13":"instock","14":"sale","15":"shipping-taxable","16":"purchasable","17":"product-type-simple"},"_links":{"self":[{"href":"https:\/\/roveyayinevi.com.tr\/index.php\/wp-json\/wp\/v2\/product\/720453","targetHints":{"allow":["GET"]}}],"collection":[{"href":"https:\/\/roveyayinevi.com.tr\/index.php\/wp-json\/wp\/v2\/product"}],"about":[{"href":"https:\/\/roveyayinevi.com.tr\/index.php\/wp-json\/wp\/v2\/types\/product"}],"wp:attachment":[{"href":"https:\/\/roveyayinevi.com.tr\/index.php\/wp-json\/wp\/v2\/media?parent=720453"}],"wp:term":[{"taxonomy":"product_brand","embeddable":true,"href":"https:\/\/roveyayinevi.com.tr\/index.php\/wp-json\/wp\/v2\/product_brand?post=720453"},{"taxonomy":"product_cat","embeddable":true,"href":"https:\/\/roveyayinevi.com.tr\/index.php\/wp-json\/wp\/v2\/product_cat?post=720453"},{"taxonomy":"product_tag","embeddable":true,"href":"https:\/\/roveyayinevi.com.tr\/index.php\/wp-json\/wp\/v2\/product_tag?post=720453"}],"curies":[{"name":"wp","href":"https:\/\/api.w.org\/{rel}","templated":true}]}}