{"id":720452,"date":"2025-08-27T18:36:19","date_gmt":"2025-08-27T15:36:19","guid":{"rendered":"https:\/\/roveyayinevi.com.tr\/index.php\/urun\/issiz-kadinlar-sokagi\/"},"modified":"2026-04-16T02:28:37","modified_gmt":"2026-04-15T23:28:37","slug":"issiz-kadinlar-sokagi","status":"publish","type":"product","link":"https:\/\/roveyayinevi.com.tr\/index.php\/urun\/issiz-kadinlar-sokagi\/","title":{"rendered":"Iss\u0131z Kad\u0131nlar Soka\u011f\u0131"},"content":{"rendered":"<p>Taciz, tecav\u00fcz, \u015fiddet ma\u011fduru 20 kad\u0131n\u0131n hikayesi\u2026Erkek di\u015fi sorulmaz, muhabbetin dilindeHakk\u2019\u0131n yaratt\u0131\u011f\u0131 her \u015fey yerli yerindeBizim nazar\u0131m\u0131zda, kad\u0131n erkek fark\u0131 yokNoksanl\u0131kla eksiklik, senin g\u00f6r\u00fc\u015flerindeHac\u0131 Bekta\u015f Veli<\/p>\n","protected":false},"excerpt":{"rendered":"<p>Taciz, tecav\u00fcz, \u015fiddet ma\u011fduru 20 kad\u0131n\u0131n hikayesi\u2026Erkek di\u015fi sorulmaz, muhabbetin dilindeHakk\u2019\u0131n yaratt\u0131\u011f\u0131 her \u015fey yerli yerindeBizim nazar\u0131m\u0131zda, kad\u0131n erkek fark\u0131 yokNoksanl\u0131kla eksiklik, senin g\u00f6r\u00fc\u015flerindeHac\u0131 Bekta\u015f Veli<\/p>\n","protected":false},"featured_media":0,"template":"","meta":{"_monsterinsights_skip_tracking":false,"_monsterinsights_sitenote_active":false,"_monsterinsights_sitenote_note":"","_monsterinsights_sitenote_category":0},"product_brand":[],"product_cat":[12291,12711],"product_tag":[],"class_list":{"0":"post-720452","1":"product","2":"type-product","3":"status-publish","5":"product_cat-edebiyat","6":"product_cat-roman-oyku","7":"pa_cilt-ciltsiz","8":"pa_tur-kitap","9":"pa_yayinevi-dogan-kitap","10":"pa_yazar-canan-tan","12":"first","13":"instock","14":"sale","15":"shipping-taxable","16":"purchasable","17":"product-type-simple"},"_links":{"self":[{"href":"https:\/\/roveyayinevi.com.tr\/index.php\/wp-json\/wp\/v2\/product\/720452","targetHints":{"allow":["GET"]}}],"collection":[{"href":"https:\/\/roveyayinevi.com.tr\/index.php\/wp-json\/wp\/v2\/product"}],"about":[{"href":"https:\/\/roveyayinevi.com.tr\/index.php\/wp-json\/wp\/v2\/types\/product"}],"wp:attachment":[{"href":"https:\/\/roveyayinevi.com.tr\/index.php\/wp-json\/wp\/v2\/media?parent=720452"}],"wp:term":[{"taxonomy":"product_brand","embeddable":true,"href":"https:\/\/roveyayinevi.com.tr\/index.php\/wp-json\/wp\/v2\/product_brand?post=720452"},{"taxonomy":"product_cat","embeddable":true,"href":"https:\/\/roveyayinevi.com.tr\/index.php\/wp-json\/wp\/v2\/product_cat?post=720452"},{"taxonomy":"product_tag","embeddable":true,"href":"https:\/\/roveyayinevi.com.tr\/index.php\/wp-json\/wp\/v2\/product_tag?post=720452"}],"curies":[{"name":"wp","href":"https:\/\/api.w.org\/{rel}","templated":true}]}}