{"id":720451,"date":"2025-08-27T18:36:18","date_gmt":"2025-08-27T15:36:18","guid":{"rendered":"https:\/\/roveyayinevi.com.tr\/index.php\/urun\/meslegim-yazarlik\/"},"modified":"2026-04-16T02:28:37","modified_gmt":"2026-04-15T23:28:37","slug":"meslegim-yazarlik","status":"publish","type":"product","link":"https:\/\/roveyayinevi.com.tr\/index.php\/urun\/meslegim-yazarlik\/","title":{"rendered":"Mesle\u011fim Yazarl\u0131k"},"content":{"rendered":"<p>Roman yazmak y\u00fcre\u011finizdeki karanl\u0131\u011f\u0131n dibine dek inmektir. Yaln\u0131z yap\u0131lan bir i\u015f oldu\u011funu s\u00f6ylemek s\u0131radan bir ifade olur ama roman yazmak \u2013\u00f6zellikle de uzun bir roman yazmak- ger\u00e7ekten de yaln\u0131z yap\u0131lan bir i\u015ftir. Bazen derin bir kuyunun dibinde tek ba\u015f\u0131ma oturuyormu\u015fum gibi bir hisse kap\u0131l\u0131r\u0131m. Ne kimse yard\u0131m edebilir bana, ne de biri \u00e7\u0131k\u0131p \u201cBug\u00fcn iyi i\u015f \u00e7\u0131kard\u0131n\u201d diyerek s\u0131rt\u0131m\u0131 s\u0131vazlar. Neticede ortaya koydu\u011fum eser birileri taraf\u0131ndan (elbette iyi olmu\u015fsa) \u00f6v\u00fclebilir ama kimse roman yazma i\u015finin kendisini de\u011ferlendirmez. Bu, yazar\u0131n tek ba\u015f\u0131na sessizce s\u0131rtlanaca\u011f\u0131 bir y\u00fckt\u00fcr. Ya\u015fayan en b\u00fcy\u00fck edebiyat\u00e7\u0131lardan biri olan Haruki Murakami\u2019den bir meslek olarak \u201cyazarl\u0131k\u201d&#8230; T\u00fcm yazma heveslilerine ilham verecek tespitlerle dolu, \u201cyazma dersleri\u201d olarak da okunabilecek bir metin.<\/p>\n","protected":false},"excerpt":{"rendered":"<p>Roman yazmak y\u00fcre\u011finizdeki karanl\u0131\u011f\u0131n dibine dek inmektir. Yaln\u0131z yap\u0131lan bir i\u015f oldu\u011funu s\u00f6ylemek s\u0131radan bir ifade olur ama roman yazmak \u2013\u00f6zellikle de uzun bir roman yazmak-<span class=\"excerpt-hellip\"> [\u2026]<\/span><\/p>\n","protected":false},"featured_media":0,"template":"","meta":{"_monsterinsights_skip_tracking":false,"_monsterinsights_sitenote_active":false,"_monsterinsights_sitenote_note":"","_monsterinsights_sitenote_category":0},"product_brand":[],"product_cat":[12777,12291],"product_tag":[],"class_list":{"0":"post-720451","1":"product","2":"type-product","3":"status-publish","5":"product_cat-deneme","6":"product_cat-edebiyat","7":"pa_cilt-ciltsiz","8":"pa_tur-kitap","9":"pa_yayinevi-dogan-kitap","10":"pa_yazar-haruki-murakami","12":"first","13":"instock","14":"sale","15":"shipping-taxable","16":"purchasable","17":"product-type-simple"},"_links":{"self":[{"href":"https:\/\/roveyayinevi.com.tr\/index.php\/wp-json\/wp\/v2\/product\/720451","targetHints":{"allow":["GET"]}}],"collection":[{"href":"https:\/\/roveyayinevi.com.tr\/index.php\/wp-json\/wp\/v2\/product"}],"about":[{"href":"https:\/\/roveyayinevi.com.tr\/index.php\/wp-json\/wp\/v2\/types\/product"}],"wp:attachment":[{"href":"https:\/\/roveyayinevi.com.tr\/index.php\/wp-json\/wp\/v2\/media?parent=720451"}],"wp:term":[{"taxonomy":"product_brand","embeddable":true,"href":"https:\/\/roveyayinevi.com.tr\/index.php\/wp-json\/wp\/v2\/product_brand?post=720451"},{"taxonomy":"product_cat","embeddable":true,"href":"https:\/\/roveyayinevi.com.tr\/index.php\/wp-json\/wp\/v2\/product_cat?post=720451"},{"taxonomy":"product_tag","embeddable":true,"href":"https:\/\/roveyayinevi.com.tr\/index.php\/wp-json\/wp\/v2\/product_tag?post=720451"}],"curies":[{"name":"wp","href":"https:\/\/api.w.org\/{rel}","templated":true}]}}