{"id":720450,"date":"2025-08-27T18:36:18","date_gmt":"2025-08-27T15:36:18","guid":{"rendered":"https:\/\/roveyayinevi.com.tr\/index.php\/urun\/atinalilarin-devleti-3\/"},"modified":"2026-04-16T02:28:37","modified_gmt":"2026-04-15T23:28:37","slug":"atinalilarin-devleti-3","status":"publish","type":"product","link":"https:\/\/roveyayinevi.com.tr\/index.php\/urun\/atinalilarin-devleti-3\/","title":{"rendered":"Atinal\u0131lar\u0131n Devleti"},"content":{"rendered":"<p>Demokrasi kavram\u0131n\u0131n do\u011fdu\u011fu yer, Eski Yunan d\u00fcnyas\u0131n\u0131n en \u00f6nemli merkezi olan Atina&#8217;d\u0131r. M\u00d6 5. y\u00fczy\u0131lda, \u00f6zellikle \u00fcnl\u00fc devlet adam\u0131 Perikles&#8217;in y\u00f6netiminde, \u00e7a\u011f\u0131n \u00f6tesinde bir yakla\u015f\u0131m benimsenerek t\u00fcm vatanda\u015flar\u0131n kat\u0131labildi\u011fi bir y\u00f6netim modeli olu\u015fturulmu\u015ftur. Bu y\u00f6netim \u015feklinin \u00e7a\u011fda\u015f demokrasi anlay\u0131\u015f\u0131n\u0131n geli\u015fip \u015fekillenmesinde derin etkileri olmu\u015ftur. Atinal\u0131lar\u0131n Devleti, demokrasinin do\u011fu\u015funa imk\u00e2n veren bu olaylar\u0131 ve ko\u015fullar\u0131 anlatmakta ve ard\u0131ndan Atina demokrasisinin en g\u00f6z kama\u015ft\u0131r\u0131c\u0131 d\u00f6neminde hangi kurumlar arac\u0131l\u0131\u011f\u0131yla ve nas\u0131l i\u015fledi\u011fini g\u00f6zler \u00f6n\u00fcne sermektedir. Bu bak\u0131mdan yaln\u0131zca eski\u00e7a\u011f tarihi a\u00e7\u0131s\u0131ndan de\u011fil, siyaset bilimleri ve idari tarih \u00e7al\u0131\u015fmalar\u0131 a\u00e7\u0131s\u0131ndan da temel bir kaynak niteli\u011findedir. <\/p>\n","protected":false},"excerpt":{"rendered":"<p>Demokrasi kavram\u0131n\u0131n do\u011fdu\u011fu yer, Eski Yunan d\u00fcnyas\u0131n\u0131n en \u00f6nemli merkezi olan Atina&#8217;d\u0131r. M\u00d6 5. y\u00fczy\u0131lda, \u00f6zellikle \u00fcnl\u00fc devlet adam\u0131 Perikles&#8217;in y\u00f6netiminde, \u00e7a\u011f\u0131n \u00f6tesinde bir yakla\u015f\u0131m benimsenerek<span class=\"excerpt-hellip\"> [\u2026]<\/span><\/p>\n","protected":false},"featured_media":0,"template":"","meta":{"_monsterinsights_skip_tracking":false,"_monsterinsights_sitenote_active":false,"_monsterinsights_sitenote_note":"","_monsterinsights_sitenote_category":0},"product_brand":[],"product_cat":[16038,12388],"product_tag":[],"class_list":{"0":"post-720450","1":"product","2":"type-product","3":"status-publish","5":"product_cat-arastirma-inceleme-referans-felsefe","6":"product_cat-felsefe","7":"pa_cilt-ciltsiz","8":"pa_tur-kitap","9":"pa_yayinevi-alfa-yayinlari","10":"pa_yazar-aristoteles","12":"first","13":"instock","14":"sale","15":"shipping-taxable","16":"purchasable","17":"product-type-simple"},"_links":{"self":[{"href":"https:\/\/roveyayinevi.com.tr\/index.php\/wp-json\/wp\/v2\/product\/720450","targetHints":{"allow":["GET"]}}],"collection":[{"href":"https:\/\/roveyayinevi.com.tr\/index.php\/wp-json\/wp\/v2\/product"}],"about":[{"href":"https:\/\/roveyayinevi.com.tr\/index.php\/wp-json\/wp\/v2\/types\/product"}],"wp:attachment":[{"href":"https:\/\/roveyayinevi.com.tr\/index.php\/wp-json\/wp\/v2\/media?parent=720450"}],"wp:term":[{"taxonomy":"product_brand","embeddable":true,"href":"https:\/\/roveyayinevi.com.tr\/index.php\/wp-json\/wp\/v2\/product_brand?post=720450"},{"taxonomy":"product_cat","embeddable":true,"href":"https:\/\/roveyayinevi.com.tr\/index.php\/wp-json\/wp\/v2\/product_cat?post=720450"},{"taxonomy":"product_tag","embeddable":true,"href":"https:\/\/roveyayinevi.com.tr\/index.php\/wp-json\/wp\/v2\/product_tag?post=720450"}],"curies":[{"name":"wp","href":"https:\/\/api.w.org\/{rel}","templated":true}]}}