{"id":720449,"date":"2025-08-27T18:36:17","date_gmt":"2025-08-27T15:36:17","guid":{"rendered":"https:\/\/roveyayinevi.com.tr\/index.php\/urun\/pay-piyasalarinda-yatirimci-duyarliligi-oecd-ulkeleri-uzerine-ekonometrik-bir-arastirma\/"},"modified":"2026-04-16T02:28:37","modified_gmt":"2026-04-15T23:28:37","slug":"pay-piyasalarinda-yatirimci-duyarliligi-oecd-ulkeleri-uzerine-ekonometrik-bir-arastirma","status":"publish","type":"product","link":"https:\/\/roveyayinevi.com.tr\/index.php\/urun\/pay-piyasalarinda-yatirimci-duyarliligi-oecd-ulkeleri-uzerine-ekonometrik-bir-arastirma\/","title":{"rendered":"Pay Piyasalar\u0131nda Yat\u0131r\u0131mc\u0131 Duyarl\u0131l\u0131\u011f\u0131 OECD \u00dclkeleri \u00dczerine Ekonometrik Bir Ara\u015ft\u0131rma"},"content":{"rendered":"<p>B\u0130R\u0130NC\u0130 B\u00d6L\u00dcM YATIRIMCI DUYARLILI\u011eI A\u00c7ISINDAN F\u0130NANSAL P\u0130YASALAR   \u0130K\u0130NC\u0130 B\u00d6L\u00dcM BEKLENEN FAYDA TEOR\u0130S\u0130 VE ETK\u0130N P\u0130YASA H\u0130POTEZ\u0130   \u00dc\u00c7\u00dcNC\u00dc B\u00d6L\u00dcM DAVRANI\u015eSAL F\u0130NANS D\u00d6RD\u00dcNC\u00dc B\u00d6L\u00dcM YATIRIMCI DUYARLILI\u011eI   BE\u015e\u0130NC\u0130 B\u00d6L\u00dcM YATIRIMCI DUYARLILI\u011eININ PAY P\u0130YASALARI \u00dcZER\u0130NDEK\u0130 ETK\u0130S\u0130N\u0130 BEL\u0130RLEMEYE Y\u00d6NEL\u0130K B\u0130R ARA\u015eTIRMA <\/p>\n","protected":false},"excerpt":{"rendered":"<p>B\u0130R\u0130NC\u0130 B\u00d6L\u00dcM YATIRIMCI DUYARLILI\u011eI A\u00c7ISINDAN F\u0130NANSAL P\u0130YASALAR \u0130K\u0130NC\u0130 B\u00d6L\u00dcM BEKLENEN FAYDA TEOR\u0130S\u0130 VE ETK\u0130N P\u0130YASA H\u0130POTEZ\u0130 \u00dc\u00c7\u00dcNC\u00dc B\u00d6L\u00dcM DAVRANI\u015eSAL F\u0130NANS D\u00d6RD\u00dcNC\u00dc B\u00d6L\u00dcM YATIRIMCI DUYARLILI\u011eI BE\u015e\u0130NC\u0130 B\u00d6L\u00dcM<span class=\"excerpt-hellip\"> [\u2026]<\/span><\/p>\n","protected":false},"featured_media":0,"template":"","meta":{"_monsterinsights_skip_tracking":false,"_monsterinsights_sitenote_active":false,"_monsterinsights_sitenote_note":"","_monsterinsights_sitenote_category":0},"product_brand":[],"product_cat":[13043,14381],"product_tag":[],"class_list":{"0":"post-720449","1":"product","2":"type-product","3":"status-publish","5":"product_cat-ekonomi","6":"product_cat-isletme-muhasebe-maliye","7":"pa_cilt-ciltsiz","8":"pa_tur-kitap","9":"pa_yayinevi-gazi-kitabevi","10":"pa_yazar-emre-esat-topaloglu","12":"first","13":"instock","14":"sale","15":"shipping-taxable","16":"purchasable","17":"product-type-simple"},"_links":{"self":[{"href":"https:\/\/roveyayinevi.com.tr\/index.php\/wp-json\/wp\/v2\/product\/720449","targetHints":{"allow":["GET"]}}],"collection":[{"href":"https:\/\/roveyayinevi.com.tr\/index.php\/wp-json\/wp\/v2\/product"}],"about":[{"href":"https:\/\/roveyayinevi.com.tr\/index.php\/wp-json\/wp\/v2\/types\/product"}],"wp:attachment":[{"href":"https:\/\/roveyayinevi.com.tr\/index.php\/wp-json\/wp\/v2\/media?parent=720449"}],"wp:term":[{"taxonomy":"product_brand","embeddable":true,"href":"https:\/\/roveyayinevi.com.tr\/index.php\/wp-json\/wp\/v2\/product_brand?post=720449"},{"taxonomy":"product_cat","embeddable":true,"href":"https:\/\/roveyayinevi.com.tr\/index.php\/wp-json\/wp\/v2\/product_cat?post=720449"},{"taxonomy":"product_tag","embeddable":true,"href":"https:\/\/roveyayinevi.com.tr\/index.php\/wp-json\/wp\/v2\/product_tag?post=720449"}],"curies":[{"name":"wp","href":"https:\/\/api.w.org\/{rel}","templated":true}]}}