{"id":720448,"date":"2025-08-27T18:36:17","date_gmt":"2025-08-27T15:36:17","guid":{"rendered":"https:\/\/roveyayinevi.com.tr\/index.php\/urun\/karsilastirmali-ic-guvenlik-yonetimine-giris-ulke-ornekleri\/"},"modified":"2026-04-16T02:28:37","modified_gmt":"2026-04-15T23:28:37","slug":"karsilastirmali-ic-guvenlik-yonetimine-giris-ulke-ornekleri","status":"publish","type":"product","link":"https:\/\/roveyayinevi.com.tr\/index.php\/urun\/karsilastirmali-ic-guvenlik-yonetimine-giris-ulke-ornekleri\/","title":{"rendered":"Kar\u015f\u0131la\u015ft\u0131rmal\u0131 \u0130\u00e7 G\u00fcvenlik Y\u00f6netimine Giri\u015f \u00dclke \u00d6rnekleri"},"content":{"rendered":"<p>\u0130\u00e7indekiler  Kar\u015f\u0131la\u015ft\u0131rmal\u0131 Y\u00f6netim \u00dczerine Bir De\u011ferlendirme: Kar\u015f\u0131la\u015ft\u0131rarak Anlamak ya da Anlamamak Can Umut \u00c7\u0130NER \u0130\u00e7 G\u00fcvenlik Y\u00f6netiminin Kar\u015f\u0131la\u015ft\u0131r\u0131labilirli\u011fi \u00dczerine Tekin AVANERFrans\u0131z Jandarma Te\u015fkilat\u0131 Olgun ALTUNDA\u015e Federal Almanya Cumhuriyeti Kolluk Te\u015fkilatlanmas\u0131 G\u00f6khan \u0130brahim \u00d6\u011e\u00dcN\u00c7 \u0130talya \u0130\u00e7 G\u00fcvenlik Y\u00f6netimi ve Karabinieri Te\u015fkilat\u0131 G\u00f6khan SARI \u0130spanya\u2019da \u0130\u00e7 G\u00fcvenlik Y\u00f6netimi Erdem ERC\u0130YES Rusya\u2019n\u0131n \u0130\u00e7 G\u00fcvenlik Y\u00f6netimi Muhittin TATARO\u011eLU \u0130ngiltere\u2019de Ulusal G\u00fcvenlik Y\u00f6netimi Mehmet \u015eENCAN ABD \u0130\u00e7 G\u00fcvenlik Y\u00f6netimi Bilge UZ Kanada\u2019da \u0130\u00e7 G\u00fcvenlik Y\u00f6netimi Ahmet BARBAK Azerbaycan\u2019da \u0130\u00e7 G\u00fcvenlik Y\u00f6netimi Murteza HASANO\u011eLU   <\/p>\n","protected":false},"excerpt":{"rendered":"<p>\u0130\u00e7indekiler Kar\u015f\u0131la\u015ft\u0131rmal\u0131 Y\u00f6netim \u00dczerine Bir De\u011ferlendirme: Kar\u015f\u0131la\u015ft\u0131rarak Anlamak ya da Anlamamak Can Umut \u00c7\u0130NER \u0130\u00e7 G\u00fcvenlik Y\u00f6netiminin Kar\u015f\u0131la\u015ft\u0131r\u0131labilirli\u011fi \u00dczerine Tekin AVANERFrans\u0131z Jandarma Te\u015fkilat\u0131 Olgun ALTUNDA\u015e Federal<span class=\"excerpt-hellip\"> [\u2026]<\/span><\/p>\n","protected":false},"featured_media":0,"template":"","meta":{"_monsterinsights_skip_tracking":false,"_monsterinsights_sitenote_active":false,"_monsterinsights_sitenote_note":"","_monsterinsights_sitenote_category":0},"product_brand":[],"product_cat":[12337,17225],"product_tag":[],"class_list":{"0":"post-720448","1":"product","2":"type-product","3":"status-publish","5":"product_cat-politika-siyaset","6":"product_cat-uluslararasi-iliskiler","7":"pa_cilt-ciltsiz","8":"pa_tur-kitap","9":"pa_yayinevi-gazi-kitabevi","10":"pa_yazar-tekin-avaner-can-umut-ciner","12":"first","13":"instock","14":"sale","15":"shipping-taxable","16":"purchasable","17":"product-type-simple"},"_links":{"self":[{"href":"https:\/\/roveyayinevi.com.tr\/index.php\/wp-json\/wp\/v2\/product\/720448","targetHints":{"allow":["GET"]}}],"collection":[{"href":"https:\/\/roveyayinevi.com.tr\/index.php\/wp-json\/wp\/v2\/product"}],"about":[{"href":"https:\/\/roveyayinevi.com.tr\/index.php\/wp-json\/wp\/v2\/types\/product"}],"wp:attachment":[{"href":"https:\/\/roveyayinevi.com.tr\/index.php\/wp-json\/wp\/v2\/media?parent=720448"}],"wp:term":[{"taxonomy":"product_brand","embeddable":true,"href":"https:\/\/roveyayinevi.com.tr\/index.php\/wp-json\/wp\/v2\/product_brand?post=720448"},{"taxonomy":"product_cat","embeddable":true,"href":"https:\/\/roveyayinevi.com.tr\/index.php\/wp-json\/wp\/v2\/product_cat?post=720448"},{"taxonomy":"product_tag","embeddable":true,"href":"https:\/\/roveyayinevi.com.tr\/index.php\/wp-json\/wp\/v2\/product_tag?post=720448"}],"curies":[{"name":"wp","href":"https:\/\/api.w.org\/{rel}","templated":true}]}}