{"id":720442,"date":"2025-08-27T18:36:12","date_gmt":"2025-08-27T15:36:12","guid":{"rendered":"https:\/\/roveyayinevi.com.tr\/index.php\/urun\/efsane-tayfa-5-izci-kampinda-panik\/"},"modified":"2026-04-16T02:28:37","modified_gmt":"2026-04-15T23:28:37","slug":"efsane-tayfa-5-izci-kampinda-panik","status":"publish","type":"product","link":"https:\/\/roveyayinevi.com.tr\/index.php\/urun\/efsane-tayfa-5-izci-kampinda-panik\/","title":{"rendered":"Efsane Tayfa 5 &#8211; \u0130zci Kamp\u0131nda Panik"},"content":{"rendered":"<p>Efsane Tayfa\u2019n\u0131n birbirinden e\u011flenceli maceralar\u0131 devam ediyor. Tayfa \u015fimdi izci kamp\u0131nda\u2026 Oymakba\u015f\u0131 kim olacak acaba?Berkay\u2019\u0131n day\u0131s\u0131n\u0131n yurt d\u0131\u015f\u0131ndan getirdi\u011fi lezzetli mi lezzetli \u00e7ikolata e\u015fli\u011finde oymakba\u015f\u0131n\u0131 se\u00e7meye \u00e7al\u0131\u015fan tayfa, t\u00fcm okulla birlikte ormana do\u011fru yola \u00e7\u0131kar. \u00dcstelik yanlar\u0131nda en sevdikleri k\u00f6pekleri Koca Y\u00fcrek\u2019le birlikte\u2026Ne zaman g\u00f6z\u00fcn\u00fc kapatsa hayale dalan ve s\u00fcper kahraman olarak uyanan Sarp ile tayfas\u0131, aday izci olarak kamptalar. Ama onlar ger\u00e7ek birer izci olmak istiyorlar. Koca Y\u00fcrek\u2019i yakalayan M\u00fcd\u00fcr Bey\u2019den ka\u00e7maya \u00e7al\u0131\u015fan ve ormanda kaybolan tayfan\u0131n inan\u0131lmaz maceralar\u0131 seni bekliyor. Unutmadan! Sarp hayale dal\u0131nca herkes kendini bir \u00e7izgi roman\u0131n i\u00e7inde buluyor! Haydi gel, e\u011flence seni bekliyor\u2026<\/p>\n","protected":false},"excerpt":{"rendered":"<p>Efsane Tayfa\u2019n\u0131n birbirinden e\u011flenceli maceralar\u0131 devam ediyor. Tayfa \u015fimdi izci kamp\u0131nda\u2026 Oymakba\u015f\u0131 kim olacak acaba?Berkay\u2019\u0131n day\u0131s\u0131n\u0131n yurt d\u0131\u015f\u0131ndan getirdi\u011fi lezzetli mi lezzetli \u00e7ikolata e\u015fli\u011finde oymakba\u015f\u0131n\u0131 se\u00e7meye<span class=\"excerpt-hellip\"> [\u2026]<\/span><\/p>\n","protected":false},"featured_media":0,"template":"","meta":{"_monsterinsights_skip_tracking":false,"_monsterinsights_sitenote_active":false,"_monsterinsights_sitenote_note":"","_monsterinsights_sitenote_category":0},"product_brand":[],"product_cat":[12274,12284],"product_tag":[],"class_list":{"0":"post-720442","1":"product","2":"type-product","3":"status-publish","5":"product_cat-cocuk-ve-genclik-kitaplari","6":"product_cat-hikayeler","7":"pa_cilt-ciltsiz","8":"pa_tur-kitap","9":"pa_yayinevi-mavi-kirpi-yayinlari","10":"pa_yazar-irfan-gurkan-celebi","12":"first","13":"instock","14":"sale","15":"shipping-taxable","16":"purchasable","17":"product-type-simple"},"_links":{"self":[{"href":"https:\/\/roveyayinevi.com.tr\/index.php\/wp-json\/wp\/v2\/product\/720442","targetHints":{"allow":["GET"]}}],"collection":[{"href":"https:\/\/roveyayinevi.com.tr\/index.php\/wp-json\/wp\/v2\/product"}],"about":[{"href":"https:\/\/roveyayinevi.com.tr\/index.php\/wp-json\/wp\/v2\/types\/product"}],"wp:attachment":[{"href":"https:\/\/roveyayinevi.com.tr\/index.php\/wp-json\/wp\/v2\/media?parent=720442"}],"wp:term":[{"taxonomy":"product_brand","embeddable":true,"href":"https:\/\/roveyayinevi.com.tr\/index.php\/wp-json\/wp\/v2\/product_brand?post=720442"},{"taxonomy":"product_cat","embeddable":true,"href":"https:\/\/roveyayinevi.com.tr\/index.php\/wp-json\/wp\/v2\/product_cat?post=720442"},{"taxonomy":"product_tag","embeddable":true,"href":"https:\/\/roveyayinevi.com.tr\/index.php\/wp-json\/wp\/v2\/product_tag?post=720442"}],"curies":[{"name":"wp","href":"https:\/\/api.w.org\/{rel}","templated":true}]}}